{"id":17173,"date":"2025-12-18T14:25:51","date_gmt":"2025-12-18T14:25:51","guid":{"rendered":"https:\/\/sabanadelamartours.com\/?post_type=product&#038;p=17173"},"modified":"2026-01-09T14:23:55","modified_gmt":"2026-01-09T14:23:55","slug":"clase-magistral-de-chocolate","status":"publish","type":"product","link":"https:\/\/sabanadelamartours.com\/es\/visita\/clase-magistral-de-chocolate\/","title":{"rendered":"Clase magistral de chocolate"},"content":{"rendered":"<p>Del\u00e9itese con el arte del chocolate con nuestra exclusiva Master Class Chocolate, una experiencia de lujo que trasciende lo ordinario. Sum\u00e9rjase en el mundo del cacao de primera calidad mientras nuestros expertos chocolateros le gu\u00edan a trav\u00e9s de un viaje pr\u00e1ctico de creaci\u00f3n y descubrimiento.<\/p>\n<p>La artesan\u00eda al descubierto: Profundice en los secretos de la artesan\u00eda del chocolate mientras nuestros experimentados instructores comparten sus conocimientos. Del grano a la tableta, sea testigo del intrincado proceso de transformaci\u00f3n del mejor cacao en deliciosas obras maestras.<\/p>\n<p>Ingredientes exquisitos: S\u00f3lo los mejores ingredientes encuentran su camino en nuestro Chocolate Master Class. Sumerja sus sentidos en el aroma del cacao de alta calidad procedente de regiones de renombre, que garantiza una experiencia chocolatera inigualable.<\/p>\n<p>\ud83d\udc69\u200d\ud83c\udf73 Dominio pr\u00e1ctico: Sea el centro de atenci\u00f3n en nuestro moderno laboratorio de chocolate. Participe en sesiones pr\u00e1cticas y domine el arte del templado, el moldeado y la infusi\u00f3n de sabores. Esta es su oportunidad de crear creaciones de chocolate tan \u00fanicas como usted.<\/p>\n<p>\ud83c\udf10 Sabores del mundo: Emb\u00e1rcate en un viaje alrededor del mundo a trav\u00e9s del chocolate. Explore los diversos y ex\u00f3ticos sabores que puede infundir en sus creaciones, elevando su repertorio de chocolate a nuevas cotas.<\/p>\n<p>\ud83c\udf93 Orientaci\u00f3n personalizada: Tanto si eres un principiante como un chocolatero experimentado, nuestra Master Class se adapta a todos los niveles de habilidad. Recibir\u00e1s orientaci\u00f3n personalizada y consejos adaptados a tu nivel, lo que te garantizar\u00e1 una experiencia gratificante y educativa.<\/p>\n<p>\ud83c\udfc6 Perfecto para cualquier ocasi\u00f3n: Tanto si se trata de una aventura en solitario como de una celebraci\u00f3n en grupo, nuestra Master Class Chocolate es perfecta para cumplea\u00f1os, eventos de creaci\u00f3n de equipos o simplemente para satisfacer tu pasi\u00f3n por los chocolates exquisitos.<\/p>\n<p>\u2696\ufe0f Equilibrio entre seguridad y diversi\u00f3n: Su seguridad es nuestra prioridad. Le garantizamos que hemos aplicado rigurosas medidas de seguridad para ofrecerle un entorno agradable y sin preocupaciones, que le permita centrarse en el placer de crear y saborear chocolate.<\/p>\n<p>Eleve sus habilidades chocolateras a nuevas cotas. Participe en la Master Class Chocolate y descubra los secretos de la elaboraci\u00f3n de creaciones de chocolate indulgentes e inolvidables. Reserve ya su plaza para vivir una experiencia que va m\u00e1s all\u00e1 de lo ordinario y que le dejar\u00e1 dulces recuerdos y deliciosos manjares.<\/p>","protected":false},"excerpt":{"rendered":"<div data-track=\"overview\" data-v-83a2b402=\"\">\n<section id=\"activity-overview\" class=\"activity-overview\" data-component=\"overview\" data-v-83a2b402=\"\" data-v-f3236c42=\"\">\n<p class=\"activity-overview__content\" data-test-id=\"activity-overview-content\" data-v-f3236c42=\"\">Orientaci\u00f3n experta: Aprenda de chocolateros experimentados con a\u00f1os de experiencia en el sector Ingredientes de primera calidad: Trabaje con cacao de la mejor calidad procedente de empresas de renombre Experiencia pr\u00e1ctica<\/p>\n<\/section>\n<\/div>\n<div data-track=\"key-details\" data-v-83a2b402=\"\"><\/div>","protected":false},"featured_media":17215,"template":"","meta":[],"product_brand":[],"product_cat":[97],"product_tag":[101,102],"class_list":{"0":"post-17173","1":"product","2":"type-product","3":"status-publish","4":"has-post-thumbnail","6":"product_cat-dominican-republic","7":"product_tag-excursion","8":"product_tag-tour","10":"first","11":"instock","12":"shipping-taxable","13":"product-type-external"},"_links":{"self":[{"href":"https:\/\/sabanadelamartours.com\/es\/wp-json\/wp\/v2\/product\/17173","targetHints":{"allow":["GET"]}}],"collection":[{"href":"https:\/\/sabanadelamartours.com\/es\/wp-json\/wp\/v2\/product"}],"about":[{"href":"https:\/\/sabanadelamartours.com\/es\/wp-json\/wp\/v2\/types\/product"}],"version-history":[{"count":1,"href":"https:\/\/sabanadelamartours.com\/es\/wp-json\/wp\/v2\/product\/17173\/revisions"}],"predecessor-version":[{"id":18771,"href":"https:\/\/sabanadelamartours.com\/es\/wp-json\/wp\/v2\/product\/17173\/revisions\/18771"}],"wp:featuredmedia":[{"embeddable":true,"href":"https:\/\/sabanadelamartours.com\/es\/wp-json\/wp\/v2\/media\/17215"}],"wp:attachment":[{"href":"https:\/\/sabanadelamartours.com\/es\/wp-json\/wp\/v2\/media?parent=17173"}],"wp:term":[{"taxonomy":"product_brand","embeddable":true,"href":"https:\/\/sabanadelamartours.com\/es\/wp-json\/wp\/v2\/product_brand?post=17173"},{"taxonomy":"product_cat","embeddable":true,"href":"https:\/\/sabanadelamartours.com\/es\/wp-json\/wp\/v2\/product_cat?post=17173"},{"taxonomy":"product_tag","embeddable":true,"href":"https:\/\/sabanadelamartours.com\/es\/wp-json\/wp\/v2\/product_tag?post=17173"}],"curies":[{"name":"wp","href":"https:\/\/api.w.org\/{rel}","templated":true}]}}