{"id":17246,"date":"2025-12-18T14:28:52","date_gmt":"2025-12-18T14:28:52","guid":{"rendered":"https:\/\/sabanadelamartours.com\/?post_type=product&#038;p=17246"},"modified":"2026-01-09T14:28:48","modified_gmt":"2026-01-09T14:28:48","slug":"visita-a-altos-de-chavon-desde-punta-cana","status":"publish","type":"product","link":"https:\/\/sabanadelamartours.com\/es\/visita\/visita-a-altos-de-chavon-desde-punta-cana\/","title":{"rendered":"Visita A Altos De Chav\u00f3n Desde Punta Cana"},"content":{"rendered":"<p>Emb\u00e1rquese en una aventura inolvidable mientras nos sumergimos en la impresionante belleza que nos rodea. Cada paso que damos nos llena el coraz\u00f3n de emoci\u00f3n y los ojos de vistas sobrecogedoras. Ascendiendo a la cima de la colina, nos espera el pintoresco pueblo, enclavado junto al r\u00edo Chav\u00f3n. La vista panor\u00e1mica del pr\u00edstino r\u00edo y sus intactos alrededores le dejar\u00e1n sin aliento.<\/p>\n<p>Pasearemos por las estrechas callejuelas empedradas del cautivador pueblo de Altos de Chav\u00f3n, transport\u00e1ndonos en el tiempo. Las casas de aspecto antiguo susurran historias de \u00e9pocas pasadas, mientras que la iglesia y las fuentes crean un ambiente m\u00e1gico. Pero eso no es todo: nuestro destino tambi\u00e9n nos descubre un anfiteatro romano, un centro cultural y un museo arqueol\u00f3gico.<\/p>\n<p>Prep\u00e1rese para una experiencia estimulante que le remover\u00e1 el alma. Cada rinc\u00f3n de este encantador lugar rebosa emoci\u00f3n y descubrimiento. Siente la energ\u00eda hist\u00f3rica corriendo por tus venas mientras exploramos juntos las maravillas de Altos de Chav\u00f3n.<\/p>","protected":false},"excerpt":{"rendered":"<div data-track=\"overview\" data-v-83a2b402=\"\">\n<section id=\"activity-overview\" class=\"activity-overview\" data-component=\"overview\" data-v-83a2b402=\"\" data-v-f3236c42=\"\">\n<p class=\"activity-overview__content\" data-test-id=\"activity-overview-content\" data-v-f3236c42=\"\">\u00a1Una ciudad de artistas de fama mundial! Esta villa de estilo mediterr\u00e1neo, encaramada sobre el majestuoso r\u00edo Chav\u00f3n en la Rep\u00fablica Dominicana, le invita a experimentar su irresistible encanto.<\/p>\n<\/section>\n<\/div>\n<div data-track=\"key-details\" data-v-83a2b402=\"\"><\/div>","protected":false},"featured_media":17300,"template":"","meta":[],"product_brand":[],"product_cat":[97],"product_tag":[101,102],"class_list":{"0":"post-17246","1":"product","2":"type-product","3":"status-publish","4":"has-post-thumbnail","6":"product_cat-dominican-republic","7":"product_tag-excursion","8":"product_tag-tour","10":"first","11":"instock","12":"sale","13":"shipping-taxable","14":"product-type-external"},"_links":{"self":[{"href":"https:\/\/sabanadelamartours.com\/es\/wp-json\/wp\/v2\/product\/17246","targetHints":{"allow":["GET"]}}],"collection":[{"href":"https:\/\/sabanadelamartours.com\/es\/wp-json\/wp\/v2\/product"}],"about":[{"href":"https:\/\/sabanadelamartours.com\/es\/wp-json\/wp\/v2\/types\/product"}],"version-history":[{"count":1,"href":"https:\/\/sabanadelamartours.com\/es\/wp-json\/wp\/v2\/product\/17246\/revisions"}],"predecessor-version":[{"id":18773,"href":"https:\/\/sabanadelamartours.com\/es\/wp-json\/wp\/v2\/product\/17246\/revisions\/18773"}],"wp:featuredmedia":[{"embeddable":true,"href":"https:\/\/sabanadelamartours.com\/es\/wp-json\/wp\/v2\/media\/17300"}],"wp:attachment":[{"href":"https:\/\/sabanadelamartours.com\/es\/wp-json\/wp\/v2\/media?parent=17246"}],"wp:term":[{"taxonomy":"product_brand","embeddable":true,"href":"https:\/\/sabanadelamartours.com\/es\/wp-json\/wp\/v2\/product_brand?post=17246"},{"taxonomy":"product_cat","embeddable":true,"href":"https:\/\/sabanadelamartours.com\/es\/wp-json\/wp\/v2\/product_cat?post=17246"},{"taxonomy":"product_tag","embeddable":true,"href":"https:\/\/sabanadelamartours.com\/es\/wp-json\/wp\/v2\/product_tag?post=17246"}],"curies":[{"name":"wp","href":"https:\/\/api.w.org\/{rel}","templated":true}]}}