{"id":17355,"date":"2025-12-18T14:33:19","date_gmt":"2025-12-18T14:33:19","guid":{"rendered":"https:\/\/sabanadelamartours.com\/?post_type=product&#038;p=17355"},"modified":"2026-01-09T14:41:41","modified_gmt":"2026-01-09T14:41:41","slug":"excursion-en-buggy-y-parasailing","status":"publish","type":"product","link":"https:\/\/sabanadelamartours.com\/es\/visita\/excursion-en-buggy-y-parasailing\/","title":{"rendered":"Excursi\u00f3n en buggy y experiencia en parapente"},"content":{"rendered":"<p>stas excursiones son de excelencia para disfrutar en la naturaleza... para toda la familia y la juventud en diversi\u00f3n A la hora que elijas, te recogeremos en tu hotel de Punta Cana y te llevaremos a las c\u00e1lidas aguas del Mar Caribe para vivir una aut\u00e9ntica aventura de parasailing. \u00bfEst\u00e1 preparado?<\/p>\n<p>Le recogeremos en su lugar de recogida por la ma\u00f1ana de 7:30 a 8:00 para que a las 14:00 est\u00e9 en su hotel con las dos excursiones realizadas.<\/p>\n<p>La excursi\u00f3n de parasailing puede presentar un peque\u00f1o retraso si el viento no es estable y seguro para volar. Por su seguridad siempre esperaremos que el viento est\u00e9 en sus mejores condiciones para que su excursi\u00f3n se realice con toda la seguridad requerida.<\/p>","protected":false},"excerpt":{"rendered":"<div data-track=\"overview\" data-v-83a2b402=\"\">\n<section id=\"activity-overview\" class=\"activity-overview\" data-component=\"overview\" data-v-83a2b402=\"\" data-v-f3236c42=\"\">\n<p class=\"activity-overview__content\" data-test-id=\"activity-overview-content\" data-v-f3236c42=\"\">Disfrute de dos excursiones al reservar 1. paseos en buggy de aventura y despu\u00e9s disfrute del parasailing a 60 metros de altura. un d\u00eda de aventura<\/p>\n<\/section>\n<\/div>\n<div data-track=\"key-details\" data-v-83a2b402=\"\"><\/div>","protected":false},"featured_media":17496,"template":"","meta":[],"product_brand":[],"product_cat":[97],"product_tag":[101,102],"class_list":{"0":"post-17355","1":"product","2":"type-product","3":"status-publish","4":"has-post-thumbnail","6":"product_cat-dominican-republic","7":"product_tag-excursion","8":"product_tag-tour","10":"first","11":"instock","12":"shipping-taxable","13":"product-type-external"},"_links":{"self":[{"href":"https:\/\/sabanadelamartours.com\/es\/wp-json\/wp\/v2\/product\/17355","targetHints":{"allow":["GET"]}}],"collection":[{"href":"https:\/\/sabanadelamartours.com\/es\/wp-json\/wp\/v2\/product"}],"about":[{"href":"https:\/\/sabanadelamartours.com\/es\/wp-json\/wp\/v2\/types\/product"}],"version-history":[{"count":1,"href":"https:\/\/sabanadelamartours.com\/es\/wp-json\/wp\/v2\/product\/17355\/revisions"}],"predecessor-version":[{"id":18779,"href":"https:\/\/sabanadelamartours.com\/es\/wp-json\/wp\/v2\/product\/17355\/revisions\/18779"}],"wp:featuredmedia":[{"embeddable":true,"href":"https:\/\/sabanadelamartours.com\/es\/wp-json\/wp\/v2\/media\/17496"}],"wp:attachment":[{"href":"https:\/\/sabanadelamartours.com\/es\/wp-json\/wp\/v2\/media?parent=17355"}],"wp:term":[{"taxonomy":"product_brand","embeddable":true,"href":"https:\/\/sabanadelamartours.com\/es\/wp-json\/wp\/v2\/product_brand?post=17355"},{"taxonomy":"product_cat","embeddable":true,"href":"https:\/\/sabanadelamartours.com\/es\/wp-json\/wp\/v2\/product_cat?post=17355"},{"taxonomy":"product_tag","embeddable":true,"href":"https:\/\/sabanadelamartours.com\/es\/wp-json\/wp\/v2\/product_tag?post=17355"}],"curies":[{"name":"wp","href":"https:\/\/api.w.org\/{rel}","templated":true}]}}