{"id":17494,"date":"2025-12-18T14:39:55","date_gmt":"2025-12-18T14:39:55","guid":{"rendered":"https:\/\/sabanadelamartours.com\/?post_type=product&#038;p=17494"},"modified":"2026-01-09T14:53:30","modified_gmt":"2026-01-09T14:53:30","slug":"chef-privado-experiencia-culinaria-unica-en-punta-cana","status":"publish","type":"product","link":"https:\/\/sabanadelamartours.com\/es\/visita\/chef-privado-experiencia-culinaria-unica-en-punta-cana\/","title":{"rendered":"Chef privado: Experiencia culinaria \u00fanica en Punta Cana"},"content":{"rendered":"<p>\u00bfBusca la experiencia culinaria definitiva para que su estancia en Punta Cana sea a\u00fan m\u00e1s memorable? Tanto si quiere sorprender a su pareja, celebrar una ocasi\u00f3n especial o simplemente pasar una velada inolvidable con amigos o familiares, nuestra experiencia \u00fanica con chef privado es una experiencia que no debe perderse.<\/p>\n<p>Con muchos a\u00f1os de experiencia a nuestras espaldas y cientos de clientes asombrados en algunos de los mejores hoteles\/restaurantes de Punta Cana, ahora es su turno. Llevaremos el lujo y el glamour de un restaurante de 5 estrellas a la privacidad y comodidad de su hogar y le ayudaremos a crear recuerdos para toda la vida con sus seres queridos.<\/p>\n<p>Nuestro chef llegar\u00e1 a su casa con todos los ingredientes necesarios para cocinar su deliciosa comida. Si desea ayudar a cocinar la comida con \u00e9l (siempre tiene un delantal extra) o simplemente relajarse y disfrutar de tiempo de calidad con sus invitados, es totalmente de usted.<\/p>\n<p>Nuestro chef servir\u00e1 todas las comidas y le mostrar\u00e1 los secretos de cada delicioso plato y no se preocupe, tambi\u00e9n limpiar\u00e1 antes de marcharse para que disfrute de una experiencia completamente libre de estr\u00e9s.<\/p>\n<p>*Disfrute de una comida tradicional dominicana de 4 platos preparada por su chef personal. Comience el fest\u00edn con bollitos de yuca (bolas fritas rellenas de queso) seguidos de una cl\u00e1sica ensalada de aguacate y, a continuaci\u00f3n, el tradicional arroz con habichuelas y pollo. Termine la velada con un dulce flan de leche.<\/p>\n<p>Si lo desea, puede acompa\u00f1ar toda la comida con una excelente botella de vino.<\/p>\n<p>PS - Se requiere un m\u00ednimo de 2 invitados para esta experiencia.<\/p>\n<p>\u00a1Buen provecho!<\/p>","protected":false},"excerpt":{"rendered":"<div data-track=\"overview\" data-v-83a2b402=\"\">\n<section id=\"activity-overview\" class=\"activity-overview\" data-component=\"overview\" data-v-83a2b402=\"\" data-v-f3236c42=\"\">\n<p class=\"activity-overview__content\" data-test-id=\"activity-overview-content\" data-v-f3236c42=\"\">Experimente el viaje culinario definitivo con nuestro servicio de chef privado. Perfecto para una velada rom\u00e1ntica u ocasiones especiales, nuestro experimentado chef lleva a su casa el lujo de un restaurante de 5 estrellas.<\/p>\n<\/section>\n<\/div>\n<div data-track=\"key-details\" data-v-83a2b402=\"\"><\/div>","protected":false},"featured_media":17673,"template":"","meta":[],"product_brand":[],"product_cat":[97],"product_tag":[101,102],"class_list":{"0":"post-17494","1":"product","2":"type-product","3":"status-publish","4":"has-post-thumbnail","6":"product_cat-dominican-republic","7":"product_tag-excursion","8":"product_tag-tour","10":"first","11":"instock","12":"shipping-taxable","13":"product-type-external"},"_links":{"self":[{"href":"https:\/\/sabanadelamartours.com\/es\/wp-json\/wp\/v2\/product\/17494","targetHints":{"allow":["GET"]}}],"collection":[{"href":"https:\/\/sabanadelamartours.com\/es\/wp-json\/wp\/v2\/product"}],"about":[{"href":"https:\/\/sabanadelamartours.com\/es\/wp-json\/wp\/v2\/types\/product"}],"version-history":[{"count":1,"href":"https:\/\/sabanadelamartours.com\/es\/wp-json\/wp\/v2\/product\/17494\/revisions"}],"predecessor-version":[{"id":18790,"href":"https:\/\/sabanadelamartours.com\/es\/wp-json\/wp\/v2\/product\/17494\/revisions\/18790"}],"wp:featuredmedia":[{"embeddable":true,"href":"https:\/\/sabanadelamartours.com\/es\/wp-json\/wp\/v2\/media\/17673"}],"wp:attachment":[{"href":"https:\/\/sabanadelamartours.com\/es\/wp-json\/wp\/v2\/media?parent=17494"}],"wp:term":[{"taxonomy":"product_brand","embeddable":true,"href":"https:\/\/sabanadelamartours.com\/es\/wp-json\/wp\/v2\/product_brand?post=17494"},{"taxonomy":"product_cat","embeddable":true,"href":"https:\/\/sabanadelamartours.com\/es\/wp-json\/wp\/v2\/product_cat?post=17494"},{"taxonomy":"product_tag","embeddable":true,"href":"https:\/\/sabanadelamartours.com\/es\/wp-json\/wp\/v2\/product_tag?post=17494"}],"curies":[{"name":"wp","href":"https:\/\/api.w.org\/{rel}","templated":true}]}}