{"id":17613,"date":"2025-12-18T14:44:41","date_gmt":"2025-12-18T14:44:41","guid":{"rendered":"https:\/\/sabanadelamartours.com\/?post_type=product&#038;p=17613"},"modified":"2026-02-14T02:17:14","modified_gmt":"2026-02-14T02:17:14","slug":"traslados-y-taxis-monkey-land-en-puerto-plata","status":"publish","type":"product","link":"https:\/\/sabanadelamartours.com\/es\/visita\/traslados-y-taxis-monkey-land-en-puerto-plata\/","title":{"rendered":"Traslados y taxis Monkey land en puerto plata"},"content":{"rendered":"<p>Pasee por el colorido jard\u00edn bot\u00e1nico e identifique plantas medicinales, flores y \u00e1rboles frutales aut\u00f3ctonos de la Rep\u00fablica Dominicana.                Interact\u00fae muy cerca de nuestros hermosos monos ardilla en Monkeyland.                                                                                                      Observe a los monos en un entorno natural que ofrece espectaculares vistas de las monta\u00f1as.                                                                            Al final de este agradable y sorprendente recorrido, pase por nuestra tienda de regalos Monkeyland.                                                                                      Visite una plantaci\u00f3n de caf\u00e9 y cacao. Visite una casa t\u00edpica y vea c\u00f3mo viven los lugare\u00f1os. Pasee por el colorido jard\u00edn bot\u00e1nico e identifique plantas medicinales, flores y \u00e1rboles frutales aut\u00f3ctonos de la Rep\u00fablica Dominicana. Interact\u00fae de cerca con nuestros hermosos monos ardilla en Monkeyland. Observe a los monos en un entorno natural que ofrece espectaculares vistas de las monta\u00f1as. Al final de este agradable y sorprendente recorrido, pase por nuestra tienda de regalos Monkeyland. Visite una plantaci\u00f3n de caf\u00e9 y cacao. Visite una casa t\u00edpica y vea c\u00f3mo viven los lugare\u00f1os.<\/p>","protected":false},"excerpt":{"rendered":"<div data-track=\"overview\" data-v-83a2b402=\"\">\n<section id=\"activity-overview\" class=\"activity-overview\" data-component=\"overview\" data-v-83a2b402=\"\" data-v-f3236c42=\"\">\n<p class=\"activity-overview__content\" data-test-id=\"activity-overview-content\" data-v-f3236c42=\"\">Pasee por el colorido jard\u00edn bot\u00e1nico e identifique plantas medicinales, flores y \u00e1rboles frutales aut\u00f3ctonos de la Rep\u00fablica Dominicana.<\/p>\n<\/section>\n<\/div>\n<div data-track=\"key-details\" data-v-83a2b402=\"\"><\/div>","protected":false},"featured_media":17794,"template":"","meta":[],"product_brand":[],"product_cat":[97],"product_tag":[101,102],"class_list":{"0":"post-17613","1":"product","2":"type-product","3":"status-publish","4":"has-post-thumbnail","6":"product_cat-dominican-republic","7":"product_tag-excursion","8":"product_tag-tour","10":"first","11":"instock","12":"shipping-taxable","13":"product-type-external"},"_links":{"self":[{"href":"https:\/\/sabanadelamartours.com\/es\/wp-json\/wp\/v2\/product\/17613","targetHints":{"allow":["GET"]}}],"collection":[{"href":"https:\/\/sabanadelamartours.com\/es\/wp-json\/wp\/v2\/product"}],"about":[{"href":"https:\/\/sabanadelamartours.com\/es\/wp-json\/wp\/v2\/types\/product"}],"version-history":[{"count":1,"href":"https:\/\/sabanadelamartours.com\/es\/wp-json\/wp\/v2\/product\/17613\/revisions"}],"predecessor-version":[{"id":19144,"href":"https:\/\/sabanadelamartours.com\/es\/wp-json\/wp\/v2\/product\/17613\/revisions\/19144"}],"wp:featuredmedia":[{"embeddable":true,"href":"https:\/\/sabanadelamartours.com\/es\/wp-json\/wp\/v2\/media\/17794"}],"wp:attachment":[{"href":"https:\/\/sabanadelamartours.com\/es\/wp-json\/wp\/v2\/media?parent=17613"}],"wp:term":[{"taxonomy":"product_brand","embeddable":true,"href":"https:\/\/sabanadelamartours.com\/es\/wp-json\/wp\/v2\/product_brand?post=17613"},{"taxonomy":"product_cat","embeddable":true,"href":"https:\/\/sabanadelamartours.com\/es\/wp-json\/wp\/v2\/product_cat?post=17613"},{"taxonomy":"product_tag","embeddable":true,"href":"https:\/\/sabanadelamartours.com\/es\/wp-json\/wp\/v2\/product_tag?post=17613"}],"curies":[{"name":"wp","href":"https:\/\/api.w.org\/{rel}","templated":true}]}}