{"id":17650,"date":"2025-12-18T14:46:35","date_gmt":"2025-12-18T14:46:35","guid":{"rendered":"https:\/\/sabanadelamartours.com\/?post_type=product&#038;p=17650"},"modified":"2026-01-09T15:02:52","modified_gmt":"2026-01-09T15:02:52","slug":"visita-privada-a-pie-de-la-ciudad-de-santo-domingo","status":"publish","type":"product","link":"https:\/\/sabanadelamartours.com\/es\/visita\/visita-privada-a-pie-de-la-ciudad-de-santo-domingo\/","title":{"rendered":"Santo Domingo: City Tour Privado a pie"},"content":{"rendered":"<p>Aqu\u00ed se construy\u00f3 la primera Catedral, se santific\u00f3 el primer Obispo, residi\u00f3 el primer Gobernador y se abri\u00f3 el primer hospital. La ciudad posee numerosos atributos culturales y sitios arquitect\u00f3nicos de inter\u00e9s, como ning\u00fan otro lugar de la isla La Espa\u00f1ola.<\/p>\n<div class=\"toggle-content__content toggle-content__content--expanded toggle-content__content--packable\" data-v-59485d64=\"\">\n<div data-test-id=\"activity-full-description-text\" data-v-5835c99c=\"\">The walking tour starts in the historic colonial part of the city, which is a recognized Unesco World Heritage Site. The trip is perfectly suited for all those wanting to learn more about the historical origins of the New World. During the stroll, visit the first Cathedral, the first univrsity, the fortress and the Palace of Justice. Enjoy a walk on Calle Las Damas, the first cobblestone street, and see the first hospital, the first shipyard and the first viceregal palace of the American Continent. Explore some of the most important museums, squares and landmarks and take this special opportunity to take some unique pictures.<\/div>\n<\/div>\n<div class=\"toggle-content__label-placeholder\" data-v-59485d64=\"\"><\/div>","protected":false},"excerpt":{"rendered":"<div data-track=\"overview\" data-v-83a2b402=\"\">\n<section id=\"activity-overview\" class=\"activity-overview\" data-component=\"overview\" data-v-83a2b402=\"\" data-v-f3236c42=\"\">\n<p class=\"activity-overview__content\" data-test-id=\"activity-overview-content\" data-v-f3236c42=\"\">Experience the historic sights of Santo Domingo, the first European city in the Americas. Visit the Zona Colonial and its cultural attractions.<\/p>\n<\/section>\n<\/div>\n<div data-track=\"key-details\" data-v-83a2b402=\"\"><\/div>","protected":false},"featured_media":17821,"template":"","meta":[],"product_brand":[],"product_cat":[97],"product_tag":[101,102],"class_list":{"0":"post-17650","1":"product","2":"type-product","3":"status-publish","4":"has-post-thumbnail","6":"product_cat-dominican-republic","7":"product_tag-excursion","8":"product_tag-tour","10":"first","11":"instock","12":"shipping-taxable","13":"product-type-external"},"_links":{"self":[{"href":"https:\/\/sabanadelamartours.com\/es\/wp-json\/wp\/v2\/product\/17650","targetHints":{"allow":["GET"]}}],"collection":[{"href":"https:\/\/sabanadelamartours.com\/es\/wp-json\/wp\/v2\/product"}],"about":[{"href":"https:\/\/sabanadelamartours.com\/es\/wp-json\/wp\/v2\/types\/product"}],"version-history":[{"count":1,"href":"https:\/\/sabanadelamartours.com\/es\/wp-json\/wp\/v2\/product\/17650\/revisions"}],"predecessor-version":[{"id":18795,"href":"https:\/\/sabanadelamartours.com\/es\/wp-json\/wp\/v2\/product\/17650\/revisions\/18795"}],"wp:featuredmedia":[{"embeddable":true,"href":"https:\/\/sabanadelamartours.com\/es\/wp-json\/wp\/v2\/media\/17821"}],"wp:attachment":[{"href":"https:\/\/sabanadelamartours.com\/es\/wp-json\/wp\/v2\/media?parent=17650"}],"wp:term":[{"taxonomy":"product_brand","embeddable":true,"href":"https:\/\/sabanadelamartours.com\/es\/wp-json\/wp\/v2\/product_brand?post=17650"},{"taxonomy":"product_cat","embeddable":true,"href":"https:\/\/sabanadelamartours.com\/es\/wp-json\/wp\/v2\/product_cat?post=17650"},{"taxonomy":"product_tag","embeddable":true,"href":"https:\/\/sabanadelamartours.com\/es\/wp-json\/wp\/v2\/product_tag?post=17650"}],"curies":[{"name":"wp","href":"https:\/\/api.w.org\/{rel}","templated":true}]}}