{"id":17687,"date":"2025-12-18T14:47:48","date_gmt":"2025-12-18T14:47:48","guid":{"rendered":"https:\/\/sabanadelamartours.com\/?post_type=product&#038;p=17687"},"modified":"2026-01-10T16:11:39","modified_gmt":"2026-01-10T16:11:39","slug":"punta-cana-wild-buggy-rompe-la-pista-con-la-proteccion-de-extramas","status":"publish","type":"product","link":"https:\/\/sabanadelamartours.com\/es\/visita\/punta-cana-wild-buggy-rompe-la-pista-con-la-proteccion-de-extramas\/","title":{"rendered":"PUNTA CANA WILD BUGGY ROMPE LA PISTA CON LA PROTECCI\u00d3N DE EXTRAMAS"},"content":{"rendered":"<p>Tras recogerte en tu hotel, nos dirigiremos al interior de Punta Cana. Rodeados de plantaciones de caf\u00e9 y cacao, te explicaremos la ruta que seguiremos y todo lo que necesitas saber para conducir un buggy.<\/p>\n<p>Arrancaremos los motores y comenzaremos una emocionante ruta a trav\u00e9s de senderos cubiertos de barro, cafetales y colinas. Pasaremos por el cauce de un r\u00edo y sentiremos la emoci\u00f3n de avanzar campo a trav\u00e9s.<\/p>\n<p>The first stop will be Macao Beach. Far from the big hotels and the most touristy areas, this paradise will welcome us with its clear sand and crystal clear waters. Who would like a bath?<\/p>\n<p>We will have time to walk and immerse ourselves in the Sea Caribbean.<\/p>\n<p>We will continue the buggy route towards the so-called Indigenous Springs. There we will discover one of the most idyllic cenotes in Punta Cana. We will get out of the vehicles and have half an hour to explore this underground pool. Let&#8217;s swim in its turquoise waters! Finally, we will leave the buggies and accompany you back to your accommodation to conclude the excursion after four hours of experience.<\/p>","protected":false},"excerpt":{"rendered":"<div data-track=\"overview\" data-v-83a2b402=\"\">\n<section id=\"activity-overview\" class=\"activity-overview\" data-component=\"overview\" data-v-83a2b402=\"\" data-v-f3236c42=\"\">\n<p class=\"activity-overview__content\" data-test-id=\"activity-overview-content\" data-v-f3236c42=\"\">Emotions in a wild buggy: Live the extreme experience of the buggy, with your family and friends in Punta Cana, feel the adrenaline of a buggy through the cave of Macao beach and with great safety<\/p>\n<\/section>\n<\/div>\n<div data-track=\"key-details\" data-v-83a2b402=\"\"><\/div>","protected":false},"featured_media":17861,"template":"","meta":[],"product_brand":[],"product_cat":[97],"product_tag":[101,102],"class_list":{"0":"post-17687","1":"product","2":"type-product","3":"status-publish","4":"has-post-thumbnail","6":"product_cat-dominican-republic","7":"product_tag-excursion","8":"product_tag-tour","10":"first","11":"instock","12":"shipping-taxable","13":"product-type-external"},"_links":{"self":[{"href":"https:\/\/sabanadelamartours.com\/es\/wp-json\/wp\/v2\/product\/17687","targetHints":{"allow":["GET"]}}],"collection":[{"href":"https:\/\/sabanadelamartours.com\/es\/wp-json\/wp\/v2\/product"}],"about":[{"href":"https:\/\/sabanadelamartours.com\/es\/wp-json\/wp\/v2\/types\/product"}],"version-history":[{"count":1,"href":"https:\/\/sabanadelamartours.com\/es\/wp-json\/wp\/v2\/product\/17687\/revisions"}],"predecessor-version":[{"id":18808,"href":"https:\/\/sabanadelamartours.com\/es\/wp-json\/wp\/v2\/product\/17687\/revisions\/18808"}],"wp:featuredmedia":[{"embeddable":true,"href":"https:\/\/sabanadelamartours.com\/es\/wp-json\/wp\/v2\/media\/17861"}],"wp:attachment":[{"href":"https:\/\/sabanadelamartours.com\/es\/wp-json\/wp\/v2\/media?parent=17687"}],"wp:term":[{"taxonomy":"product_brand","embeddable":true,"href":"https:\/\/sabanadelamartours.com\/es\/wp-json\/wp\/v2\/product_brand?post=17687"},{"taxonomy":"product_cat","embeddable":true,"href":"https:\/\/sabanadelamartours.com\/es\/wp-json\/wp\/v2\/product_cat?post=17687"},{"taxonomy":"product_tag","embeddable":true,"href":"https:\/\/sabanadelamartours.com\/es\/wp-json\/wp\/v2\/product_tag?post=17687"}],"curies":[{"name":"wp","href":"https:\/\/api.w.org\/{rel}","templated":true}]}}