{"id":17701,"date":"2025-12-18T14:48:19","date_gmt":"2025-12-18T14:48:19","guid":{"rendered":"https:\/\/sabanadelamartours.com\/?post_type=product&#038;p=17701"},"modified":"2026-01-09T05:35:44","modified_gmt":"2026-01-09T05:35:44","slug":"excursion-en-buggie-breef-safari-cueva-del-rio-y-playa-de-macao","status":"publish","type":"product","link":"https:\/\/sabanadelamartours.com\/es\/visita\/excursion-en-buggie-breef-safari-cueva-del-rio-y-playa-de-macao\/","title":{"rendered":"Puerto Plata: Ocean World Adventure Park Nado con Delfines"},"content":{"rendered":"<p>Nade de cerca con 2 juguetones delfines en esta aventura VIP. Su experiencia comienza con una breve charla para aprender sobre estas maravillosas criaturas marinas. A continuaci\u00f3n, s\u00fabase para recibir un beso, un abrazo y disfrutar de un incre\u00edble paseo por la laguna encima de una tabla de boogie, recuerdos incre\u00edbles que durar\u00e1n para siempre. Durante su visita practique snorkel en un acuario de arrecife de coral, d\u00e9 de comer a los agapornis y disfrute de un pu\u00f1ado de actividades sin coste adicional.<\/p>","protected":false},"excerpt":{"rendered":"<div data-track=\"overview\" data-v-83a2b402=\"\">\n<section id=\"activity-overview\" class=\"activity-overview\" data-component=\"overview\" data-v-83a2b402=\"\" data-v-f3236c42=\"\">\n<p class=\"activity-overview__content\" data-test-id=\"activity-overview-content\" data-v-f3236c42=\"\">Tenga la oportunidad de jugar con 2 delfines en el Ocean World Adventure Park de Puerto Plata. Cabalga por la laguna con los delfines, practica snorkel en un arrecife tropical, observa leones marinos y rel\u00e1jate en Dolphin Beach.<\/p>\n<\/section>\n<\/div>\n<div data-track=\"key-details\" data-v-83a2b402=\"\"><\/div>","protected":false},"featured_media":16207,"template":"","meta":[],"product_brand":[],"product_cat":[97],"product_tag":[101,102],"class_list":{"0":"post-17701","1":"product","2":"type-product","3":"status-publish","4":"has-post-thumbnail","6":"product_cat-dominican-republic","7":"product_tag-excursion","8":"product_tag-tour","10":"first","11":"instock","12":"shipping-taxable","13":"product-type-external"},"_links":{"self":[{"href":"https:\/\/sabanadelamartours.com\/es\/wp-json\/wp\/v2\/product\/17701","targetHints":{"allow":["GET"]}}],"collection":[{"href":"https:\/\/sabanadelamartours.com\/es\/wp-json\/wp\/v2\/product"}],"about":[{"href":"https:\/\/sabanadelamartours.com\/es\/wp-json\/wp\/v2\/types\/product"}],"version-history":[{"count":1,"href":"https:\/\/sabanadelamartours.com\/es\/wp-json\/wp\/v2\/product\/17701\/revisions"}],"predecessor-version":[{"id":18721,"href":"https:\/\/sabanadelamartours.com\/es\/wp-json\/wp\/v2\/product\/17701\/revisions\/18721"}],"wp:featuredmedia":[{"embeddable":true,"href":"https:\/\/sabanadelamartours.com\/es\/wp-json\/wp\/v2\/media\/16207"}],"wp:attachment":[{"href":"https:\/\/sabanadelamartours.com\/es\/wp-json\/wp\/v2\/media?parent=17701"}],"wp:term":[{"taxonomy":"product_brand","embeddable":true,"href":"https:\/\/sabanadelamartours.com\/es\/wp-json\/wp\/v2\/product_brand?post=17701"},{"taxonomy":"product_cat","embeddable":true,"href":"https:\/\/sabanadelamartours.com\/es\/wp-json\/wp\/v2\/product_cat?post=17701"},{"taxonomy":"product_tag","embeddable":true,"href":"https:\/\/sabanadelamartours.com\/es\/wp-json\/wp\/v2\/product_tag?post=17701"}],"curies":[{"name":"wp","href":"https:\/\/api.w.org\/{rel}","templated":true}]}}