{"id":17723,"date":"2025-12-18T14:49:23","date_gmt":"2025-12-18T14:49:23","guid":{"rendered":"https:\/\/sabanadelamartours.com\/?post_type=product&#038;p=17723"},"modified":"2025-12-18T14:57:52","modified_gmt":"2025-12-18T14:57:52","slug":"excursion-cultural-de-medio-dia-por-la-republica-dominicana-en-grupo-reducido","status":"publish","type":"product","link":"https:\/\/sabanadelamartours.com\/es\/visita\/excursion-cultural-de-medio-dia-por-la-republica-dominicana-en-grupo-reducido\/","title":{"rendered":"Grupo reducido: Excursi\u00f3n cultural de medio d\u00eda a la Rep\u00fablica Dominicana"},"content":{"rendered":"<p>Esta excursi\u00f3n es una excelente manera de conocer el lado tradicional de la Rep\u00fablica Dominicana.<\/p>\n<p>Muchos turistas s\u00f3lo ven el lado tur\u00edstico del pa\u00eds, pero este recorrido muestra la historia y la cultura del pa\u00eds.<\/p>\n<p>Comience el d\u00eda en Hig\u00fcey, una de las ciudades m\u00e1s populares del pa\u00eds. All\u00ed visitar\u00e1 el<\/p>\n<p>Bas\u00edlica y Mercado Dominicano, donde conocer\u00e1 mejor la cultura y la sociedad dominicanas.<\/p>\n<p>Despu\u00e9s del almuerzo, es hora de visitar el r\u00edo Anamuya, donde tendr\u00e1 tiempo para nadar, disfrutar de la naturaleza e incluso deslizarse por un tobog\u00e1n natural de 30 metros hasta el r\u00edo.<\/p>\n<p>Itinerario<\/p>\n<p>1. Recogida en el hotel: o Le recogeremos temprano en su hotel en Punta Cana en un c\u00f3modo transporte con aire acondicionado para llevarle a Hig\u00fcey y sus alrededores. 2. Visita a la Bas\u00edlica de Nuestra Se\u00f1ora de la Altagracia: o Comenzaremos el d\u00eda en la majestuosa Bas\u00edlica de Nuestra Se\u00f1ora de la Altagracia. Admire la moderna arquitectura del santuario y conozca el significado religioso y cultural de la Virgen de la Altagracia, patrona de la Rep\u00fablica Dominicana. 3. Recorrido por el Centro Hist\u00f3rico de Hig\u00fcey: o Explore el centro hist\u00f3rico de Hig\u00fcey, donde podr\u00e1 ver la Catedral de Hig\u00fcey y otros hitos hist\u00f3ricos, apreciando la riqueza cultural de la ciudad. 4. Visita al r\u00edo Anamuya: o Dir\u00edjase al r\u00edo Anamuya, un lugar sereno y perfecto para relajarse. Disfrute de un refrescante ba\u00f1o en sus aguas cristalinas o simplemente rel\u00e1jese en la orilla mientras aprecia el paisaje natural. 5. Almuerzo t\u00edpico dominicano: o Despu\u00e9s de la visita al r\u00edo, disfrute de un almuerzo t\u00edpico dominicano preparado con ingredientes frescos y locales. El almuerzo incluye una variedad de platos tradicionales que le permitir\u00e1n experimentar la aut\u00e9ntica cocina dominicana. 6. Tiempo libre para relajarse y explorar: o Despu\u00e9s del almuerzo, tendr\u00e1 tiempo libre para explorar los alrededores, relajarse y disfrutar de la belleza natural de la zona. 7. Regreso a Punta Cana: o Finalmente, regresaremos a su hotel en Punta Cana en nuestro c\u00f3modo y seguro transporte, concluyendo as\u00ed un d\u00eda lleno de cultura, aventura y naturaleza.<\/p>\n<p>Incluye:<\/p>\n<p>Transporte de ida y vuelta desde su hotel en Punta Cana. Gu\u00eda profesional.<\/p>\n<p>Entradas a lugares de inter\u00e9s cultural.<\/p>\n<p>Visita al r\u00edo Anamuya.<\/p>\n<p>Almuerzo t\u00edpico dominicano.<\/p>\n<p>Tiempo libre para explorar y relajarse<\/p>","protected":false},"excerpt":{"rendered":"<div data-track=\"overview\" data-v-83a2b402=\"\">\n<section id=\"activity-overview\" class=\"activity-overview\" data-component=\"overview\" data-v-83a2b402=\"\" data-v-f3236c42=\"\">\n<p class=\"activity-overview__content\" data-test-id=\"activity-overview-content\" data-v-f3236c42=\"\">Descubra la ciudad m\u00e1s popular de la regi\u00f3n oriental de Higuey, donde viven los trabajadores de la hosteler\u00eda. Podr\u00e1s compartir con los lugare\u00f1os y conocer su cultura, gastronom\u00eda y costumbres.<\/p>\n<\/section>\n<\/div>\n<div data-track=\"key-details\" data-v-83a2b402=\"\"><\/div>","protected":false},"featured_media":17905,"template":"","meta":[],"product_brand":[],"product_cat":[97],"product_tag":[101,102],"class_list":{"0":"post-17723","1":"product","2":"type-product","3":"status-publish","4":"has-post-thumbnail","6":"product_cat-dominican-republic","7":"product_tag-excursion","8":"product_tag-tour","10":"first","11":"instock","12":"shipping-taxable","13":"product-type-external"},"_links":{"self":[{"href":"https:\/\/sabanadelamartours.com\/es\/wp-json\/wp\/v2\/product\/17723","targetHints":{"allow":["GET"]}}],"collection":[{"href":"https:\/\/sabanadelamartours.com\/es\/wp-json\/wp\/v2\/product"}],"about":[{"href":"https:\/\/sabanadelamartours.com\/es\/wp-json\/wp\/v2\/types\/product"}],"version-history":[{"count":0,"href":"https:\/\/sabanadelamartours.com\/es\/wp-json\/wp\/v2\/product\/17723\/revisions"}],"wp:featuredmedia":[{"embeddable":true,"href":"https:\/\/sabanadelamartours.com\/es\/wp-json\/wp\/v2\/media\/17905"}],"wp:attachment":[{"href":"https:\/\/sabanadelamartours.com\/es\/wp-json\/wp\/v2\/media?parent=17723"}],"wp:term":[{"taxonomy":"product_brand","embeddable":true,"href":"https:\/\/sabanadelamartours.com\/es\/wp-json\/wp\/v2\/product_brand?post=17723"},{"taxonomy":"product_cat","embeddable":true,"href":"https:\/\/sabanadelamartours.com\/es\/wp-json\/wp\/v2\/product_cat?post=17723"},{"taxonomy":"product_tag","embeddable":true,"href":"https:\/\/sabanadelamartours.com\/es\/wp-json\/wp\/v2\/product_tag?post=17723"}],"curies":[{"name":"wp","href":"https:\/\/api.w.org\/{rel}","templated":true}]}}