{"id":17793,"date":"2025-12-18T14:52:22","date_gmt":"2025-12-18T14:52:22","guid":{"rendered":"https:\/\/sabanadelamartours.com\/?post_type=product&#038;p=17793"},"modified":"2026-01-10T15:16:03","modified_gmt":"2026-01-10T15:16:03","slug":"excursion-en-catamaran-en-grupo-a-punta-cana-con-bebidas-y-aperitivos","status":"publish","type":"product","link":"https:\/\/sabanadelamartours.com\/es\/visita\/excursion-en-catamaran-en-grupo-a-punta-cana-con-bebidas-y-aperitivos\/","title":{"rendered":"Punta Cana: Excursi\u00f3n en catamar\u00e1n en grupo con bebidas y aperitivos"},"content":{"rendered":"<p>Emb\u00e1rquese en un crucero en catamar\u00e1n en grupo de 3 horas desde Punta Cana. Viaje de B\u00e1varo a Cabeza de Toro mientras escucha m\u00fasica.<\/p>\n<p>Le recogeremos en su hotel y le llevaremos al barco. Suba al barco y admire las vistas del agua azul y la costa. Parada en Cabeza de Toro para disfrutar de 40 minutos de snorkel. Explore este rico mundo submarino antes de dirigirse a la playa de Los Cocos.<\/p>\n<p>Rel\u00e1jese en la playa o dese un chapuz\u00f3n. T\u00f3mese un sabroso coco mientras descansa en la arena. Contin\u00fae por la costa hasta llegar a una piscina natural, donde podr\u00e1 darse un chapuz\u00f3n en sus refrescantes aguas.<\/p>","protected":false},"excerpt":{"rendered":"<div data-track=\"overview\" data-v-83a2b402=\"\">\n<section id=\"activity-overview\" class=\"activity-overview\" data-component=\"overview\" data-v-83a2b402=\"\" data-v-f3236c42=\"\">\n<p class=\"activity-overview__content\" data-test-id=\"activity-overview-content\" data-v-f3236c42=\"\">Det\u00e9ngase en una playa natural, practique snorkel con peces de colores en los arrecifes y disfrute de bebidas y aperitivos en este crucero en catamar\u00e1n por Punta Cana.<\/p>\n<\/section>\n<\/div>\n<div data-track=\"key-details\" data-v-83a2b402=\"\"><\/div>","protected":false},"featured_media":18009,"template":"","meta":[],"product_brand":[],"product_cat":[97],"product_tag":[101,102],"class_list":{"0":"post-17793","1":"product","2":"type-product","3":"status-publish","4":"has-post-thumbnail","6":"product_cat-dominican-republic","7":"product_tag-excursion","8":"product_tag-tour","10":"first","11":"instock","12":"shipping-taxable","13":"product-type-external"},"_links":{"self":[{"href":"https:\/\/sabanadelamartours.com\/es\/wp-json\/wp\/v2\/product\/17793","targetHints":{"allow":["GET"]}}],"collection":[{"href":"https:\/\/sabanadelamartours.com\/es\/wp-json\/wp\/v2\/product"}],"about":[{"href":"https:\/\/sabanadelamartours.com\/es\/wp-json\/wp\/v2\/types\/product"}],"version-history":[{"count":1,"href":"https:\/\/sabanadelamartours.com\/es\/wp-json\/wp\/v2\/product\/17793\/revisions"}],"predecessor-version":[{"id":18798,"href":"https:\/\/sabanadelamartours.com\/es\/wp-json\/wp\/v2\/product\/17793\/revisions\/18798"}],"wp:featuredmedia":[{"embeddable":true,"href":"https:\/\/sabanadelamartours.com\/es\/wp-json\/wp\/v2\/media\/18009"}],"wp:attachment":[{"href":"https:\/\/sabanadelamartours.com\/es\/wp-json\/wp\/v2\/media?parent=17793"}],"wp:term":[{"taxonomy":"product_brand","embeddable":true,"href":"https:\/\/sabanadelamartours.com\/es\/wp-json\/wp\/v2\/product_brand?post=17793"},{"taxonomy":"product_cat","embeddable":true,"href":"https:\/\/sabanadelamartours.com\/es\/wp-json\/wp\/v2\/product_cat?post=17793"},{"taxonomy":"product_tag","embeddable":true,"href":"https:\/\/sabanadelamartours.com\/es\/wp-json\/wp\/v2\/product_tag?post=17793"}],"curies":[{"name":"wp","href":"https:\/\/api.w.org\/{rel}","templated":true}]}}