{"id":17922,"date":"2025-12-18T14:57:53","date_gmt":"2025-12-18T14:57:53","guid":{"rendered":"https:\/\/sabanadelamartours.com\/?post_type=product&#038;p=17922"},"modified":"2026-02-14T02:06:37","modified_gmt":"2026-02-14T02:06:37","slug":"aventura-salvaje-en-buggy-en-punta-cana","status":"publish","type":"product","link":"https:\/\/sabanadelamartours.com\/es\/visita\/aventura-salvaje-en-buggy-en-punta-cana\/","title":{"rendered":"Aventura salvaje en buggy todoterreno en Punta Cana"},"content":{"rendered":"<p>\u00bfBusca la actividad al aire libre definitiva con sus amigos y familiares durante su estancia en Punta Cana? Al\u00e9jese del tradicional Resort\/Playa y descubra el campo de Punta Cana con nuestra experiencia \u00fanica en Dune Buggy todoterreno.<\/p>\n<p>S\u00fabase a su buggy para vivir una salvaje y divertida aventura de 4 horas por los bellos paisajes tropicales de Punta Cana.<\/p>\n<p>En esta excursi\u00f3n guiada, haremos 3 paradas:<\/p>\n<p>1. Visitaremos la majestuosa Playa Macao para disfrutar de la hermosa playa y del sol para crear recuerdos inolvidables.<\/p>\n<p>2. Luego nos detendremos y visitaremos una granja org\u00e1nica para degustar caf\u00e9 local dominicano, chocolate y Mamajuana.<\/p>\n<p>3. Nuestra \u00faltima parada de la excursi\u00f3n ser\u00e1 en el incre\u00edble cenote (aguas subterr\u00e1neas de la cueva) donde podr\u00e1s nadar en sus aguas cristalinas.<\/p>\n<p>Ofrecemos transporte de ida y vuelta desde y hasta los hoteles de la zona de B\u00e1varo\/Punta Cana.<\/p>\n<p>Salidas por la ma\u00f1ana y por la tarde. Reserve su aventura hoy mismo.<\/p>","protected":false},"excerpt":{"rendered":"<div data-track=\"overview\" data-v-83a2b402=\"\">\n<section id=\"activity-overview\" class=\"activity-overview\" data-component=\"overview\" data-v-83a2b402=\"\" data-v-f3236c42=\"\">\n<p class=\"activity-overview__content\" data-test-id=\"activity-overview-content\" data-v-f3236c42=\"\">Esc\u00e1pese del centro tur\u00edstico y explore el campo en un buggy todoterreno. Haga 3 paradas, incluyendo Playa Macao, una granja org\u00e1nica para degustar caf\u00e9, chocolate y mamajuana y un impresionante cenote.<\/p>\n<\/section>\n<\/div>\n<div data-track=\"key-details\" data-v-83a2b402=\"\"><\/div>","protected":false},"featured_media":18138,"template":"","meta":[],"product_brand":[],"product_cat":[97],"product_tag":[101,102],"class_list":{"0":"post-17922","1":"product","2":"type-product","3":"status-publish","4":"has-post-thumbnail","6":"product_cat-dominican-republic","7":"product_tag-excursion","8":"product_tag-tour","10":"first","11":"instock","12":"shipping-taxable","13":"product-type-external"},"_links":{"self":[{"href":"https:\/\/sabanadelamartours.com\/es\/wp-json\/wp\/v2\/product\/17922","targetHints":{"allow":["GET"]}}],"collection":[{"href":"https:\/\/sabanadelamartours.com\/es\/wp-json\/wp\/v2\/product"}],"about":[{"href":"https:\/\/sabanadelamartours.com\/es\/wp-json\/wp\/v2\/types\/product"}],"version-history":[{"count":1,"href":"https:\/\/sabanadelamartours.com\/es\/wp-json\/wp\/v2\/product\/17922\/revisions"}],"predecessor-version":[{"id":19125,"href":"https:\/\/sabanadelamartours.com\/es\/wp-json\/wp\/v2\/product\/17922\/revisions\/19125"}],"wp:featuredmedia":[{"embeddable":true,"href":"https:\/\/sabanadelamartours.com\/es\/wp-json\/wp\/v2\/media\/18138"}],"wp:attachment":[{"href":"https:\/\/sabanadelamartours.com\/es\/wp-json\/wp\/v2\/media?parent=17922"}],"wp:term":[{"taxonomy":"product_brand","embeddable":true,"href":"https:\/\/sabanadelamartours.com\/es\/wp-json\/wp\/v2\/product_brand?post=17922"},{"taxonomy":"product_cat","embeddable":true,"href":"https:\/\/sabanadelamartours.com\/es\/wp-json\/wp\/v2\/product_cat?post=17922"},{"taxonomy":"product_tag","embeddable":true,"href":"https:\/\/sabanadelamartours.com\/es\/wp-json\/wp\/v2\/product_tag?post=17922"}],"curies":[{"name":"wp","href":"https:\/\/api.w.org\/{rel}","templated":true}]}}