{"id":18031,"date":"2025-12-18T15:03:36","date_gmt":"2025-12-18T15:03:36","guid":{"rendered":"https:\/\/sabanadelamartours.com\/?post_type=product&#038;p=18031"},"modified":"2026-02-14T02:04:06","modified_gmt":"2026-02-14T02:04:06","slug":"avistamiento-de-ballenas-y-excursion-a-cayo-levantado-una-escapada-tropical-perfecta","status":"publish","type":"product","link":"https:\/\/sabanadelamartours.com\/es\/visita\/avistamiento-de-ballenas-y-excursion-a-cayo-levantado-una-escapada-tropical-perfecta\/","title":{"rendered":"Avistamiento de Ballenas y Excursi\u00f3n a Cayo Levantado: Una escapada tropical perfecta"},"content":{"rendered":"<div class=\"wpb-content-wrapper\"><div class=\"vc_row wpb_row st bg-holder\"><div class='container'><div class='row'>\n\t<div class=\"wpb_column column_container col-md-12\"><div class=\"vc_column-inner wpb_wrapper\">\n\t\t\t\n\t<div class=\"wpb_text_column wpb_content_element\" >\n\t\t<div class=\"wpb_wrapper\">\n\t\t\t<h1><strong>Avistamiento de Ballenas y Excursi\u00f3n a Cayo Levantado: \u00a1El Mejor Precio Garantizado!<\/strong><\/h1>\n<p>\ud83c\udf0a <strong>\u00a1Emb\u00e1rquese en la aventura definitiva de Saman\u00e1 a un precio inmejorable!<\/strong> \ud83c\udf34<\/p>\n<p>\u00bfBusca la experiencia de avistamiento de ballenas m\u00e1s emocionante y asequible en Saman\u00e1? \u00a1Lo tenemos cubierto! Nuestro <strong>Avistamiento de ballenas y excursi\u00f3n a Cayo Levantado<\/strong> ofrece la <strong>la mejor relaci\u00f3n calidad-precio<\/strong>, combinando dos experiencias inolvidables en un d\u00eda perfecto. <strong>precio m\u00ednimo garantizado<\/strong>.<\/p>\n<hr \/>\n<h3><strong>Itinerario<\/strong><\/h3>\n<h4><strong>10:00 - Punto de encuentro en el Puerto Carenero<\/strong><\/h4>\n<p>Comience el d\u00eda sin estr\u00e9s en <strong>Puerto Carenero<\/strong>, Saman\u00e1, donde nuestro amable equipo le dar\u00e1 la bienvenida a bordo de un barco c\u00f3modo y moderno.<\/p>\n<h4><strong>10:15 - Avistamiento de ballenas en la Bah\u00eda de Saman\u00e1<\/strong><\/h4>\n<p>Zarpar hacia la renombrada <strong>Santuario de avistamiento de ballenas<\/strong> y marav\u00edllese ante las majestuosas ballenas jorobadas. Sea testigo de sus espectaculares comportamientos, como acercarse, batir la cola y cantar, mientras disfruta de los comentarios de nuestros gu\u00edas marinos.<\/p>\n<h4><strong>12:00 PM - Tiempo libre en Cayo Levantado (Isla Bacardi)<\/strong><\/h4>\n<p>Despu\u00e9s de una incre\u00edble ma\u00f1ana con las ballenas, nos dirigiremos a <strong>Cayo Levantado<\/strong>, Un para\u00edso tropical conocido por sus playas de arena blanca y aguas cristalinas. Visite <strong>tiempo libre<\/strong> relajarse, nadar o explorar la isla a su aire.<\/p>\n<h4><strong>14:30 - Regreso al Puerto Carenero<\/strong><\/h4>\n<p>Saldremos de la isla y volveremos a Saman\u00e1, llegando de nuevo a las <strong>Puerto Carenero entre las 14:30 y las 15:00<\/strong>, con tiempo de sobra para disfrutar del resto del d\u00eda.<\/p>\n<hr \/>\n<h3><strong>Por qu\u00e9 esta es la excursi\u00f3n de avistamiento de ballenas al mejor precio en Saman\u00e1<\/strong><\/h3>\n<p>\u2705 <strong>Dos aventuras en una<\/strong> - Avistamiento de cet\u00e1ceos + visita a Cayo Levantado \u00a1por un precio \u00fanico!<br \/>\n\u2705 <strong>Precio m\u00ednimo garantizado<\/strong> - No encontrar\u00e1 una oferta mejor en ning\u00fan otro sitio.<br \/>\n\u2705 <strong>Sin gastos ocultos<\/strong> - Los precios transparentes incluyen el paseo en barco, los gu\u00edas y la entrada al santuario.<br \/>\n\u2705 <strong>Servicio de alta calidad<\/strong> - Barcos modernos, gu\u00edas expertos y la experiencia m\u00e1s c\u00f3moda.<\/p>\n<hr \/>\n<h3><strong>Oferta de temporada: Reserve pronto y ahorre<\/strong><\/h3>\n<p>\ud83d\udcc6 <strong>Temporada alta<\/strong>: Enero-marzo es la mejor \u00e9poca para ver las ballenas jorobadas.<br \/>\n\ud83d\udcb8 <strong>Oferta exclusiva<\/strong>: Reserve hoy mismo su plaza y consiga <strong>mejor precio para avistamiento de ballenas en Saman\u00e1<\/strong>!<\/p>\n<hr \/>\n<h3><strong>C\u00f3mo reservar<\/strong><\/h3>\n<p>\ud83d\udcde <a href=\"http:\/\/CALLTO:+18097206035\"><strong>Ll\u00e1menos ahora<\/strong><\/a> para garantizar su plaza.<br \/>\n\ud83d\udce7 <a href=\"MAILTO:RESERVABATOUR@GMAIL.COM\"><strong>Env\u00edenos un correo electr\u00f3nico<\/strong> <\/a>para reservas de grupos o peticiones especiales.<br \/>\n\ud83c\udf10 <a href=\"https:\/\/bookingadventures.tours\/booking.php?slug=Whale_watching_and_Cayo_levantado_low_price\" target=\"_blank\" rel=\"noopener\"><strong>Reservar en l\u00ednea<\/strong> <\/a>para reservas r\u00e1pidas y sencillas.<\/p>\n<p>\ud83d\udea8 <strong>\u00a1Date prisa! Plazas limitadas<\/strong>-no se pierda esta incre\u00edble oportunidad de experimentar <strong>\u00a1El tour mejor valorado de Saman\u00e1 al mejor precio!<\/strong><\/p>\n\n\t\t<\/div>\n\t<\/div>\n<div class=\"vc_empty_space\"   style=\"height: 32px\"><span class=\"vc_empty_space_inner\"><\/span><\/div>\n\t<div class=\"wpb_text_column wpb_content_element\" >\n\t\t<div class=\"wpb_wrapper\">\n\t\t\t<h2>M\u00e1s opciones de avistamiento de ballenas:<\/h2>\n\n\t\t<\/div>\n\t<\/div>\n<div class=\"vc_empty_space\"   style=\"height: 32px\"><span class=\"vc_empty_space_inner\"><\/span><\/div><div class=\"woocommerce columns-4\"><ul class=\"products columns-4\">\n<li class=\"product type-product post-18154 status-publish first instock product_cat-dominican-republic product_tag-excursion product_tag-tour has-post-thumbnail shipping-taxable product-type-external\">\r\n\t<a href=\"https:\/\/sabanadelamartours.com\/es\/visita\/los-haitises-kayak-cano-hondo-piscinas-excursion-en-grupo-desde-miches\/\" class=\"woocommerce-LoopProduct-link woocommerce-loop-product__link\"><img fetchpriority=\"high\" decoding=\"async\" width=\"300\" height=\"300\" src=\"https:\/\/sabanadelamartours.com\/wp-content\/uploads\/2025\/12\/99-53-300x300.png\" class=\"attachment-woocommerce_thumbnail size-woocommerce_thumbnail\" alt=\"Las Terrenas: Avistamiento Privado de Ballenas Medio D\u00eda\" srcset=\"https:\/\/sabanadelamartours.com\/wp-content\/uploads\/2025\/12\/99-53-300x300.png 300w, https:\/\/sabanadelamartours.com\/wp-content\/uploads\/2025\/12\/99-53-1536x1536.png 1536w, https:\/\/sabanadelamartours.com\/wp-content\/uploads\/2025\/12\/99-53-2048x2048.png 2048w, https:\/\/sabanadelamartours.com\/wp-content\/uploads\/2025\/12\/99-53-100x100.png 100w, https:\/\/sabanadelamartours.com\/wp-content\/uploads\/2025\/12\/99-53-266x266.png 266w\" sizes=\"(max-width: 300px) 100vw, 300px\" \/><h2 class=\"woocommerce-loop-product__title\">Las Terrenas: Avistamiento Privado de Ballenas Medio D\u00eda<\/h2>\n\t<span class=\"price\"><span class=\"woocs_price_code\" data-currency=\"\" data-redraw-id=\"69ea8d811e5a6\"  data-product-id=\"18154\"><span class=\"woocommerce-Price-amount amount\"><bdi>450.00<span class=\"woocommerce-Price-currencySymbol\">&#36;<\/span><\/bdi><\/span><\/span><\/span>\n<\/a><a href=\"https:\/\/tourreservationlink.com\/en\/booking\/las-terrenas-private-whale-watching-half-day\" aria-describedby=\"woocommerce_loop_add_to_cart_link_describedby_18154\" data-quantity=\"1\" class=\"button product_type_external\" data-product_id=\"18154\" data-product_sku=\"\" aria-label=\"COMPRAR ENTRADA\" rel=\"nofollow noopener\" target=\"_blank\">COMPRAR ENTRADA<\/a>\t<span id=\"woocommerce_loop_add_to_cart_link_describedby_18154\" class=\"screen-reader-text\">\n\t\t\t<\/span>\n<\/li>\r\n<\/ul>\n<\/div><\/div>\n\t<\/div> \n<\/div><!--End .row--><\/div><!--End .container--><\/div>\n<\/div>","protected":false},"excerpt":{"rendered":"<p><strong>Mejor Precio Observaci\u00f3n de Ballenas y Cayo Levantado - Saman\u00e1<\/strong><\/p>\n<p>Experimente lo \u00faltimo <strong>avistamiento de ballenas en Saman\u00e1<\/strong> en el <strong>mejor precio garantizado<\/strong>\u00a1! Sea testigo de las majestuosas ballenas jorobadas en el famoso <strong>Santuario de Avistamiento de Ballenas de la Bah\u00eda de Saman\u00e1<\/strong>, y rel\u00e1jese en las playas v\u00edrgenes de <strong>Cayo Levantado (Isla Bacard\u00ed)<\/strong>. Esta asequible excursi\u00f3n de medio d\u00eda ofrece un valor inigualable, gu\u00edas expertos y dos aventuras inolvidables en una. <strong>Reserve ahora<\/strong> para una oferta inmejorable en la excursi\u00f3n mejor valorada de Saman\u00e1.<\/p>","protected":false},"featured_media":18204,"template":"","meta":[],"product_brand":[],"product_cat":[97,229],"product_tag":[],"class_list":{"0":"post-18031","1":"product","2":"type-product","3":"status-publish","4":"has-post-thumbnail","6":"product_cat-dominican-republic","7":"product_cat-whale-watching","9":"first","10":"instock","11":"sale","12":"shipping-taxable","13":"product-type-external"},"_links":{"self":[{"href":"https:\/\/sabanadelamartours.com\/es\/wp-json\/wp\/v2\/product\/18031","targetHints":{"allow":["GET"]}}],"collection":[{"href":"https:\/\/sabanadelamartours.com\/es\/wp-json\/wp\/v2\/product"}],"about":[{"href":"https:\/\/sabanadelamartours.com\/es\/wp-json\/wp\/v2\/types\/product"}],"version-history":[{"count":2,"href":"https:\/\/sabanadelamartours.com\/es\/wp-json\/wp\/v2\/product\/18031\/revisions"}],"predecessor-version":[{"id":19121,"href":"https:\/\/sabanadelamartours.com\/es\/wp-json\/wp\/v2\/product\/18031\/revisions\/19121"}],"wp:featuredmedia":[{"embeddable":true,"href":"https:\/\/sabanadelamartours.com\/es\/wp-json\/wp\/v2\/media\/18204"}],"wp:attachment":[{"href":"https:\/\/sabanadelamartours.com\/es\/wp-json\/wp\/v2\/media?parent=18031"}],"wp:term":[{"taxonomy":"product_brand","embeddable":true,"href":"https:\/\/sabanadelamartours.com\/es\/wp-json\/wp\/v2\/product_brand?post=18031"},{"taxonomy":"product_cat","embeddable":true,"href":"https:\/\/sabanadelamartours.com\/es\/wp-json\/wp\/v2\/product_cat?post=18031"},{"taxonomy":"product_tag","embeddable":true,"href":"https:\/\/sabanadelamartours.com\/es\/wp-json\/wp\/v2\/product_tag?post=18031"}],"curies":[{"name":"wp","href":"https:\/\/api.w.org\/{rel}","templated":true}]}}