{"id":18082,"date":"2025-12-18T15:06:10","date_gmt":"2025-12-18T15:06:10","guid":{"rendered":"https:\/\/sabanadelamartours.com\/?post_type=product&#038;p=18082"},"modified":"2026-02-14T02:02:51","modified_gmt":"2026-02-14T02:02:51","slug":"samana-%e2%86%92-sabana-de-la-mar-precios-y-horarios","status":"publish","type":"product","link":"https:\/\/sabanadelamartours.com\/es\/visita\/samana-%e2%86%92-sabana-de-la-mar-precios-y-horarios\/","title":{"rendered":"Saman\u00e1 \u2192 Sabana de la Mar: precios y horarios"},"content":{"rendered":"<h1><strong>Billetes de Ferry: Saman\u00e1 a Sabana de la Mar<\/strong><\/h1>\n<p>Disfrute de un transporte p\u00fablico local c\u00f3modo y asequible con el servicio de transbordador que conecta <strong>Saman\u00e1<\/strong> y <strong>Sabana de la Mar<\/strong>. Ya sea un viajero local o un viajero que explora la Rep\u00fablica Dominicana, este ferry ofrece una forma panor\u00e1mica y fiable de cruzar la bah\u00eda.<\/p>\n<h3><strong>Horario de los transbordadores<\/strong><\/h3>\n<h4><strong>De Saman\u00e1 a Sabana de la Mar: <a href=\"https:\/\/bookingadventures.tours\/booking.php?slug=Ferry_From_Saman_to_Sabana_de_la_Mar\" target=\"_blank\" rel=\"noopener\">RESERVE SUS ENTRADAS AQU\u00cd<\/a><\/strong><\/h4>\n<ul>\n<li>7 DE LA MA\u00d1ANA<\/li>\n<li>9 DE LA MA\u00d1ANA<\/li>\n<li>11 DE LA MA\u00d1ANA<\/li>\n<li>15:00 H<\/li>\n<li>16:20<\/li>\n<\/ul>\n<h4><strong>De Sabana de la Mar a Saman\u00e1: <\/strong><a href=\"https:\/\/bookingadventures.tours\/booking.php?slug=Ferry_From__Sabana_de_la_Mar_to_Samana\" target=\"_blank\" rel=\"noopener\"><strong>RESERVE SUS ENTRADAS AQU\u00cd<\/strong><\/a><\/h4>\n<ul>\n<li>9 DE LA MA\u00d1ANA<\/li>\n<li>11 DE LA MA\u00d1ANA<\/li>\n<li>15:00 H<\/li>\n<li>17:00 H<\/li>\n<\/ul>\n<h3><strong>Detalles clave:<\/strong><\/h3>\n<ul>\n<li><strong>Tipo de servicio:<\/strong> Ferry de transporte p\u00fablico local.<\/li>\n<li><strong>Duraci\u00f3n:<\/strong> Aproximadamente de 45 minutos a 1 hora, dependiendo de las condiciones meteorol\u00f3gicas.<\/li>\n<li><strong>Asequibilidad:<\/strong> Una opci\u00f3n econ\u00f3mica para cruzar la bah\u00eda de Saman\u00e1.<\/li>\n<li><strong>Estilo de barco:<\/strong> Los transbordadores son barcos tradicionales de estilo pesquero, a menudo viejos pero funcionales para el viaje.<\/li>\n<\/ul>\n<h3><strong>\u00bfPor qu\u00e9 elegir el transbordador?<\/strong><\/h3>\n<ul>\n<li>Disfrute de las impresionantes vistas de la bah\u00eda de Saman\u00e1 durante el trayecto.<\/li>\n<li>Horarios fiables dise\u00f1ados para acomodar a locales y turistas.<\/li>\n<li>Una forma \u00fanica de viajar como un lugare\u00f1o y experimentar la aut\u00e9ntica cultura dominicana.<\/li>\n<\/ul>\n<h3><strong>Lo que hay que saber antes de ir:<\/strong><\/h3>\n<ul>\n<li>Pres\u00e9ntese en el muelle al menos 20 minutos antes de la salida para asegurarse su plaza.<\/li>\n<li>El transbordador funciona llueva o haga sol, pero puede sufrir ligeros retrasos en caso de inclemencias meteorol\u00f3gicas.<\/li>\n<li>El ferry tarda 15 minutos m\u00e1s alg\u00fan tiempo de espera para m\u00e1s viajeros.<\/li>\n<li>Recomendaci\u00f3n de tomar pastillas en caso de mareo. 5 minutos antes<\/li>\n<li>Antes de coger el ferry, vaya al ba\u00f1o en cualquier restaurante situado frente al puerto. No se recomiendan los aseos p\u00fablicos en el ferry.<\/li>\n<\/ul>\n<p>Planifique su viaje y aproveche al m\u00e1ximo esta opci\u00f3n de transporte local. Para m\u00e1s informaci\u00f3n, no dude en ponerse en contacto con nosotros en +18097206035 o vis\u00edtenos en la terminal del ferry.<\/p>","protected":false},"excerpt":{"rendered":"<p>Servicio de Ferry asequible desde Saman\u00e1 a Sabana de la Mar: Transporte p\u00fablico con vistas panor\u00e1micas de la bah\u00eda<\/p>","protected":false},"featured_media":18258,"template":"","meta":[],"product_brand":[],"product_cat":[97],"product_tag":[],"class_list":{"0":"post-18082","1":"product","2":"type-product","3":"status-publish","4":"has-post-thumbnail","6":"product_cat-dominican-republic","8":"first","9":"instock","10":"shipping-taxable","11":"product-type-external"},"_links":{"self":[{"href":"https:\/\/sabanadelamartours.com\/es\/wp-json\/wp\/v2\/product\/18082","targetHints":{"allow":["GET"]}}],"collection":[{"href":"https:\/\/sabanadelamartours.com\/es\/wp-json\/wp\/v2\/product"}],"about":[{"href":"https:\/\/sabanadelamartours.com\/es\/wp-json\/wp\/v2\/types\/product"}],"version-history":[{"count":1,"href":"https:\/\/sabanadelamartours.com\/es\/wp-json\/wp\/v2\/product\/18082\/revisions"}],"predecessor-version":[{"id":19118,"href":"https:\/\/sabanadelamartours.com\/es\/wp-json\/wp\/v2\/product\/18082\/revisions\/19118"}],"wp:featuredmedia":[{"embeddable":true,"href":"https:\/\/sabanadelamartours.com\/es\/wp-json\/wp\/v2\/media\/18258"}],"wp:attachment":[{"href":"https:\/\/sabanadelamartours.com\/es\/wp-json\/wp\/v2\/media?parent=18082"}],"wp:term":[{"taxonomy":"product_brand","embeddable":true,"href":"https:\/\/sabanadelamartours.com\/es\/wp-json\/wp\/v2\/product_brand?post=18082"},{"taxonomy":"product_cat","embeddable":true,"href":"https:\/\/sabanadelamartours.com\/es\/wp-json\/wp\/v2\/product_cat?post=18082"},{"taxonomy":"product_tag","embeddable":true,"href":"https:\/\/sabanadelamartours.com\/es\/wp-json\/wp\/v2\/product_tag?post=18082"}],"curies":[{"name":"wp","href":"https:\/\/api.w.org\/{rel}","templated":true}]}}