{"id":18098,"date":"2025-12-18T15:07:03","date_gmt":"2025-12-18T15:07:03","guid":{"rendered":"https:\/\/sabanadelamartours.com\/?post_type=product&#038;p=18098"},"modified":"2026-02-14T02:02:05","modified_gmt":"2026-02-14T02:02:05","slug":"montana-redonda-playa-esmeralda-tour-privado-desde-miches","status":"publish","type":"product","link":"https:\/\/sabanadelamartours.com\/es\/visita\/montana-redonda-playa-esmeralda-tour-privado-desde-miches\/","title":{"rendered":"Montana Redonda &amp; Playa Esmeralda Tour Privado Desde Miches"},"content":{"rendered":"<h2>Montana Redonda &amp; Playa Esmeralda Tour Privado Desde Miches<\/h2>\n<p>Prep\u00e1rese para embarcarse en una cautivadora aventura hasta la encantadora Montana Redonda, una exquisita cima que ofrece vistas panor\u00e1micas de 360\u00b0. A medida que ascienda, disfrutar\u00e1 de impresionantes vistas del brillante oc\u00e9ano, las majestuosas monta\u00f1as y el vibrante verdor de la exuberante campi\u00f1a que se extiende hasta donde alcanza la vista. No se pierda la oportunidad de balancearse sobre el borde en un emocionante columpio, donde podr\u00e1 capturar fotograf\u00edas inolvidables en medio de la serena belleza de esta joya escondida.<\/p>\n<p>Despu\u00e9s de empaparse de esas impresionantes vistas, ret\u00edrese a la tranquila Playa Esmeralda, un verdadero para\u00edso alejado de las bulliciosas multitudes. Aqu\u00ed podr\u00e1 sumergirse en el c\u00e1lido abrazo de las aguas cristalinas y hundir los pies en la suave arena blanca, un entorno id\u00edlico que invita a relajarse, descansar y darse un refrescante chapuz\u00f3n en el mar.<\/p>\n<p>Su experiencia se enriquecer\u00e1 con un delicioso almuerzo local, en el que degustar\u00e1 una aut\u00e9ntica comida dominicana, reci\u00e9n preparada para deleitar su paladar y ofrecerle el aut\u00e9ntico sabor de la regi\u00f3n.<\/p>\n<p>Le proporcionamos transporte privado para que su viaje sea perfecto, con recogida y entrega sin complicaciones directamente en su hotel de Miches.<\/p>\n<p>Marque en su calendario la salida a las 9:00 de la ma\u00f1ana y prep\u00e1rese para un d\u00eda lleno de belleza y relajaci\u00f3n.<\/p>","protected":false},"excerpt":{"rendered":"<p>Montana Redonda &amp; Playa Esmeralda Private Tour From Miches Prepare to embark on a captivating adventure to the enchanting Montana Redonda, an exquisite hilltop that unveils 360\u00b0 panoramic views. As you ascend, you&#8217;ll be treated to breathtaking vistas of the shimmering ocean, majestic mountains, and the vibrant greenery of the lush countryside that stretches as [&hellip;]<\/p>","protected":false},"featured_media":18263,"template":"","meta":[],"product_brand":[],"product_cat":[97,230],"product_tag":[231,232],"class_list":{"0":"post-18098","1":"product","2":"type-product","3":"status-publish","4":"has-post-thumbnail","6":"product_cat-dominican-republic","7":"product_cat-miches","8":"product_tag-montana-redonda","9":"product_tag-playa-costa-esmeralda","11":"first","12":"instock","13":"sale","14":"shipping-taxable","15":"product-type-external"},"_links":{"self":[{"href":"https:\/\/sabanadelamartours.com\/es\/wp-json\/wp\/v2\/product\/18098","targetHints":{"allow":["GET"]}}],"collection":[{"href":"https:\/\/sabanadelamartours.com\/es\/wp-json\/wp\/v2\/product"}],"about":[{"href":"https:\/\/sabanadelamartours.com\/es\/wp-json\/wp\/v2\/types\/product"}],"version-history":[{"count":1,"href":"https:\/\/sabanadelamartours.com\/es\/wp-json\/wp\/v2\/product\/18098\/revisions"}],"predecessor-version":[{"id":19117,"href":"https:\/\/sabanadelamartours.com\/es\/wp-json\/wp\/v2\/product\/18098\/revisions\/19117"}],"wp:featuredmedia":[{"embeddable":true,"href":"https:\/\/sabanadelamartours.com\/es\/wp-json\/wp\/v2\/media\/18263"}],"wp:attachment":[{"href":"https:\/\/sabanadelamartours.com\/es\/wp-json\/wp\/v2\/media?parent=18098"}],"wp:term":[{"taxonomy":"product_brand","embeddable":true,"href":"https:\/\/sabanadelamartours.com\/es\/wp-json\/wp\/v2\/product_brand?post=18098"},{"taxonomy":"product_cat","embeddable":true,"href":"https:\/\/sabanadelamartours.com\/es\/wp-json\/wp\/v2\/product_cat?post=18098"},{"taxonomy":"product_tag","embeddable":true,"href":"https:\/\/sabanadelamartours.com\/es\/wp-json\/wp\/v2\/product_tag?post=18098"}],"curies":[{"name":"wp","href":"https:\/\/api.w.org\/{rel}","templated":true}]}}