{"id":10168,"date":"2025-12-18T09:26:34","date_gmt":"2025-12-18T09:26:34","guid":{"rendered":"https:\/\/sabanadelamartours.com\/?post_type=product&#038;p=10168"},"modified":"2026-02-09T04:03:35","modified_gmt":"2026-02-09T04:03:35","slug":"-3","status":"publish","type":"product","link":"https:\/\/sabanadelamartours.com\/fr\/tournee\/-3\/","title":{"rendered":"\u00cele de Saona : Excursion en catamaran vers une plage de r\u00eave, tout compris"},"content":{"rendered":"<p><strong>\u00cele de Saona : Excursion en catamaran vers une plage de r\u00eave, tout compris<\/strong><\/p>\n<p>L'activit\u00e9 d\u00e9butera \u00e0 Bayahibe, charmant village de p\u00eacheurs et port, point de d\u00e9part de toutes les excursions vers l'\u00eele de Saona. C'est l\u00e0 qu'arriveront les bus de transfert et que tous les participants se rassembleront et se pr\u00e9pareront \u00e0 embarquer sur le catamaran \u00e0 voile \u00e0 l'aide d'un bateau-navette.<\/p>\n<p>C'est l\u00e0, sur la plage, que vous rencontrerez votre guide, qui vous fournira toutes les informations n\u00e9cessaires pour profiter au mieux de cette merveilleuse exp\u00e9rience. Il vous donnera \u00e9galement les instructions pour l'embarquement, et c'est parti ! Une fois tout le monde \u00e0 bord, la magie commence lorsque les voiles se l\u00e8vent pour naviguer vers l'\u00eele de Saona et ses plages paradisiaques.<\/p>\n<p>Le catamaran suivra d'abord le littoral, offrant une vue imprenable sur les d\u00e9licieux paysages du parc national de Cotubanama, une zone naturelle pr\u00e9serv\u00e9e d'une beaut\u00e9 exceptionnelle. En naviguant sur les eaux des Cara\u00efbes, vous pourrez d\u00e9guster du rhum local et \u00e9couter de la musique typique comme le Merengue ou la Bachata, tout en admirant les couleurs \u00e9poustouflantes de l'eau et du ciel. Profitez de ces moments de d\u00e9tente pour vous ressourcer !<\/p>\n<p>Apr\u00e8s environ 1 heure et 45 minutes de d\u00e9tente \u00e0 bord du catamaran, vous arrivez enfin sur l'\u00eele de Saona. Des navettes viennent vous chercher et vous d\u00e9posent sur une magnifique plage de sable blanc et de cocotiers. Si vous vous demandiez si le paradis existe vraiment, c'est ici que vous le d\u00e9couvrirez ! Le guide vous indiquera l'emplacement du bar (avec boissons en libre acc\u00e8s), des toilettes, du buffet, ainsi que des transats et hamacs que vous pourrez utiliser \u00e0 votre guise.<\/p>\n<p>Ensuite, il est temps de profiter des deux heures et demie dont vous disposerez sur cette \u00eele merveilleuse. \u00c0 vous de d\u00e9cider si vous voulez commencer par une baignade dans les eaux turquoise de l'\u00eele de Saona, une s\u00e9ance photo ou un moment de d\u00e9tente au bar avec une bi\u00e8re fra\u00eeche. \u00c0 vous de choisir ! Apr\u00e8s le repas, vous pourrez vous baigner \u00e0 nouveau ou faire une sieste bien m\u00e9rit\u00e9e.<\/p>\n<p>Apr\u00e8s ces instants magiques sur cette \u00eele de r\u00eave, il est temps d'embarquer \u00e0 bord d'un bateau \u00e0 moteur pour rejoindre la piscine naturelle. Ici, un banc de sable permet de profiter des eaux peu profondes et translucides. Vous serez invit\u00e9 \u00e0 descendre du bateau par une petite \u00e9chelle pour faire trempette tout en admirant les \u00e9toiles de mer g\u00e9antes. Comme le veut la tradition, un rhum dominicain vous sera offert, accompagn\u00e9 de musique locale, pour terminer la journ\u00e9e en beaut\u00e9.<\/p>\n<p>Il est ensuite temps de remonter \u00e0 bord du bateau et de retourner au port de Bayahibe, o\u00f9 votre transport vous attendra pour vous ramener \u00e0 votre h\u00f4tel. Vous pouvez \u00eatre s\u00fbr que vous rentrerez \u00e0 votre h\u00f4tel avec des souvenirs incroyables de cette exp\u00e9rience inoubliable.<\/p>","protected":false},"excerpt":{"rendered":"<div data-track=\"overview\" data-v-56a1a938=\"\">\n<section id=\"activity-overview\" class=\"activity-overview\" data-component=\"overview\" data-v-56a1a938=\"\" data-v-f3236c42=\"\">\n<p class=\"activity-overview__content\" data-test-id=\"activity-overview-content\" data-v-f3236c42=\"\">Explorez l'\u00eele de Saona \u00e0 bord d'un catamaran \u00e0 voile. Profitez de 2,5 heures de plage, de buffet et d'eaux turquoises. Terminez la journ\u00e9e \u00e0 la piscine naturelle. Retour \u00e0 l'h\u00f4tel avec des souvenirs inoubliables !<\/p>\n<\/section>\n<\/div>\n<div data-track=\"key-details\" data-v-56a1a938=\"\"><\/div>","protected":false},"featured_media":10217,"template":"","meta":[],"product_brand":[],"product_cat":[97],"product_tag":[101,102],"class_list":{"0":"post-10168","1":"product","2":"type-product","3":"status-publish","4":"has-post-thumbnail","6":"product_cat-dominican-republic","7":"product_tag-excursion","8":"product_tag-tour","10":"first","11":"instock","12":"sale","13":"shipping-taxable","14":"product-type-external"},"_links":{"self":[{"href":"https:\/\/sabanadelamartours.com\/fr\/wp-json\/wp\/v2\/product\/10168","targetHints":{"allow":["GET"]}}],"collection":[{"href":"https:\/\/sabanadelamartours.com\/fr\/wp-json\/wp\/v2\/product"}],"about":[{"href":"https:\/\/sabanadelamartours.com\/fr\/wp-json\/wp\/v2\/types\/product"}],"version-history":[{"count":2,"href":"https:\/\/sabanadelamartours.com\/fr\/wp-json\/wp\/v2\/product\/10168\/revisions"}],"predecessor-version":[{"id":18817,"href":"https:\/\/sabanadelamartours.com\/fr\/wp-json\/wp\/v2\/product\/10168\/revisions\/18817"}],"wp:featuredmedia":[{"embeddable":true,"href":"https:\/\/sabanadelamartours.com\/fr\/wp-json\/wp\/v2\/media\/10217"}],"wp:attachment":[{"href":"https:\/\/sabanadelamartours.com\/fr\/wp-json\/wp\/v2\/media?parent=10168"}],"wp:term":[{"taxonomy":"product_brand","embeddable":true,"href":"https:\/\/sabanadelamartours.com\/fr\/wp-json\/wp\/v2\/product_brand?post=10168"},{"taxonomy":"product_cat","embeddable":true,"href":"https:\/\/sabanadelamartours.com\/fr\/wp-json\/wp\/v2\/product_cat?post=10168"},{"taxonomy":"product_tag","embeddable":true,"href":"https:\/\/sabanadelamartours.com\/fr\/wp-json\/wp\/v2\/product_tag?post=10168"}],"curies":[{"name":"wp","href":"https:\/\/api.w.org\/{rel}","templated":true}]}}