{"id":10170,"date":"2025-12-18T09:26:34","date_gmt":"2025-12-18T09:26:34","guid":{"rendered":"https:\/\/sabanadelamartours.com\/?post_type=product&#038;p=10170"},"modified":"2026-02-09T04:07:41","modified_gmt":"2026-02-09T04:07:41","slug":"punta-cana-aventure-en-buggy-tout-terrain-avec-baignade-dans-la-grotte-de-cenote-et-plage","status":"publish","type":"product","link":"https:\/\/sabanadelamartours.com\/fr\/tournee\/punta-cana-aventure-en-buggy-tout-terrain-avec-baignade-dans-la-grotte-de-cenote-et-plage\/","title":{"rendered":"Punta cana : Aventure en buggy tout-terrain avec baignade dans un cenote et plage"},"content":{"rendered":"<p><strong>Punta Cana : Aventure en buggy tout-terrain avec baignade dans un c\u00e9note et plage<\/strong><\/p>\n<p>Embarquez pour une aventure exaltante en buggy qui vous emm\u00e8ne \u00e0 travers la magnifique plage de Macao et les grottes d'eau cristalline de Punta Cana. L'adr\u00e9naline monte au fur et \u00e0 mesure que le buggy progresse sur les sentiers sinueux de la jungle, en passant par des plantations de caf\u00e9 et de cacao odorantes, et en s'immergeant dans la beaut\u00e9 naturelle des environs. En arrivant \u00e0 la plage de Macao, prenez le temps de vous d\u00e9tendre et de vous pr\u00e9lasser dans les eaux turquoises immacul\u00e9es, en vous laissant envahir par la s\u00e9r\u00e9nit\u00e9 de la plage.<\/p>\n<p>Ensuite, vous vous aventurerez dans les grottes enchanteresses, o\u00f9 vous d\u00e9couvrirez des bassins d'eau cristalline, cr\u00e9ant une oasis parfaite pour une baignade revigorante. Cette excursion immersive m\u00eale harmonieusement l'aventure, la nature et la culture locale, et vous laissera des souvenirs inoubliables de votre exp\u00e9rience \u00e0 Punta Cana.<\/p>","protected":false},"excerpt":{"rendered":"<p>Plongez dans une aventure unique en visitant la magnifique plage de Macao et en explorant les myst\u00e9rieuses grottes d'eau cristalline de Punta Cana. Profitez des sensations de la conduite d'un buggy dans la boue.<\/p>","protected":false},"featured_media":10234,"template":"","meta":[],"product_brand":[],"product_cat":[97],"product_tag":[101,102],"class_list":{"0":"post-10170","1":"product","2":"type-product","3":"status-publish","4":"has-post-thumbnail","6":"product_cat-dominican-republic","7":"product_tag-excursion","8":"product_tag-tour","10":"first","11":"instock","12":"sale","13":"shipping-taxable","14":"product-type-external"},"_links":{"self":[{"href":"https:\/\/sabanadelamartours.com\/fr\/wp-json\/wp\/v2\/product\/10170","targetHints":{"allow":["GET"]}}],"collection":[{"href":"https:\/\/sabanadelamartours.com\/fr\/wp-json\/wp\/v2\/product"}],"about":[{"href":"https:\/\/sabanadelamartours.com\/fr\/wp-json\/wp\/v2\/types\/product"}],"version-history":[{"count":1,"href":"https:\/\/sabanadelamartours.com\/fr\/wp-json\/wp\/v2\/product\/10170\/revisions"}],"predecessor-version":[{"id":18818,"href":"https:\/\/sabanadelamartours.com\/fr\/wp-json\/wp\/v2\/product\/10170\/revisions\/18818"}],"wp:featuredmedia":[{"embeddable":true,"href":"https:\/\/sabanadelamartours.com\/fr\/wp-json\/wp\/v2\/media\/10234"}],"wp:attachment":[{"href":"https:\/\/sabanadelamartours.com\/fr\/wp-json\/wp\/v2\/media?parent=10170"}],"wp:term":[{"taxonomy":"product_brand","embeddable":true,"href":"https:\/\/sabanadelamartours.com\/fr\/wp-json\/wp\/v2\/product_brand?post=10170"},{"taxonomy":"product_cat","embeddable":true,"href":"https:\/\/sabanadelamartours.com\/fr\/wp-json\/wp\/v2\/product_cat?post=10170"},{"taxonomy":"product_tag","embeddable":true,"href":"https:\/\/sabanadelamartours.com\/fr\/wp-json\/wp\/v2\/product_tag?post=10170"}],"curies":[{"name":"wp","href":"https:\/\/api.w.org\/{rel}","templated":true}]}}