{"id":10171,"date":"2025-12-18T09:26:34","date_gmt":"2025-12-18T09:26:34","guid":{"rendered":"https:\/\/sabanadelamartours.com\/?post_type=product&#038;p=10171"},"modified":"2026-02-09T04:09:30","modified_gmt":"2026-02-09T04:09:30","slug":"excursion-de-degustation-de-cafe-et-de-cacao-de-punta-cana-higuey-avec-dejeuner","status":"publish","type":"product","link":"https:\/\/sabanadelamartours.com\/fr\/tournee\/excursion-de-degustation-de-cafe-et-de-cacao-de-punta-cana-higuey-avec-dejeuner\/","title":{"rendered":"Punta Cana : Higuey, d\u00e9gustation de caf\u00e9 et de cacao avec d\u00e9jeuner"},"content":{"rendered":"<p><strong>Punta Cana : Higuey, d\u00e9gustation de caf\u00e9 et de cacao avec d\u00e9jeuner<\/strong><\/p>\n<p>Excursion culturelle passionnante \u00e0 Hig\u00fcey qui combine l'aventure, l'histoire et la beaut\u00e9 naturelle en une journ\u00e9e inoubliable.<\/p>\n<p>Nous commencerons par une passionnante promenade \u00e0 cheval dans la jungle, o\u00f9 vous appr\u00e9cierez la v\u00e9g\u00e9tation luxuriante et le frisson de l'exploration. Nous nous rendrons ensuite \u00e0 la majestueuse basilique de Hig\u00fcey, lieu embl\u00e9matique de culte et de p\u00e8lerinage.<\/p>\n<p>Ensuite, nous visiterons le march\u00e9 local anim\u00e9 pour nous immerger dans la culture et les traditions de la r\u00e9gion. Nous continuerons vers un magasin d'artisanat o\u00f9 vous pourrez acheter des souvenirs uniques et appr\u00e9cier le talent local.<\/p>\n<p>Notre prochaine \u00e9tape sera les impressionnantes montagnes d'Anamuya, o\u00f9 nous profiterons d'une baignade rafra\u00eechissante dans la rivi\u00e8re et d'un d\u00e9licieux d\u00e9jeuner buffet dominicain. Ensuite, nous entrerons dans une maison typique pour d\u00e9guster du caf\u00e9 et du cacao locaux, tout en d\u00e9couvrant la diversit\u00e9 de la flore de la r\u00e9gion.<\/p>\n<p>Pour terminer cette exp\u00e9rience enrichissante, nous nous rendrons dans une fabrique de cigares o\u00f9 vous pourrez fabriquer vos propres cigares et les emporter en souvenir de cette journ\u00e9e inoubliable. Enfin, nous nous d\u00e9tendrons sur la plage paradisiaque de Macao, profitant du soleil et du sable avant de conclure notre visite.<\/p>\n<p>Une journ\u00e9e d'aventure, de culture et de d\u00e9couvertes vous attend lors de cette visite de Hig\u00fcey ! Pr\u00e9parez-vous \u00e0 vivre des moments inoubliables !<\/p>","protected":false},"excerpt":{"rendered":"<p>Profitez d'une journ\u00e9e hors s\u00e9rie dans notre circuit culturel et gastronomique \u00e0 travers la ville et les montagnes, un v\u00e9ritable contact avec la culture dominicaine. 99% satisfaction garantie.<\/p>","protected":false},"featured_media":10247,"template":"","meta":[],"product_brand":[],"product_cat":[97],"product_tag":[101,102],"class_list":{"0":"post-10171","1":"product","2":"type-product","3":"status-publish","4":"has-post-thumbnail","6":"product_cat-dominican-republic","7":"product_tag-excursion","8":"product_tag-tour","10":"first","11":"instock","12":"sale","13":"shipping-taxable","14":"product-type-external"},"_links":{"self":[{"href":"https:\/\/sabanadelamartours.com\/fr\/wp-json\/wp\/v2\/product\/10171","targetHints":{"allow":["GET"]}}],"collection":[{"href":"https:\/\/sabanadelamartours.com\/fr\/wp-json\/wp\/v2\/product"}],"about":[{"href":"https:\/\/sabanadelamartours.com\/fr\/wp-json\/wp\/v2\/types\/product"}],"version-history":[{"count":1,"href":"https:\/\/sabanadelamartours.com\/fr\/wp-json\/wp\/v2\/product\/10171\/revisions"}],"predecessor-version":[{"id":18819,"href":"https:\/\/sabanadelamartours.com\/fr\/wp-json\/wp\/v2\/product\/10171\/revisions\/18819"}],"wp:featuredmedia":[{"embeddable":true,"href":"https:\/\/sabanadelamartours.com\/fr\/wp-json\/wp\/v2\/media\/10247"}],"wp:attachment":[{"href":"https:\/\/sabanadelamartours.com\/fr\/wp-json\/wp\/v2\/media?parent=10171"}],"wp:term":[{"taxonomy":"product_brand","embeddable":true,"href":"https:\/\/sabanadelamartours.com\/fr\/wp-json\/wp\/v2\/product_brand?post=10171"},{"taxonomy":"product_cat","embeddable":true,"href":"https:\/\/sabanadelamartours.com\/fr\/wp-json\/wp\/v2\/product_cat?post=10171"},{"taxonomy":"product_tag","embeddable":true,"href":"https:\/\/sabanadelamartours.com\/fr\/wp-json\/wp\/v2\/product_tag?post=10171"}],"curies":[{"name":"wp","href":"https:\/\/api.w.org\/{rel}","templated":true}]}}