{"id":10173,"date":"2025-12-18T09:26:35","date_gmt":"2025-12-18T09:26:35","guid":{"rendered":"https:\/\/sabanadelamartours.com\/?post_type=product&#038;p=10173"},"modified":"2026-02-14T03:58:42","modified_gmt":"2026-02-14T03:58:42","slug":"transfert-prive-aller-simple-a-punta-cana","status":"publish","type":"product","link":"https:\/\/sabanadelamartours.com\/fr\/tournee\/transfert-prive-aller-simple-a-punta-cana\/","title":{"rendered":"Punta Cana : Transfert priv\u00e9 aller-retour"},"content":{"rendered":"<p><strong>Punta Cana : Transfert priv\u00e9 aller-retour<\/strong><\/p>\n<p>Lorsque vous r\u00e9servez un transfert priv\u00e9, vous r\u00e9servez un aller simple pratique de l'a\u00e9roport de Punta Cana \u00e0 votre h\u00f4tel \u00e0 Punta Cana, ou vice versa. En outre, vous avez la possibilit\u00e9 d'organiser un transfert aller simple de l'a\u00e9roport \u00e0 Macao ou Uvero Alto.<\/p>\n<p>A votre arriv\u00e9e \u00e0 l'a\u00e9roport, guettez un chauffeur courtois portant une pancarte \u00e0 votre nom, pr\u00eat \u00e0 vous aider avec vos bagages et \u00e0 vous guider vers un v\u00e9hicule confortable et climatis\u00e9.<\/p>\n<p>Si vous partez de votre h\u00f4tel, votre chauffeur attentif vous accueillera dans le hall et veillera \u00e0 ce que votre trajet jusqu'\u00e0 l'a\u00e9roport se d\u00e9roule sans encombre et sans stress. Pendant que vous vous d\u00e9tendez dans le v\u00e9hicule bien \u00e9quip\u00e9, admirez les paysages \u00e0 couper le souffle le long de la route.<\/p>\n<p>Soyez assur\u00e9 que vous arriverez \u00e0 destination avec suffisamment de temps devant vous, ce qui vous permettra de commencer votre voyage ou de rentrer chez vous de mani\u00e8re d\u00e9tendue et sans pr\u00e9cipitation.<\/p>","protected":false},"excerpt":{"rendered":"<p>R\u00e9servez un transfert priv\u00e9 entre l'a\u00e9roport international de Punta Cana (PUJ) et votre h\u00f4tel \u00e0 Punta Cana. Voyagez dans une voiture confortable et climatis\u00e9e avant ou apr\u00e8s un long voyage.<\/p>","protected":false},"featured_media":10290,"template":"","meta":[],"product_brand":[],"product_cat":[97],"product_tag":[101,102],"class_list":{"0":"post-10173","1":"product","2":"type-product","3":"status-publish","4":"has-post-thumbnail","6":"product_cat-dominican-republic","7":"product_tag-excursion","8":"product_tag-tour","10":"first","11":"instock","12":"shipping-taxable","13":"product-type-external"},"_links":{"self":[{"href":"https:\/\/sabanadelamartours.com\/fr\/wp-json\/wp\/v2\/product\/10173","targetHints":{"allow":["GET"]}}],"collection":[{"href":"https:\/\/sabanadelamartours.com\/fr\/wp-json\/wp\/v2\/product"}],"about":[{"href":"https:\/\/sabanadelamartours.com\/fr\/wp-json\/wp\/v2\/types\/product"}],"version-history":[{"count":1,"href":"https:\/\/sabanadelamartours.com\/fr\/wp-json\/wp\/v2\/product\/10173\/revisions"}],"predecessor-version":[{"id":19229,"href":"https:\/\/sabanadelamartours.com\/fr\/wp-json\/wp\/v2\/product\/10173\/revisions\/19229"}],"wp:featuredmedia":[{"embeddable":true,"href":"https:\/\/sabanadelamartours.com\/fr\/wp-json\/wp\/v2\/media\/10290"}],"wp:attachment":[{"href":"https:\/\/sabanadelamartours.com\/fr\/wp-json\/wp\/v2\/media?parent=10173"}],"wp:term":[{"taxonomy":"product_brand","embeddable":true,"href":"https:\/\/sabanadelamartours.com\/fr\/wp-json\/wp\/v2\/product_brand?post=10173"},{"taxonomy":"product_cat","embeddable":true,"href":"https:\/\/sabanadelamartours.com\/fr\/wp-json\/wp\/v2\/product_cat?post=10173"},{"taxonomy":"product_tag","embeddable":true,"href":"https:\/\/sabanadelamartours.com\/fr\/wp-json\/wp\/v2\/product_tag?post=10173"}],"curies":[{"name":"wp","href":"https:\/\/api.w.org\/{rel}","templated":true}]}}