{"id":10174,"date":"2025-12-18T09:26:35","date_gmt":"2025-12-18T09:26:35","guid":{"rendered":"https:\/\/sabanadelamartours.com\/?post_type=product&#038;p=10174"},"modified":"2026-01-05T15:52:17","modified_gmt":"2026-01-05T15:52:17","slug":"amber-cove-taino-bay-7-waterfall-tour-with-swimming-lunch","status":"publish","type":"product","link":"https:\/\/sabanadelamartours.com\/fr\/tournee\/amber-cove-taino-bay-7-waterfall-tour-with-swimming-lunch\/","title":{"rendered":"Amber Cove\/Baie de Taino : Circuit des 7 chutes d'eau avec baignade et d\u00e9jeuner"},"content":{"rendered":"<h4 class=\"activity__title js-title\" data-track=\"activity-title\" data-test-id=\"activity-title\">Amber Cove\/Baie de Taino : Circuit des 7 chutes d'eau avec baignade et d\u00e9jeuner<\/h4>\n<p>Plongez dans l'aventure en visitant Puerto Plata, un paradis pour les amoureux de la nature. D\u00e9couvrez le joyau cach\u00e9 des 7 cascades de Damajagua (Charcos), nich\u00e9es dans les collines pittoresques de la cha\u00eene de montagnes du nord.<\/p>\n<p>Ces magnifiques merveilles naturelles, qui font partie des zones prot\u00e9g\u00e9es de la R\u00e9publique dominicaine, offrent une exp\u00e9rience exaltante en naviguant dans un canyon tropical. \u00c9merveillez-vous devant la s\u00e9rie de cascades, o\u00f9 vous pouvez marcher, glisser, nager et m\u00eame faire des sauts audacieux. L'excursion comprend un d\u00e9licieux d\u00e9jeuner buffet, et vous vous rafra\u00eechirez avec de l'eau et du coca gratuits.<\/p>\n<p>En outre, vous b\u00e9n\u00e9ficiez d'un transport aller-retour depuis le terminal de croisi\u00e8re, avec une prise en charge possible \u00e0 l'ext\u00e9rieur du port de Taino Bay et du port d'Amber Cove. Pr\u00e9parez-vous \u00e0 vivre une aventure inoubliable \u00e0 Puerto Plata !<\/p>","protected":false},"excerpt":{"rendered":"<div data-track=\"overview\" data-v-56a1a938=\"\">\n<section id=\"activity-overview\" class=\"activity-overview\" data-component=\"overview\" data-v-56a1a938=\"\" data-v-f3236c42=\"\">\n<p class=\"activity-overview__content\" data-test-id=\"activity-overview-content\" data-v-f3236c42=\"\">Profitez de l'excursion des chutes d'eau avec nous, vous allez adorer. Sautez de la cascade, nagez, glissez et sautez dans les cascades tr\u00e8s pr\u00e9cieuses et naturelles. Un guide anglais\/espagnol vous accompagnera.<\/p>\n<\/section>\n<\/div>\n<div data-track=\"key-details\" data-v-56a1a938=\"\"><\/div>","protected":false},"featured_media":10294,"template":"","meta":[],"product_brand":[],"product_cat":[97],"product_tag":[101,102],"class_list":{"0":"post-10174","1":"product","2":"type-product","3":"status-publish","4":"has-post-thumbnail","6":"product_cat-dominican-republic","7":"product_tag-excursion","8":"product_tag-tour","10":"first","11":"instock","12":"sale","13":"shipping-taxable","14":"product-type-external"},"_links":{"self":[{"href":"https:\/\/sabanadelamartours.com\/fr\/wp-json\/wp\/v2\/product\/10174","targetHints":{"allow":["GET"]}}],"collection":[{"href":"https:\/\/sabanadelamartours.com\/fr\/wp-json\/wp\/v2\/product"}],"about":[{"href":"https:\/\/sabanadelamartours.com\/fr\/wp-json\/wp\/v2\/types\/product"}],"version-history":[{"count":2,"href":"https:\/\/sabanadelamartours.com\/fr\/wp-json\/wp\/v2\/product\/10174\/revisions"}],"predecessor-version":[{"id":18385,"href":"https:\/\/sabanadelamartours.com\/fr\/wp-json\/wp\/v2\/product\/10174\/revisions\/18385"}],"wp:featuredmedia":[{"embeddable":true,"href":"https:\/\/sabanadelamartours.com\/fr\/wp-json\/wp\/v2\/media\/10294"}],"wp:attachment":[{"href":"https:\/\/sabanadelamartours.com\/fr\/wp-json\/wp\/v2\/media?parent=10174"}],"wp:term":[{"taxonomy":"product_brand","embeddable":true,"href":"https:\/\/sabanadelamartours.com\/fr\/wp-json\/wp\/v2\/product_brand?post=10174"},{"taxonomy":"product_cat","embeddable":true,"href":"https:\/\/sabanadelamartours.com\/fr\/wp-json\/wp\/v2\/product_cat?post=10174"},{"taxonomy":"product_tag","embeddable":true,"href":"https:\/\/sabanadelamartours.com\/fr\/wp-json\/wp\/v2\/product_tag?post=10174"}],"curies":[{"name":"wp","href":"https:\/\/api.w.org\/{rel}","templated":true}]}}