{"id":10175,"date":"2025-12-18T09:26:35","date_gmt":"2025-12-18T09:26:35","guid":{"rendered":"https:\/\/sabanadelamartours.com\/?post_type=product&#038;p=10175"},"modified":"2025-12-18T09:31:01","modified_gmt":"2025-12-18T09:31:01","slug":"excursion-en-buggy-ou-atv-sur-la-plage-de-punta-cana-et-visite-de-cenotes","status":"publish","type":"product","link":"https:\/\/sabanadelamartours.com\/fr\/tournee\/excursion-en-buggy-ou-atv-sur-la-plage-de-punta-cana-et-visite-de-cenotes\/","title":{"rendered":"Punta Cana : Excursion en buggy ou en VTT sur la plage et visite d'un c\u00e9note"},"content":{"rendered":"<div class=\"woocommerce-product-details__short-description\">\n<div data-track=\"overview\" data-v-56a1a938=\"\">\n<section id=\"activity-overview\" class=\"activity-overview\" data-component=\"overview\" data-v-56a1a938=\"\" data-v-f3236c42=\"\">\n<p data-test-id=\"activity-overview-content\" data-v-f3236c42=\"\"><strong>Punta Cana : Excursion en buggy ou en VTT sur la plage et visite d'un c\u00e9note<\/strong><\/p>\n<p class=\"activity-overview__content\" data-test-id=\"activity-overview-content\" data-v-f3236c42=\"\">Faites une balade en buggy ou en VTT sur les plages pittoresques de Punta Cana. D\u00e9tendez-vous sur la plage de Macao, nagez dans les eaux cristallines des Cara\u00efbes et visitez un c\u00e9note idyllique.<\/p>\n<\/section>\n<\/div>\n<\/div>\n<p>Prise en charge \u00e0 l'h\u00f4tel et d\u00e9part vers l'int\u00e9rieur de Punta Cana. Plongez dans la beaut\u00e9 naturelle du paysage, parsem\u00e9 de plantations de caf\u00e9 et de cacao. D\u00e9couvrez l'itin\u00e9raire et apprenez \u00e0 conduire le buggy ou le VTT en toute s\u00e9curit\u00e9.<\/p>\n<p>Ensuite, d\u00e9marrez votre moteur et partez \u00e0 travers la piste accident\u00e9e et couverte de boue. Arr\u00eatez-vous \u00e0 la plage de Macao, loin de la foule des grands h\u00f4tels. D\u00e9tendez-vous sur le sable propre et baignez-vous dans ses eaux cristallines des Cara\u00efbes. Poursuivez votre route en buggy jusqu'aux Indigenous Springs (sources indig\u00e8nes). D\u00e9couvrez ce c\u00e9note idyllique en d\u00e9barquant pour explorer la piscine souterraine. Plongez dans ses eaux turquoise avant de continuer. Terminez votre excursion en vous faisant d\u00e9poser \u00e0 votre h\u00f4tel \u00e0 Punta Cana.<\/p>","protected":false},"excerpt":{"rendered":"<div data-track=\"overview\" data-v-56a1a938=\"\">\n<section id=\"activity-overview\" class=\"activity-overview\" data-component=\"overview\" data-v-56a1a938=\"\" data-v-f3236c42=\"\">\n<p class=\"activity-overview__content\" data-test-id=\"activity-overview-content\" data-v-f3236c42=\"\">Faites une balade en buggy ou en VTT sur les plages pittoresques de Punta Cana. D\u00e9tendez-vous sur la plage de Macao, nagez dans les eaux cristallines des Cara\u00efbes et visitez un c\u00e9note idyllique.<\/p>\n<\/section>\n<\/div>\n<div data-track=\"key-details\" data-v-56a1a938=\"\"><\/div>","protected":false},"featured_media":10301,"template":"","meta":[],"product_brand":[],"product_cat":[97],"product_tag":[101,102],"class_list":{"0":"post-10175","1":"product","2":"type-product","3":"status-publish","4":"has-post-thumbnail","6":"product_cat-dominican-republic","7":"product_tag-excursion","8":"product_tag-tour","10":"first","11":"instock","12":"sale","13":"shipping-taxable","14":"product-type-external"},"_links":{"self":[{"href":"https:\/\/sabanadelamartours.com\/fr\/wp-json\/wp\/v2\/product\/10175","targetHints":{"allow":["GET"]}}],"collection":[{"href":"https:\/\/sabanadelamartours.com\/fr\/wp-json\/wp\/v2\/product"}],"about":[{"href":"https:\/\/sabanadelamartours.com\/fr\/wp-json\/wp\/v2\/types\/product"}],"version-history":[{"count":0,"href":"https:\/\/sabanadelamartours.com\/fr\/wp-json\/wp\/v2\/product\/10175\/revisions"}],"wp:featuredmedia":[{"embeddable":true,"href":"https:\/\/sabanadelamartours.com\/fr\/wp-json\/wp\/v2\/media\/10301"}],"wp:attachment":[{"href":"https:\/\/sabanadelamartours.com\/fr\/wp-json\/wp\/v2\/media?parent=10175"}],"wp:term":[{"taxonomy":"product_brand","embeddable":true,"href":"https:\/\/sabanadelamartours.com\/fr\/wp-json\/wp\/v2\/product_brand?post=10175"},{"taxonomy":"product_cat","embeddable":true,"href":"https:\/\/sabanadelamartours.com\/fr\/wp-json\/wp\/v2\/product_cat?post=10175"},{"taxonomy":"product_tag","embeddable":true,"href":"https:\/\/sabanadelamartours.com\/fr\/wp-json\/wp\/v2\/product_tag?post=10175"}],"curies":[{"name":"wp","href":"https:\/\/api.w.org\/{rel}","templated":true}]}}