{"id":10176,"date":"2025-12-18T09:26:35","date_gmt":"2025-12-18T09:26:35","guid":{"rendered":"https:\/\/sabanadelamartours.com\/?post_type=product&#038;p=10176"},"modified":"2026-01-05T03:35:18","modified_gmt":"2026-01-05T03:35:18","slug":"excursion-dune-journee-a-punta-cana-santo-domingo-avec-billets-et-dejeuner","status":"publish","type":"product","link":"https:\/\/sabanadelamartours.com\/fr\/tournee\/excursion-dune-journee-a-punta-cana-santo-domingo-avec-billets-et-dejeuner\/","title":{"rendered":"Punta Cana : Excursion d'une journ\u00e9e \u00e0 Santo Domingo avec billets et d\u00e9jeuner"},"content":{"rendered":"<h4 class=\"activity__title js-title\" data-track=\"activity-title\" data-test-id=\"activity-title\">Punta Cana : Excursion d'une journ\u00e9e \u00e0 Santo Domingo avec billets et d\u00e9jeuner<\/h4>\n<p>Saint-Domingue est une ville magique, pleine d'histoire, de culture et de paysages \u00e9tonnants. Explorez la plus ancienne capitale du \u201cnouveau\u201d monde, Saint-Domingue, la premi\u00e8re ville fond\u00e9e en Am\u00e9rique.<\/p>\n<p>Cette visite touristique vous fera d\u00e9couvrir une ville pleine d'histoire et de culture. Une activit\u00e9 id\u00e9ale pour toute la famille.<\/p>\n<p>- Nous viendrons vous chercher \u00e0 votre h\u00f4tel pour commencer une incroyable excursion \u00e0 Saint-Domingue, au cours de laquelle vous verrez des d\u00e9tails incroyables sur la culture de la R\u00e9publique dominicaine.<\/p>\n<p>- \u00c0 l'arriv\u00e9e \u00e0 Saint-Domingue, vous visiterez les incroyables c\u00e9notes du parc national de Los Tres Ojos, particuli\u00e8rement naturels et magiques.<\/p>\n<p>- Vous visiterez les monuments les plus importants de la ville : la premi\u00e8re cath\u00e9drale d'Am\u00e9rique, l'Alc\u00e1zar de Col\u00f3n et le Panth\u00e9on national, El Faro a Col\u00f3n.<\/p>\n<p>- Nous nous prom\u00e8nerons dans la zone coloniale, une rue romantique, la premi\u00e8re en Am\u00e9rique, \u201cThe Ladies\u201d. Nous profiterons d'une vue panoramique ancienne mais pittoresque.<\/p>\n<p>Il fonctionne tous les jours. Sa dur\u00e9e approximative est de 10 heures.<\/p>","protected":false},"excerpt":{"rendered":"<div data-track=\"overview\" data-v-56a1a938=\"\">\n<section id=\"activity-overview\" class=\"activity-overview\" data-component=\"overview\" data-v-56a1a938=\"\" data-v-f3236c42=\"\">\n<p class=\"activity-overview__content\" data-test-id=\"activity-overview-content\" data-v-f3236c42=\"\">D\u00e9couvrez l'histoire, la culture et les paysages de Saint-Domingue lors de cette excursion d'une journ\u00e9e au d\u00e9part de Punta Cana. Visitez les c\u00e9notes du parc national des Trois Yeux, la premi\u00e8re cath\u00e9drale d'Am\u00e9rique et le Panth\u00e9on national.<\/p>\n<\/section>\n<\/div>\n<div data-track=\"key-details\" data-v-56a1a938=\"\"><\/div>","protected":false},"featured_media":10314,"template":"","meta":[],"product_brand":[],"product_cat":[97],"product_tag":[101,102],"class_list":{"0":"post-10176","1":"product","2":"type-product","3":"status-publish","4":"has-post-thumbnail","6":"product_cat-dominican-republic","7":"product_tag-excursion","8":"product_tag-tour","10":"first","11":"instock","12":"sale","13":"shipping-taxable","14":"product-type-external"},"_links":{"self":[{"href":"https:\/\/sabanadelamartours.com\/fr\/wp-json\/wp\/v2\/product\/10176","targetHints":{"allow":["GET"]}}],"collection":[{"href":"https:\/\/sabanadelamartours.com\/fr\/wp-json\/wp\/v2\/product"}],"about":[{"href":"https:\/\/sabanadelamartours.com\/fr\/wp-json\/wp\/v2\/types\/product"}],"version-history":[{"count":1,"href":"https:\/\/sabanadelamartours.com\/fr\/wp-json\/wp\/v2\/product\/10176\/revisions"}],"predecessor-version":[{"id":18402,"href":"https:\/\/sabanadelamartours.com\/fr\/wp-json\/wp\/v2\/product\/10176\/revisions\/18402"}],"wp:featuredmedia":[{"embeddable":true,"href":"https:\/\/sabanadelamartours.com\/fr\/wp-json\/wp\/v2\/media\/10314"}],"wp:attachment":[{"href":"https:\/\/sabanadelamartours.com\/fr\/wp-json\/wp\/v2\/media?parent=10176"}],"wp:term":[{"taxonomy":"product_brand","embeddable":true,"href":"https:\/\/sabanadelamartours.com\/fr\/wp-json\/wp\/v2\/product_brand?post=10176"},{"taxonomy":"product_cat","embeddable":true,"href":"https:\/\/sabanadelamartours.com\/fr\/wp-json\/wp\/v2\/product_cat?post=10176"},{"taxonomy":"product_tag","embeddable":true,"href":"https:\/\/sabanadelamartours.com\/fr\/wp-json\/wp\/v2\/product_tag?post=10176"}],"curies":[{"name":"wp","href":"https:\/\/api.w.org\/{rel}","templated":true}]}}