{"id":10177,"date":"2025-12-18T09:26:35","date_gmt":"2025-12-18T09:26:35","guid":{"rendered":"https:\/\/sabanadelamartours.com\/?post_type=product&#038;p=10177"},"modified":"2026-01-05T03:37:20","modified_gmt":"2026-01-05T03:37:20","slug":"-5","status":"publish","type":"product","link":"https:\/\/sabanadelamartours.com\/fr\/tournee\/-5\/","title":{"rendered":"Puerto Plata : Visite de la ville avec les fabriques de rhum et de chocolat"},"content":{"rendered":"<p><strong>Puerto Plata : Visite de la ville avec les fabriques de rhum et de chocolat<\/strong><\/p>\n<p>Explorez la ville anim\u00e9e de Puerto Plata gr\u00e2ce \u00e0 ce tour de ville complet, id\u00e9al pour les personnes qui visitent la ville pour la premi\u00e8re fois. Vous voyagerez confortablement dans un v\u00e9hicule climatis\u00e9 entre les sites les plus embl\u00e9matiques de la ville. Commencez votre aventure \u00e0 la Macorix House of Rum, o\u00f9 vous d\u00e9couvrirez la riche histoire de la fabrication du rhum sur l'\u00eele et d\u00e9gusterez huit vari\u00e9t\u00e9s diff\u00e9rentes. Ensuite, vous vous prom\u00e8nerez dans Independence Park, un lieu de rencontre magnifique et historique au c\u0153ur de la ville.<\/p>\n<p>Continuez jusqu'\u00e0 l'historique Fortaleza San Felipe, une forteresse espagnole qui prot\u00e9geait autrefois la ville des pirates. Faites un arr\u00eat rapide dans la rue color\u00e9e des Parapluies, id\u00e9ale pour prendre des photos amusantes et faire une pause caf\u00e9. Fl\u00e2nez sur le Paseo de Do\u00f1a Blanca, une charmante rue rose aux accents victoriens, avant de visiter la bijouterie et la boutique de cigares Fifi, qui abrite l'une des plus grandes expositions d'ambre de la R\u00e9publique dominicaine.<\/p>\n<p>Laissez-vous tenter par la chocolaterie Del Oro, o\u00f9 vous d\u00e9couvrirez le processus de fabrication du chocolat et d\u00e9gusterez divers chocolats biologiques. Enfin, vous visiterez l'\u00e9tonnante Catedral San Felipe, une magnifique cath\u00e9drale o\u00f9 vous pourrez prendre des photos m\u00e9morables. L'excursion se termine par un d\u00e9p\u00f4t \u00e0 votre h\u00f4tel ou dans un lieu central, id\u00e9al pour poursuivre l'exploration de Puerto Plata.<\/p>","protected":false},"excerpt":{"rendered":"<div data-track=\"overview\" data-v-56a1a938=\"\">\n<section id=\"activity-overview\" class=\"activity-overview\" data-component=\"overview\" data-v-56a1a938=\"\" data-v-f3236c42=\"\">\n<p class=\"activity-overview__content\" data-test-id=\"activity-overview-content\" data-v-f3236c42=\"\">D\u00e9couvrez l'histoire et la culture de Puerto Plata. Visitez une fabrique de rhum, une chocolaterie et admirez la vue sur l'oc\u00e9an \u00e0 la forteresse de San Felipe.<\/p>\n<\/section>\n<\/div>\n<div data-track=\"key-details\" data-v-56a1a938=\"\"><\/div>","protected":false},"featured_media":10324,"template":"","meta":[],"product_brand":[],"product_cat":[97],"product_tag":[101,102],"class_list":{"0":"post-10177","1":"product","2":"type-product","3":"status-publish","4":"has-post-thumbnail","6":"product_cat-dominican-republic","7":"product_tag-excursion","8":"product_tag-tour","10":"first","11":"instock","12":"shipping-taxable","13":"product-type-external"},"_links":{"self":[{"href":"https:\/\/sabanadelamartours.com\/fr\/wp-json\/wp\/v2\/product\/10177","targetHints":{"allow":["GET"]}}],"collection":[{"href":"https:\/\/sabanadelamartours.com\/fr\/wp-json\/wp\/v2\/product"}],"about":[{"href":"https:\/\/sabanadelamartours.com\/fr\/wp-json\/wp\/v2\/types\/product"}],"version-history":[{"count":1,"href":"https:\/\/sabanadelamartours.com\/fr\/wp-json\/wp\/v2\/product\/10177\/revisions"}],"predecessor-version":[{"id":18403,"href":"https:\/\/sabanadelamartours.com\/fr\/wp-json\/wp\/v2\/product\/10177\/revisions\/18403"}],"wp:featuredmedia":[{"embeddable":true,"href":"https:\/\/sabanadelamartours.com\/fr\/wp-json\/wp\/v2\/media\/10324"}],"wp:attachment":[{"href":"https:\/\/sabanadelamartours.com\/fr\/wp-json\/wp\/v2\/media?parent=10177"}],"wp:term":[{"taxonomy":"product_brand","embeddable":true,"href":"https:\/\/sabanadelamartours.com\/fr\/wp-json\/wp\/v2\/product_brand?post=10177"},{"taxonomy":"product_cat","embeddable":true,"href":"https:\/\/sabanadelamartours.com\/fr\/wp-json\/wp\/v2\/product_cat?post=10177"},{"taxonomy":"product_tag","embeddable":true,"href":"https:\/\/sabanadelamartours.com\/fr\/wp-json\/wp\/v2\/product_tag?post=10177"}],"curies":[{"name":"wp","href":"https:\/\/api.w.org\/{rel}","templated":true}]}}