{"id":10183,"date":"2025-12-18T09:26:35","date_gmt":"2025-12-18T09:26:35","guid":{"rendered":"https:\/\/sabanadelamartours.com\/?post_type=product&#038;p=10183"},"modified":"2026-02-09T04:18:02","modified_gmt":"2026-02-09T04:18:02","slug":"punta-cana-oliver-oliver-rum-tasting-pairing-experience","status":"publish","type":"product","link":"https:\/\/sabanadelamartours.com\/fr\/tournee\/punta-cana-oliver-oliver-rum-tasting-pairing-experience\/","title":{"rendered":"Punta Cana : D\u00e9gustation et d\u00e9gustation de rhum Oliver &amp; Oliver"},"content":{"rendered":"<p><strong>Punta Cana : D\u00e9gustation et d\u00e9gustation de rhum Oliver &amp; Oliver<\/strong><\/p>\n<p>Bienvenue \u00e0 Taino Gourmet, o\u00f9 vous serez guid\u00e9 dans un voyage de saveurs et de go\u00fbts par votre h\u00f4te expert. Notre objectif est de partager la riche culture et l'histoire de la R\u00e9publique dominicaine avec nos h\u00f4tes, et quel meilleur moyen d'y parvenir qu'\u00e0 travers le produit le plus c\u00e9l\u00e8bre et le plus appr\u00e9ci\u00e9 de l'\u00eele : le rhum ?<\/p>\n<p>Nous vous emm\u00e8nerons \u00e0 la d\u00e9couverte du monde du rhum, en vous pr\u00e9sentant l'histoire et le processus de production de la maison du rhum Oliver &amp; Oliver. Vous apprendrez \u00e0 identifier les diff\u00e9rences subtiles qui distinguent chaque rhum et aurez l'occasion de d\u00e9guster et de comparer une s\u00e9lection de ces spiritueux uniques.<\/p>\n<p>Mais le plaisir ne s'arr\u00eate pas l\u00e0 : nous accompagnerons chaque rhum d'une s\u00e9lection de chocolats et de fromages compl\u00e9mentaires, choisis pour faire ressortir le meilleur de chaque vari\u00e9t\u00e9. Que vous soyez un fin connaisseur du rhum ou que vous cherchiez simplement \u00e0 en savoir plus sur ce spiritueux vari\u00e9 et fascinant, vous ne voudrez pas manquer cette exp\u00e9rience de d\u00e9gustation exclusive. Rejoignez-nous et d\u00e9couvrez le monde du rhum comme jamais auparavant !<\/p>","protected":false},"excerpt":{"rendered":"<div data-track=\"overview\" data-v-56a1a938=\"\">\n<section id=\"activity-overview\" class=\"activity-overview\" data-component=\"overview\" data-v-56a1a938=\"\" data-v-f3236c42=\"\">\n<p class=\"activity-overview__content\" data-test-id=\"activity-overview-content\" data-v-f3236c42=\"\">Embarquez pour une visite guid\u00e9e de d\u00e9gustation et d'association du rhum Oliver &amp; Oliver \u00e0 Punta Cana. Go\u00fbtez \u00e0 une s\u00e9lection de rhums \u00e2g\u00e9s de 25 ans, tels que Cubaney Centenario, Unhiq XO, Opthimus et Punta Cana XOX.<\/p>\n<\/section>\n<\/div>\n<div data-track=\"key-details\" data-v-56a1a938=\"\"><\/div>","protected":false},"featured_media":10419,"template":"","meta":[],"product_brand":[],"product_cat":[97],"product_tag":[101,102],"class_list":{"0":"post-10183","1":"product","2":"type-product","3":"status-publish","4":"has-post-thumbnail","6":"product_cat-dominican-republic","7":"product_tag-excursion","8":"product_tag-tour","10":"first","11":"instock","12":"sale","13":"shipping-taxable","14":"product-type-external"},"_links":{"self":[{"href":"https:\/\/sabanadelamartours.com\/fr\/wp-json\/wp\/v2\/product\/10183","targetHints":{"allow":["GET"]}}],"collection":[{"href":"https:\/\/sabanadelamartours.com\/fr\/wp-json\/wp\/v2\/product"}],"about":[{"href":"https:\/\/sabanadelamartours.com\/fr\/wp-json\/wp\/v2\/types\/product"}],"version-history":[{"count":1,"href":"https:\/\/sabanadelamartours.com\/fr\/wp-json\/wp\/v2\/product\/10183\/revisions"}],"predecessor-version":[{"id":18824,"href":"https:\/\/sabanadelamartours.com\/fr\/wp-json\/wp\/v2\/product\/10183\/revisions\/18824"}],"wp:featuredmedia":[{"embeddable":true,"href":"https:\/\/sabanadelamartours.com\/fr\/wp-json\/wp\/v2\/media\/10419"}],"wp:attachment":[{"href":"https:\/\/sabanadelamartours.com\/fr\/wp-json\/wp\/v2\/media?parent=10183"}],"wp:term":[{"taxonomy":"product_brand","embeddable":true,"href":"https:\/\/sabanadelamartours.com\/fr\/wp-json\/wp\/v2\/product_brand?post=10183"},{"taxonomy":"product_cat","embeddable":true,"href":"https:\/\/sabanadelamartours.com\/fr\/wp-json\/wp\/v2\/product_cat?post=10183"},{"taxonomy":"product_tag","embeddable":true,"href":"https:\/\/sabanadelamartours.com\/fr\/wp-json\/wp\/v2\/product_tag?post=10183"}],"curies":[{"name":"wp","href":"https:\/\/api.w.org\/{rel}","templated":true}]}}