{"id":10185,"date":"2025-12-18T09:26:35","date_gmt":"2025-12-18T09:26:35","guid":{"rendered":"https:\/\/sabanadelamartours.com\/?post_type=product&#038;p=10185"},"modified":"2026-01-05T03:53:54","modified_gmt":"2026-01-05T03:53:54","slug":"au-depart-de-bayahibe-demi-journee-a-la-romana-en-atv-ou-en-buggy-4x4","status":"publish","type":"product","link":"https:\/\/sabanadelamartours.com\/fr\/tournee\/au-depart-de-bayahibe-demi-journee-a-la-romana-en-atv-ou-en-buggy-4x4\/","title":{"rendered":"Depuis Bayahibe : Excursion d'une demi-journ\u00e9e \u00e0 La Romana en VTT ou en buggy 4X4"},"content":{"rendered":"<p><strong>Depuis Bayahibe : Excursion d'une demi-journ\u00e9e \u00e0 La Romana en VTT ou en buggy 4X4<\/strong><\/p>\n<p>Premi\u00e8re \u00e9quipe : 8h00 - 12h00<\/p>\n<p>Prise en charge \u00e0 8h00 : Commencez votre journ\u00e9e par une excursion en buggy \u00e0 Bayahibe, o\u00f9 vous serez pris en charge pour cette exp\u00e9rience unique.<\/p>\n<p>Bateyes et canne \u00e0 sucre : Explorez les bateyes, d\u00e9couvrez la vie des travailleurs ha\u00eftiens et faites une halte pour d\u00e9guster de la canne \u00e0 sucre authentique et des rafra\u00eechissements. Plongez dans la culture en explorant cet environnement fascinant.<\/p>\n<p>Rivi\u00e8re Chav\u00f3n : Faites le plein d'adr\u00e9naline en vous aventurant dans les eaux de la rivi\u00e8re Chav\u00f3n. Profitez d'une baignade revitalisante et participez \u00e0 des activit\u00e9s aquatiques qui vous rapprocheront encore plus de la nature.<\/p>\n<p>Ranch et d\u00e9gustation : Rendez-vous au ranch pour une pause culturelle et culinaire. D\u00e9gustez une assiette de fruits frais, de caf\u00e9 et de chocolat tout en explorant les plants de caf\u00e9, de cacao et d'autres fruits tropicaux. D\u00e9couvrez la magie de la production locale.<\/p>\n<p>Retour \u00e0 12h00 : Apr\u00e8s une matin\u00e9e de d\u00e9couvertes, nous retournons au point de d\u00e9part \u00e0 12h00.<\/p>\n<p>Deuxi\u00e8me \u00e9quipe : 14h00 - 17h30<\/p>\n<p>Prise en charge \u00e0 14h00 : Pr\u00e9parez-vous \u00e0 un apr\u00e8s-midi d'exploration et d'aventures en buggy.<\/p>\n<p>Bateyes et canne \u00e0 sucre : Revivez l'exp\u00e9rience des bateyes, en approfondissant la vie et la culture des travailleurs ha\u00eftiens.<\/p>\n<p>Rivi\u00e8re Chav\u00f3n : Explorez \u00e0 nouveau les eaux de la rivi\u00e8re Chav\u00f3n, en vous immergeant dans la beaut\u00e9 naturelle et l'excitation des activit\u00e9s nautiques.<\/p>\n<p>Ranch et d\u00e9gustation : Retour au ranch pour une nouvelle session de d\u00e9couverte culturelle et culinaire. Explorez le caf\u00e9, le cacao et d'autres d\u00e9lices locaux tout en d\u00e9gustant de nouvelles friandises.<\/p>\n<p>Retour \u00e0 17h30 : L'excursion se termine au coucher du soleil et le retour s'effectue \u00e0 17h30.<\/p>","protected":false},"excerpt":{"rendered":"<div data-track=\"overview\" data-v-f00c0656=\"\">\n<section id=\"activity-overview\" class=\"activity-overview\" data-component=\"overview\" data-v-f00c0656=\"\" data-v-f3236c42=\"\">\n<p class=\"activity-overview__content\" data-test-id=\"activity-overview-content\" data-v-f3236c42=\"\">R\u00e9veillez votre esprit d'aventure avec notre excursion en buggy \u00e0 Bayahibe. De la culture vibrante des bateyes \u00e0 l'excitation des eaux de la rivi\u00e8re Chav\u00f3n.<\/p>\n<\/section>\n<\/div>\n<div data-track=\"key-details\" data-v-f00c0656=\"\"><\/div>","protected":false},"featured_media":10441,"template":"","meta":[],"product_brand":[],"product_cat":[97],"product_tag":[101,102],"class_list":{"0":"post-10185","1":"product","2":"type-product","3":"status-publish","4":"has-post-thumbnail","6":"product_cat-dominican-republic","7":"product_tag-excursion","8":"product_tag-tour","10":"first","11":"instock","12":"sale","13":"shipping-taxable","14":"product-type-external"},"_links":{"self":[{"href":"https:\/\/sabanadelamartours.com\/fr\/wp-json\/wp\/v2\/product\/10185","targetHints":{"allow":["GET"]}}],"collection":[{"href":"https:\/\/sabanadelamartours.com\/fr\/wp-json\/wp\/v2\/product"}],"about":[{"href":"https:\/\/sabanadelamartours.com\/fr\/wp-json\/wp\/v2\/types\/product"}],"version-history":[{"count":2,"href":"https:\/\/sabanadelamartours.com\/fr\/wp-json\/wp\/v2\/product\/10185\/revisions"}],"predecessor-version":[{"id":18413,"href":"https:\/\/sabanadelamartours.com\/fr\/wp-json\/wp\/v2\/product\/10185\/revisions\/18413"}],"wp:featuredmedia":[{"embeddable":true,"href":"https:\/\/sabanadelamartours.com\/fr\/wp-json\/wp\/v2\/media\/10441"}],"wp:attachment":[{"href":"https:\/\/sabanadelamartours.com\/fr\/wp-json\/wp\/v2\/media?parent=10185"}],"wp:term":[{"taxonomy":"product_brand","embeddable":true,"href":"https:\/\/sabanadelamartours.com\/fr\/wp-json\/wp\/v2\/product_brand?post=10185"},{"taxonomy":"product_cat","embeddable":true,"href":"https:\/\/sabanadelamartours.com\/fr\/wp-json\/wp\/v2\/product_cat?post=10185"},{"taxonomy":"product_tag","embeddable":true,"href":"https:\/\/sabanadelamartours.com\/fr\/wp-json\/wp\/v2\/product_tag?post=10185"}],"curies":[{"name":"wp","href":"https:\/\/api.w.org\/{rel}","templated":true}]}}