{"id":10186,"date":"2025-12-18T09:26:35","date_gmt":"2025-12-18T09:26:35","guid":{"rendered":"https:\/\/sabanadelamartours.com\/?post_type=product&#038;p=10186"},"modified":"2026-01-05T03:54:47","modified_gmt":"2026-01-05T03:54:47","slug":"punta-cana-blue-hole-and-scape-park-cap-cana-entry-ticket","status":"publish","type":"product","link":"https:\/\/sabanadelamartours.com\/fr\/tournee\/punta-cana-blue-hole-and-scape-park-cap-cana-entry-ticket\/","title":{"rendered":"Punta Cana : Blue Hole et Scape Park Cap Cana Ticket d'entr\u00e9e"},"content":{"rendered":"<p><strong>Punta Cana : Blue Hole et Scape Park Cap Cana Ticket d'entr\u00e9e<\/strong><\/p>\n<p>Commencez votre journ\u00e9e dans un autocar climatis\u00e9 qui vous emm\u00e8ne de votre h\u00f4tel \u00e0 Scape Park, un parc d'\u00e9co-aventure situ\u00e9 dans le Cap Cana Resort, qui s'\u00e9tend sur plus de 100 hectares sur la c\u00f4te est de la R\u00e9publique dominicaine.<\/p>\n<p>Ce billet d'entr\u00e9e pour une journ\u00e9e compl\u00e8te comprend les 10 attractions de qualit\u00e9 disponibles \u00e0 Scape Park. Vous pouvez d\u00e9cider de commencer votre aventure au Scape Park par l'Eco Tour en tyrolienne, puis de vous rafra\u00eechir au Blue Hole. C'est vous qui d\u00e9cidez.<\/p>\n<p>Attractions disponibles dans le parc :<\/p>\n<p><strong>Sentier du trou bleu et du c\u00e9note :<\/strong> Embarquez pour une aventure captivante avec le sentier du c\u00e9note de Blue Hole, un itin\u00e9raire diversifi\u00e9 et pittoresque qui promet un riche m\u00e9lange de merveilles naturelles. Ce sentier offre une exp\u00e9rience immersive \u00e0 travers des \u00e9cosyst\u00e8mes vari\u00e9s, dont une zone humide luxuriante, un pont suspendu palpitant, de charmantes cascades et un c\u00e9note serein<\/p>\n<p><strong>Exp\u00e9dition dans les grottes :<\/strong> Montez \u00e0 Farallon Cliff et faites un trekking dans la jungle. Descendez un escalier pour entrer dans la grotte et explorez son vaste r\u00e9seau souterrain de chambres et de tunnels.<\/p>\n<p><strong>Itin\u00e9raire culturel : <\/strong> Au cours d'une promenade dans la nature, vous verrez les marques laiss\u00e9es par les Tainos, les premiers habitants de l'\u00eele.<\/p>\n<p><strong>Saltos Azules :<\/strong> Sautez de notre corde Mabo, envolez-vous dans le ciel gr\u00e2ce \u00e0 notre balan\u00e7oire Macuya, zigzaguez et faites le plein de sensations fortes dans notre barre de singe ! Et montez dans nos hamacs d'eau qui vous emm\u00e8nent \u00e0 toute vitesse et vous \u00e9claboussent dans ces eaux rafra\u00eechissantes entour\u00e9es de grottes anciennes et de chutes d'eau impressionnantes. L'exp\u00e9rience d'une vie !<\/p>\n<p><strong>Tyrolienne Eco Splash :<\/strong> \u00cates-vous pr\u00eat \u00e0 vous lancer dans une nouvelle aventure ? Rafra\u00eechissez-vous avec style gr\u00e2ce \u00e0 notre Zipline Eco-Splash, la fusion ultime de l'excitation et de l'amusement aquatique rafra\u00eechissant ! D\u00e9couvrez la beaut\u00e9 exotique de votre environnement d'un point de vue unique en vous lan\u00e7ant dans les airs et en glissant sans effort \u00e0 travers les fontaines, les cascades et les canons \u00e0 eau. Une fa\u00e7on parfaite de faire monter l'aventure !<\/p>\n<p><strong>Iguanaland :<\/strong>Au cours de ce voyage sauvage, vous rencontrerez de pr\u00e8s nos iguanes rhinoc\u00e9ros. Une esp\u00e8ce de reptile que l'on ne trouve que sur cette \u00eele tropicale.<\/p>\n<p>Les coureurs de corde : Embarquez pour un voyage exaltant \u00e0 travers notre parcours de cordes - Balancez-vous, balancez-vous et planez \u00e0 travers les cimes des arbres comme un aventurier intr\u00e9pide,<\/p>\n<p>TYROLIENNE SUPER RIDE. Pr\u00e9parez-vous \u00e0 canaliser le super-h\u00e9ros qui sommeille en vous dans notre tyrolienne Super-man ! Ressentez l'adr\u00e9naline en avan\u00e7ant dans le ciel, suspendu comme un super-h\u00e9ros en mission pour vaincre la gravit\u00e9. Car ici, tout le monde est un super-h\u00e9ros !<\/p>\n<p>ESCAPADE \u00c0 LA PLAGE : Profitez d'une escapade sur l'une des plus belles plages du pays, de sable blanc et fin, d'une eau turquoise et d'une brise tropicale fra\u00eeche au Juanillo Beach Club. Cette activit\u00e9 est soumise aux conditions m\u00e9t\u00e9orologiques et \u00e0 la pr\u00e9sence de sargasses sur la c\u00f4te.<\/p>","protected":false},"excerpt":{"rendered":"<div data-track=\"overview\" data-v-f00c0656=\"\">\n<section id=\"activity-overview\" class=\"activity-overview\" data-component=\"overview\" data-v-f00c0656=\"\" data-v-f3236c42=\"\">\n<p class=\"activity-overview__content\" data-test-id=\"activity-overview-content\" data-v-f3236c42=\"\">Profitez d'une journ\u00e9e compl\u00e8te d'aventure \u00e0 Scape Park ! Gr\u00e2ce \u00e0 cette offre exclusive, vous pouvez cr\u00e9er des combinaisons d'activit\u00e9s presque infinies. Cr\u00e9ez votre propre itin\u00e9raire d'une journ\u00e9e \u00e0 partir des incroyables attractions du parc.<\/p>\n<\/section>\n<\/div>\n<div data-track=\"key-details\" data-v-f00c0656=\"\"><\/div>","protected":false},"featured_media":10470,"template":"","meta":[],"product_brand":[],"product_cat":[97],"product_tag":[101,102],"class_list":{"0":"post-10186","1":"product","2":"type-product","3":"status-publish","4":"has-post-thumbnail","6":"product_cat-dominican-republic","7":"product_tag-excursion","8":"product_tag-tour","10":"first","11":"instock","12":"sale","13":"shipping-taxable","14":"product-type-external"},"_links":{"self":[{"href":"https:\/\/sabanadelamartours.com\/fr\/wp-json\/wp\/v2\/product\/10186","targetHints":{"allow":["GET"]}}],"collection":[{"href":"https:\/\/sabanadelamartours.com\/fr\/wp-json\/wp\/v2\/product"}],"about":[{"href":"https:\/\/sabanadelamartours.com\/fr\/wp-json\/wp\/v2\/types\/product"}],"version-history":[{"count":1,"href":"https:\/\/sabanadelamartours.com\/fr\/wp-json\/wp\/v2\/product\/10186\/revisions"}],"predecessor-version":[{"id":18414,"href":"https:\/\/sabanadelamartours.com\/fr\/wp-json\/wp\/v2\/product\/10186\/revisions\/18414"}],"wp:featuredmedia":[{"embeddable":true,"href":"https:\/\/sabanadelamartours.com\/fr\/wp-json\/wp\/v2\/media\/10470"}],"wp:attachment":[{"href":"https:\/\/sabanadelamartours.com\/fr\/wp-json\/wp\/v2\/media?parent=10186"}],"wp:term":[{"taxonomy":"product_brand","embeddable":true,"href":"https:\/\/sabanadelamartours.com\/fr\/wp-json\/wp\/v2\/product_brand?post=10186"},{"taxonomy":"product_cat","embeddable":true,"href":"https:\/\/sabanadelamartours.com\/fr\/wp-json\/wp\/v2\/product_cat?post=10186"},{"taxonomy":"product_tag","embeddable":true,"href":"https:\/\/sabanadelamartours.com\/fr\/wp-json\/wp\/v2\/product_tag?post=10186"}],"curies":[{"name":"wp","href":"https:\/\/api.w.org\/{rel}","templated":true}]}}