{"id":10187,"date":"2025-12-18T09:26:35","date_gmt":"2025-12-18T09:26:35","guid":{"rendered":"https:\/\/sabanadelamartours.com\/?post_type=product&#038;p=10187"},"modified":"2026-02-09T04:19:37","modified_gmt":"2026-02-09T04:19:37","slug":"nager-avec-les-dauphins-a-punta-cana","status":"publish","type":"product","link":"https:\/\/sabanadelamartours.com\/fr\/tournee\/nager-avec-les-dauphins-a-punta-cana\/","title":{"rendered":"Nager avec les dauphins \u00e0 Punta Cana"},"content":{"rendered":"<p><strong>Nager avec les dauphins \u00e0 Punta Cana<\/strong><\/p>\n<p>Nous sommes un parc naturel situ\u00e9 \u00e0 Punta Cana, en R\u00e9publique dominicaine, dont l'attraction principale est la nage et l'interaction avec les dauphins en mer. Notre mission principale est de vous faire vivre une exp\u00e9rience unique et inoubliable tout en vous sensibilisant \u00e0 la conservation de la biodiversit\u00e9 terrestre et marine.<\/p>\n<p>Le tout dans un environnement naturel d'une grande beaut\u00e9, o\u00f9 la v\u00e9g\u00e9tation luxuriante rencontre les eaux chaudes de la mer des Cara\u00efbes.<\/p>\n<p>Alors laissez-vous porter par l'\u00e9lan de la nature et venez explorer les nombreuses possibilit\u00e9s qui s'offrent \u00e0 vous !<\/p>\n<p>Vous pouvez choisir parmi nos diff\u00e9rents plans d'interaction ou de natation :<\/p>\n<p>Programme fantastique<\/p>\n<p>Il n'est pas n\u00e9cessaire d'\u00eatre un nageur expert pour vivre une belle exp\u00e9rience avec les dauphins. Tout le monde peut participer \u00e0 ce programme !<\/p>\n<p>L'un de nos sympathiques dauphins vous accueillera avec ses nageoires amicales et vous pourrez alors profiter du moment magique d'embrasser un dauphin.<\/p>\n<p>* Il est con\u00e7u pour un maximum de 20 personnes par groupe.<\/p>\n<p>* Temps dans l'eau : 40 minutes<\/p>\n<p>*Comprend l'activit\u00e9 avec 1 (un) dauphin<\/p>\n<p>* Con\u00e7u pour tous les types de nageurs, du d\u00e9butant \u00e0 l'expert<\/p>\n<p>Programme d'exploration L'aventure, c'est ce que vous vivez avec ce programme ! Pr\u00e9parez-vous \u00e0 nager avec nos sympathiques dauphins et \u00e0 d\u00e9couvrir leur force \u00e9tonnante m\u00eal\u00e9e de douceur.<\/p>\n<p>Pendant 50 minutes dans l'eau, vous danserez et jouerez avec eux, puis recevrez un tendre baiser de dauphin. Vous effectuerez \u00e9galement des interactions telles que la balade ventrale et la balade dorsale.<\/p>\n<p>Programme con\u00e7u pour un maximum de 12 personnes par groupe Ce programme a \u00e9t\u00e9 con\u00e7u pour les nageurs d'un niveau interm\u00e9diaire et plus.<\/p>\n<p>Programme d'excellence<\/p>\n<p>Vous apprendrez, sous la direction de nos dresseurs, \u00e0 effectuer la pouss\u00e9e des pieds, au cours de laquelle les dauphins vous poussent \u00e0 toute vitesse. Vous vivrez \u00e9galement l'exp\u00e9rience incroyable d'une balade dorsale avec les deux dauphins. Vous pourrez admirer comment les dauphins sautent au-dessus de vous.<\/p>\n<p>Temps dans l'eau, 60 minutes Ce programme est con\u00e7u pour un maximum de 10 personnes par groupe. Il y aura deux dauphins par groupe Pour les personnes ayant un niveau interm\u00e9diaire et plus, pour nager<\/p>","protected":false},"excerpt":{"rendered":"<div data-track=\"overview\" data-v-83a2b402=\"\">\n<section id=\"activity-overview\" class=\"activity-overview\" data-component=\"overview\" data-v-83a2b402=\"\" data-v-f3236c42=\"\">\n<p class=\"activity-overview__content\" data-test-id=\"activity-overview-content\" data-v-f3236c42=\"\">- Profitez d'une exp\u00e9rience unique et inoubliable avec les dauphins.<\/p>\n<\/section>\n<\/div>\n<div data-track=\"key-details\" data-v-83a2b402=\"\"><\/div>","protected":false},"featured_media":10474,"template":"","meta":[],"product_brand":[],"product_cat":[97],"product_tag":[101,102],"class_list":{"0":"post-10187","1":"product","2":"type-product","3":"status-publish","4":"has-post-thumbnail","6":"product_cat-dominican-republic","7":"product_tag-excursion","8":"product_tag-tour","10":"first","11":"instock","12":"sale","13":"shipping-taxable","14":"product-type-external"},"_links":{"self":[{"href":"https:\/\/sabanadelamartours.com\/fr\/wp-json\/wp\/v2\/product\/10187","targetHints":{"allow":["GET"]}}],"collection":[{"href":"https:\/\/sabanadelamartours.com\/fr\/wp-json\/wp\/v2\/product"}],"about":[{"href":"https:\/\/sabanadelamartours.com\/fr\/wp-json\/wp\/v2\/types\/product"}],"version-history":[{"count":1,"href":"https:\/\/sabanadelamartours.com\/fr\/wp-json\/wp\/v2\/product\/10187\/revisions"}],"predecessor-version":[{"id":18825,"href":"https:\/\/sabanadelamartours.com\/fr\/wp-json\/wp\/v2\/product\/10187\/revisions\/18825"}],"wp:featuredmedia":[{"embeddable":true,"href":"https:\/\/sabanadelamartours.com\/fr\/wp-json\/wp\/v2\/media\/10474"}],"wp:attachment":[{"href":"https:\/\/sabanadelamartours.com\/fr\/wp-json\/wp\/v2\/media?parent=10187"}],"wp:term":[{"taxonomy":"product_brand","embeddable":true,"href":"https:\/\/sabanadelamartours.com\/fr\/wp-json\/wp\/v2\/product_brand?post=10187"},{"taxonomy":"product_cat","embeddable":true,"href":"https:\/\/sabanadelamartours.com\/fr\/wp-json\/wp\/v2\/product_cat?post=10187"},{"taxonomy":"product_tag","embeddable":true,"href":"https:\/\/sabanadelamartours.com\/fr\/wp-json\/wp\/v2\/product_tag?post=10187"}],"curies":[{"name":"wp","href":"https:\/\/api.w.org\/{rel}","templated":true}]}}