{"id":10188,"date":"2025-12-18T09:26:35","date_gmt":"2025-12-18T09:26:35","guid":{"rendered":"https:\/\/sabanadelamartours.com\/?post_type=product&#038;p=10188"},"modified":"2026-01-10T16:06:06","modified_gmt":"2026-01-10T16:06:06","slug":"-8","status":"publish","type":"product","link":"https:\/\/sabanadelamartours.com\/fr\/tournee\/-8\/","title":{"rendered":"Punta Cana : Exp\u00e9rience de la bo\u00eete de nuit Coco Bongo avec transfert"},"content":{"rendered":"<p>Plongez dans une nuit pleine de musique, de confettis, d'effets sp\u00e9ciaux, de jeux de lumi\u00e8re et d'action non-stop au Coco Bongo. Choisissez l'option Open Bar ou Gold Member. Selon l'option choisie, vous b\u00e9n\u00e9ficierez de diff\u00e9rents avantages tout au long de la nuit, tels que des boissons nationales, des boissons premium et bien d'autres encore.<\/p>\n<p>Coco Bongo est r\u00e9put\u00e9 pour ses spectacles \u00e9tincelants et sa musique qui ne manquera pas de vous faire danser. Une fois les lumi\u00e8res tamis\u00e9es, le spectacle commence vraiment avec des confettis scintillants qui tombent du ciel et des num\u00e9ros d'hommage qui montent sur sc\u00e8ne, reprenant le meilleur de Madonna, Michael Jackson et Beyonc\u00e9.<\/p>\n<p>Si vous aimez la vie nocturne, la danse et les cocktails tropicaux, le Coco Bongo Punta Cana est une exp\u00e9rience \u00e0 ne pas manquer.<\/p>","protected":false},"excerpt":{"rendered":"<div data-track=\"overview\" data-v-83a2b402=\"\">\n<section id=\"activity-overview\" class=\"activity-overview\" data-component=\"overview\" data-v-83a2b402=\"\" data-v-f3236c42=\"\">\n<p class=\"activity-overview__content\" data-test-id=\"activity-overview-content\" data-v-f3236c42=\"\">Profitez du spectacle de l'une des bo\u00eetes de nuit les plus c\u00e9l\u00e8bres d'Am\u00e9rique latine. Les nuits au Coco Bongo sont magiques, avec un spectacle vari\u00e9 et une grande vari\u00e9t\u00e9 de sc\u00e9narios changeants.<\/p>\n<\/section>\n<\/div>\n<div data-track=\"key-details\" data-v-83a2b402=\"\"><\/div>","protected":false},"featured_media":10482,"template":"","meta":[],"product_brand":[],"product_cat":[97],"product_tag":[101,102],"class_list":{"0":"post-10188","1":"product","2":"type-product","3":"status-publish","4":"has-post-thumbnail","6":"product_cat-dominican-republic","7":"product_tag-excursion","8":"product_tag-tour","10":"first","11":"instock","12":"shipping-taxable","13":"product-type-external"},"_links":{"self":[{"href":"https:\/\/sabanadelamartours.com\/fr\/wp-json\/wp\/v2\/product\/10188","targetHints":{"allow":["GET"]}}],"collection":[{"href":"https:\/\/sabanadelamartours.com\/fr\/wp-json\/wp\/v2\/product"}],"about":[{"href":"https:\/\/sabanadelamartours.com\/fr\/wp-json\/wp\/v2\/types\/product"}],"version-history":[{"count":1,"href":"https:\/\/sabanadelamartours.com\/fr\/wp-json\/wp\/v2\/product\/10188\/revisions"}],"predecessor-version":[{"id":18415,"href":"https:\/\/sabanadelamartours.com\/fr\/wp-json\/wp\/v2\/product\/10188\/revisions\/18415"}],"wp:featuredmedia":[{"embeddable":true,"href":"https:\/\/sabanadelamartours.com\/fr\/wp-json\/wp\/v2\/media\/10482"}],"wp:attachment":[{"href":"https:\/\/sabanadelamartours.com\/fr\/wp-json\/wp\/v2\/media?parent=10188"}],"wp:term":[{"taxonomy":"product_brand","embeddable":true,"href":"https:\/\/sabanadelamartours.com\/fr\/wp-json\/wp\/v2\/product_brand?post=10188"},{"taxonomy":"product_cat","embeddable":true,"href":"https:\/\/sabanadelamartours.com\/fr\/wp-json\/wp\/v2\/product_cat?post=10188"},{"taxonomy":"product_tag","embeddable":true,"href":"https:\/\/sabanadelamartours.com\/fr\/wp-json\/wp\/v2\/product_tag?post=10188"}],"curies":[{"name":"wp","href":"https:\/\/api.w.org\/{rel}","templated":true}]}}