{"id":10189,"date":"2025-12-18T09:26:35","date_gmt":"2025-12-18T09:26:35","guid":{"rendered":"https:\/\/sabanadelamartours.com\/?post_type=product&#038;p=10189"},"modified":"2026-01-05T03:58:05","modified_gmt":"2026-01-05T03:58:05","slug":"ile-de-saona-plage-piscine-naturelle-circuit-en-petit-groupe-avec-dejeuner","status":"publish","type":"product","link":"https:\/\/sabanadelamartours.com\/fr\/tournee\/ile-de-saona-plage-piscine-naturelle-circuit-en-petit-groupe-avec-dejeuner\/","title":{"rendered":"\u00cele de Saona : Plage et piscine naturelle en petit groupe avec d\u00e9jeuner"},"content":{"rendered":"<p><strong>\u00cele de Saona : Plage et piscine naturelle en petit groupe avec d\u00e9jeuner<\/strong><\/p>\n<p>Pr\u00e9parez-vous \u00e0 embarquer pour un voyage extraordinaire, en commen\u00e7ant par une prise en charge pittoresque et un trajet tranquille jusqu'\u00e0 Bayahibe, la porte d'entr\u00e9e de votre aventure. \u00c0 votre arriv\u00e9e \u00e0 Bayahibe, vous prendrez le large \u00e0 bord d'un bateau rapide aux lignes pures qui vous emm\u00e8nera jusqu'\u00e0 l'impressionnant parc national de Cotubanama. En route, vous aurez la chance de participer \u00e0 plusieurs arr\u00eats captivants et immersifs, ce qui ajoutera de la profondeur et de l'excitation \u00e0 votre exp\u00e9rience.<\/p>\n<p>L'\u00eele fait partie du parc national de Cotubanama et est accessible par bateau depuis Bayahibe. C'est un choix populaire pour les excursions d'une journ\u00e9e, offrant la possibilit\u00e9 de se d\u00e9tendre sur la plage, de nager dans les eaux cristallines et d'appr\u00e9cier la beaut\u00e9 naturelle de la r\u00e9gion. Si vous \u00eates \u00e0 la recherche d'une excursion m\u00e9morable avec des vues panoramiques et des exp\u00e9riences uniques, l'\u00eele de Saona m\u00e9rite d'\u00eatre prise en consid\u00e9ration.<\/p>","protected":false},"excerpt":{"rendered":"<div data-track=\"overview\" data-v-83a2b402=\"\">\n<section id=\"activity-overview\" class=\"activity-overview\" data-component=\"overview\" data-v-83a2b402=\"\" data-v-f3236c42=\"\">\n<p class=\"activity-overview__content\" data-test-id=\"activity-overview-content\" data-v-f3236c42=\"\">Explorez la beaut\u00e9 de l'\u00eele de Saona en embarquant pour une croisi\u00e8re d'aventure. Profitez d'une pause pour faire de la plong\u00e9e avec masque et tuba, d\u00e9jeunez sur une plage idyllique de sable blanc et faites un plongeon rafra\u00eechissant dans une piscine naturelle immacul\u00e9e.<\/p>\n<\/section>\n<\/div>\n<div data-track=\"key-details\" data-v-83a2b402=\"\"><\/div>","protected":false},"featured_media":10489,"template":"","meta":[],"product_brand":[],"product_cat":[97],"product_tag":[101,102],"class_list":{"0":"post-10189","1":"product","2":"type-product","3":"status-publish","4":"has-post-thumbnail","6":"product_cat-dominican-republic","7":"product_tag-excursion","8":"product_tag-tour","10":"first","11":"instock","12":"sale","13":"shipping-taxable","14":"product-type-external"},"_links":{"self":[{"href":"https:\/\/sabanadelamartours.com\/fr\/wp-json\/wp\/v2\/product\/10189","targetHints":{"allow":["GET"]}}],"collection":[{"href":"https:\/\/sabanadelamartours.com\/fr\/wp-json\/wp\/v2\/product"}],"about":[{"href":"https:\/\/sabanadelamartours.com\/fr\/wp-json\/wp\/v2\/types\/product"}],"version-history":[{"count":1,"href":"https:\/\/sabanadelamartours.com\/fr\/wp-json\/wp\/v2\/product\/10189\/revisions"}],"predecessor-version":[{"id":18416,"href":"https:\/\/sabanadelamartours.com\/fr\/wp-json\/wp\/v2\/product\/10189\/revisions\/18416"}],"wp:featuredmedia":[{"embeddable":true,"href":"https:\/\/sabanadelamartours.com\/fr\/wp-json\/wp\/v2\/media\/10489"}],"wp:attachment":[{"href":"https:\/\/sabanadelamartours.com\/fr\/wp-json\/wp\/v2\/media?parent=10189"}],"wp:term":[{"taxonomy":"product_brand","embeddable":true,"href":"https:\/\/sabanadelamartours.com\/fr\/wp-json\/wp\/v2\/product_brand?post=10189"},{"taxonomy":"product_cat","embeddable":true,"href":"https:\/\/sabanadelamartours.com\/fr\/wp-json\/wp\/v2\/product_cat?post=10189"},{"taxonomy":"product_tag","embeddable":true,"href":"https:\/\/sabanadelamartours.com\/fr\/wp-json\/wp\/v2\/product_tag?post=10189"}],"curies":[{"name":"wp","href":"https:\/\/api.w.org\/{rel}","templated":true}]}}