{"id":10192,"date":"2025-12-18T09:26:35","date_gmt":"2025-12-18T09:26:35","guid":{"rendered":"https:\/\/sabanadelamartours.com\/?post_type=product&#038;p=10192"},"modified":"2026-01-05T04:29:53","modified_gmt":"2026-01-05T04:29:53","slug":"visite-de-la-ville-de-puerto-plata-avec-dejeuner-au-mont-isabel","status":"publish","type":"product","link":"https:\/\/sabanadelamartours.com\/fr\/tournee\/visite-de-la-ville-de-puerto-plata-avec-dejeuner-au-mont-isabel\/","title":{"rendered":"Puerto Plata : Tour de ville avec le Mont Isabel et d\u00e9jeuner"},"content":{"rendered":"<p>Puerto Plata : Tour de ville avec le Mont Isabel et d\u00e9jeuner<\/p>\n<p>Explorez Puerto Plata gr\u00e2ce \u00e0 cette version compl\u00e8te de la visite de la ville ! Vous passerez avec nous environ 6-7 heures \u00e0 d\u00e9couvrir la v\u00e9ritable R\u00e9publique dominicaine. Nos guides parlent anglais, allemand, fran\u00e7ais, polonais et espagnol.<\/p>\n<p>Faites l'exp\u00e9rience de monter au sommet du c\u00e9l\u00e8bre Mont Isabel, et profitez d'une vue plongeante sur la c\u00f4te et la ville de Puerto Plata. Faites une agr\u00e9able promenade dans le parc national exotique du pic Isabela. Appr\u00e9ciez la nature vibrante dans un jardin botanique.<\/p>\n<p>D\u00e9couvrez ensuite la ville coloniale : Independence Parque avec la cath\u00e9drale Saint Philippe et les vieilles maisons en bois color\u00e9es qui l'entourent, la c\u00e9l\u00e8bre Umbrella Street et la Dona Blanca Pink Street. Go\u00fbtez \u00e0 la noix de coco fra\u00eeche d'un vendeur de rue ! Prenez le temps de savourer une tasse de caf\u00e9 dominicain ou une bi\u00e8re fra\u00eeche. Vous pourrez y trouver quelques souvenirs si vous le souhaitez. Explorez la forteresse Saint Philippe le long de la baie du port et jetez un coup d'\u0153il aux bateaux de p\u00eache sur le Malecon, le boulevard du bord de mer.<\/p>\n<p>Dans l'apr\u00e8s-midi, vous prendrez un d\u00e9jeuner typiquement dominicain : du poisson ou de la viande avec du riz et des haricots. On l'appelle \u201cbandera dominicana\u201d - \u201cdrapeau dominicain\u201d. Si vous \u00eates v\u00e9g\u00e9tarien ou v\u00e9g\u00e9talien, nous vous pr\u00e9parerons quelque chose de diff\u00e9rent. Les boissons non alcoolis\u00e9es pendant le repas sont incluses.<\/p>\n<p>Apr\u00e8s le repas, vous visiterez l'usine Macorix House of Rum o\u00f9 vous pourrez d\u00e9guster plusieurs sortes de rhum et de liqueurs de canne \u00e0 sucre. Vous ressentirez l'ambiance des Cara\u00efbes \ud83d\ude42 .<\/p>\n<p>La R\u00e9publique dominicaine est connue pour \u00eatre le premier producteur mondial de cacao biologique. Vous visiterez la fabrique de chocolat biologique de Puerto Plata o\u00f9 vous pourrez le d\u00e9guster.<\/p>\n<p>Enfin, nous passerons au supermarch\u00e9 pour faire quelques achats dominicains : rhum, caf\u00e9, cacao, etc. \u00e0 des prix locaux abordables.<\/p>\n<p>A la fin de l'excursion, vous serez surpris de voir tout ce qu'il est possible de faire \u00e0 Puerto Plata City Tour \ud83d\ude42 Ce sera une journ\u00e9e qui vous laissera des souvenirs inoubliables de la R\u00e9publique Dominicaine ! Il n'y a pas de temps \u00e0 perdre, profitez-en tous.<\/p>","protected":false},"excerpt":{"rendered":"<div data-track=\"overview\" data-v-83a2b402=\"\">\n<section id=\"activity-overview\" class=\"activity-overview\" data-component=\"overview\" data-v-83a2b402=\"\" data-v-f3236c42=\"\">\n<p class=\"activity-overview__content\" data-test-id=\"activity-overview-content\" data-v-f3236c42=\"\">Explorez Puerto Plata lors de cette visite des points forts de la ville, faites un tour au sommet du mont Isabel, admirez la c\u00f4te et traversez le parc national exotique, avant de savourer un d\u00e9jeuner typique.<\/p>\n<\/section>\n<\/div>\n<div data-track=\"key-details\" data-v-83a2b402=\"\"><\/div>","protected":false},"featured_media":10568,"template":"","meta":[],"product_brand":[],"product_cat":[97],"product_tag":[101,102],"class_list":{"0":"post-10192","1":"product","2":"type-product","3":"status-publish","4":"has-post-thumbnail","6":"product_cat-dominican-republic","7":"product_tag-excursion","8":"product_tag-tour","10":"first","11":"instock","12":"sale","13":"shipping-taxable","14":"product-type-external"},"_links":{"self":[{"href":"https:\/\/sabanadelamartours.com\/fr\/wp-json\/wp\/v2\/product\/10192","targetHints":{"allow":["GET"]}}],"collection":[{"href":"https:\/\/sabanadelamartours.com\/fr\/wp-json\/wp\/v2\/product"}],"about":[{"href":"https:\/\/sabanadelamartours.com\/fr\/wp-json\/wp\/v2\/types\/product"}],"version-history":[{"count":1,"href":"https:\/\/sabanadelamartours.com\/fr\/wp-json\/wp\/v2\/product\/10192\/revisions"}],"predecessor-version":[{"id":18418,"href":"https:\/\/sabanadelamartours.com\/fr\/wp-json\/wp\/v2\/product\/10192\/revisions\/18418"}],"wp:featuredmedia":[{"embeddable":true,"href":"https:\/\/sabanadelamartours.com\/fr\/wp-json\/wp\/v2\/media\/10568"}],"wp:attachment":[{"href":"https:\/\/sabanadelamartours.com\/fr\/wp-json\/wp\/v2\/media?parent=10192"}],"wp:term":[{"taxonomy":"product_brand","embeddable":true,"href":"https:\/\/sabanadelamartours.com\/fr\/wp-json\/wp\/v2\/product_brand?post=10192"},{"taxonomy":"product_cat","embeddable":true,"href":"https:\/\/sabanadelamartours.com\/fr\/wp-json\/wp\/v2\/product_cat?post=10192"},{"taxonomy":"product_tag","embeddable":true,"href":"https:\/\/sabanadelamartours.com\/fr\/wp-json\/wp\/v2\/product_tag?post=10192"}],"curies":[{"name":"wp","href":"https:\/\/api.w.org\/{rel}","templated":true}]}}