{"id":10193,"date":"2025-12-18T09:26:35","date_gmt":"2025-12-18T09:26:35","guid":{"rendered":"https:\/\/sabanadelamartours.com\/?post_type=product&#038;p=10193"},"modified":"2026-01-05T04:30:45","modified_gmt":"2026-01-05T04:30:45","slug":"punta-cana-zipline-chairlift-buggy-horse-ride-adventure","status":"publish","type":"product","link":"https:\/\/sabanadelamartours.com\/fr\/tournee\/punta-cana-zipline-chairlift-buggy-horse-ride-adventure\/","title":{"rendered":"Punta Cana : Aventure en zipline, t\u00e9l\u00e9si\u00e8ge, buggy et balade \u00e0 cheval"},"content":{"rendered":"<h1 class=\"activity__title js-title\" data-track=\"activity-title\" data-test-id=\"activity-title\" data-v-c050e4d7=\"\"><span style=\"font-size: 12pt\">Punta Cana : Aventure en zipline, t\u00e9l\u00e9si\u00e8ge, buggy et balade \u00e0 cheval<\/span><\/h1>\n<p>Visitez le parc La Hacienda et profitez d'une prise en charge \u00e0 votre h\u00f4tel. Envolez-vous au-dessus de la jungle sur des tyroliennes rapides, profitez d'un safari \u00e0 Punta Cana et ressentez le frisson d'un saut rapide.<\/p>\n<p>Glissez \u00e0 travers la jungle gr\u00e2ce \u00e0 des tyroliennes de 2 kilom\u00e8tres de long qui atteignent une vitesse de 70 km\/h et une hauteur de 160 m. Profitez de la jungle sauvage \u00e0 grande vitesse depuis les tyroliennes, avec un saut en chute libre d'une hauteur de 20 m\u00e8tres.<\/p>\n<p>Conduisez des buggys sur les routes extr\u00eames d'un circuit priv\u00e9, qui garantit la meilleure s\u00e9curit\u00e9 avec une exp\u00e9rience extr\u00eame pour que les enfants, comme les adultes, puissent en profiter au maximum.<\/p>\n<p>Baignez-vous dans la rivi\u00e8re \u00e0 l'eau cristalline et promenez-vous au milieu de la jungle avec des chevaux calmes et agiles pour profiter de la faune et de la flore.<\/p>\n<p>Montez sur le seul t\u00e9l\u00e9si\u00e8ge de la R\u00e9publique dominicaine qui vous fera profiter des meilleures vues du parc et, enfin, d\u00e9couvrez la culture du pays gr\u00e2ce \u00e0 un safari. Apprenez-en plus sur la culture dominicaine et locale. Go\u00fbtez \u00e0 la mamajuana et au caf\u00e9 fra\u00eechement pr\u00e9par\u00e9, ainsi qu'\u00e0 un copieux buffet traditionnel.<\/p>\n<p>Pour les plus petits, La Hacienda Park est une structure familiale. Les enfants peuvent s'amuser au club pour enfants o\u00f9 ils seront encadr\u00e9s par une \u00e9quipe formidable et pourront s'adonner \u00e0 de nombreuses activit\u00e9s ludiques en attendant que les plus grands terminent leurs activit\u00e9s.<\/p>\n<p>Choisissez l'option VIP priv\u00e9e pour b\u00e9n\u00e9ficier d'un transfert priv\u00e9 depuis votre h\u00f4tel, de l'acc\u00e8s \u00e0 La Hacienda, des services d'un guide et d'un photographe, de boissons et de collations, d'un d\u00e9jeuner buffet et de photographies num\u00e9riques de votre s\u00e9jour \u00e0 La Hacienda. L'option standard comprend un transfert en groupe, un d\u00e9jeuner buffet et l'acc\u00e8s \u00e0 La Hacienda.<\/p>","protected":false},"excerpt":{"rendered":"<div data-track=\"overview\" data-v-83a2b402=\"\">\n<section id=\"activity-overview\" class=\"activity-overview\" data-component=\"overview\" data-v-83a2b402=\"\" data-v-f3236c42=\"\">\n<p class=\"activity-overview__content\" data-test-id=\"activity-overview-content\" data-v-f3236c42=\"\">D\u00e9couvrez le passionnant parc La Hacienda \u00e0 Punta Cana avec un billet r\u00e9serv\u00e9 \u00e0 l'avance. Conduisez un buggy sur des routes extr\u00eames, plongez dans une rivi\u00e8re naturelle, montez \u00e0 cheval dans la jungle et glissez le long d'une tyrolienne.<\/p>\n<\/section>\n<\/div>\n<div data-track=\"key-details\" data-v-83a2b402=\"\"><\/div>","protected":false},"featured_media":10576,"template":"","meta":[],"product_brand":[],"product_cat":[97],"product_tag":[101,102],"class_list":{"0":"post-10193","1":"product","2":"type-product","3":"status-publish","4":"has-post-thumbnail","6":"product_cat-dominican-republic","7":"product_tag-excursion","8":"product_tag-tour","10":"first","11":"instock","12":"sale","13":"shipping-taxable","14":"product-type-external"},"_links":{"self":[{"href":"https:\/\/sabanadelamartours.com\/fr\/wp-json\/wp\/v2\/product\/10193","targetHints":{"allow":["GET"]}}],"collection":[{"href":"https:\/\/sabanadelamartours.com\/fr\/wp-json\/wp\/v2\/product"}],"about":[{"href":"https:\/\/sabanadelamartours.com\/fr\/wp-json\/wp\/v2\/types\/product"}],"version-history":[{"count":1,"href":"https:\/\/sabanadelamartours.com\/fr\/wp-json\/wp\/v2\/product\/10193\/revisions"}],"predecessor-version":[{"id":18419,"href":"https:\/\/sabanadelamartours.com\/fr\/wp-json\/wp\/v2\/product\/10193\/revisions\/18419"}],"wp:featuredmedia":[{"embeddable":true,"href":"https:\/\/sabanadelamartours.com\/fr\/wp-json\/wp\/v2\/media\/10576"}],"wp:attachment":[{"href":"https:\/\/sabanadelamartours.com\/fr\/wp-json\/wp\/v2\/media?parent=10193"}],"wp:term":[{"taxonomy":"product_brand","embeddable":true,"href":"https:\/\/sabanadelamartours.com\/fr\/wp-json\/wp\/v2\/product_brand?post=10193"},{"taxonomy":"product_cat","embeddable":true,"href":"https:\/\/sabanadelamartours.com\/fr\/wp-json\/wp\/v2\/product_cat?post=10193"},{"taxonomy":"product_tag","embeddable":true,"href":"https:\/\/sabanadelamartours.com\/fr\/wp-json\/wp\/v2\/product_tag?post=10193"}],"curies":[{"name":"wp","href":"https:\/\/api.w.org\/{rel}","templated":true}]}}