{"id":10194,"date":"2025-12-18T09:26:35","date_gmt":"2025-12-18T09:26:35","guid":{"rendered":"https:\/\/sabanadelamartours.com\/?post_type=product&#038;p=10194"},"modified":"2026-02-09T04:22:22","modified_gmt":"2026-02-09T04:22:22","slug":"santo-domingo-visite-de-lile-de-saona-en-catamaran-avec-dejeuner-bar","status":"publish","type":"product","link":"https:\/\/sabanadelamartours.com\/fr\/tournee\/santo-domingo-visite-de-lile-de-saona-en-catamaran-avec-dejeuner-bar\/","title":{"rendered":"Santo Domingo : Visite de l'\u00eele de Saona en catamaran avec d\u00e9jeuner et bar"},"content":{"rendered":"<p><strong>Santo Domingo : Visite de l'\u00eele de Saona en catamaran avec d\u00e9jeuner et bar<\/strong><\/p>\n<p>Embarquez pour une excursion d'une journ\u00e9e au d\u00e9part de Saint-Domingue vers le paradis tropical de l'\u00eele de Saona, au c\u0153ur des Cara\u00efbes, connue pour ses plages de sable blanc, ses eaux cristallines et ses paysages impressionnants.<\/p>\n<p>Commencez par vous rendre en voiture \u00e0 Bayahibe, puis montez \u00e0 bord d'un catamaran pour d\u00e9marrer votre aventure. Pendant le voyage, faites une pause pour vous immerger dans une piscine naturelle aux eaux pures et peu profondes, qui abrite de grandes \u00e9toiles de mer.<\/p>\n<p>Une fois arriv\u00e9 sur l'\u00eele de Saona, vous aurez la libert\u00e9 de choisir parmi diverses activit\u00e9s. Profitez des eaux turquoises, buvez un verre \u00e0 l'open bar, d\u00e9tendez-vous dans les hamacs sur la plage, promenez-vous le long du rivage ou participez \u00e0 une partie de volley-ball anim\u00e9e.<\/p>\n<p>Enfin, vous pourrez d\u00e9guster un d\u00e9jeuner dominicain traditionnel compos\u00e9 de d\u00e9licieux plats tels que du poulet, du porc, du riz, des haricots, de la salade et des fruits frais.<\/p>","protected":false},"excerpt":{"rendered":"<div data-track=\"overview\" data-v-83a2b402=\"\">\n<section id=\"activity-overview\" class=\"activity-overview\" data-component=\"overview\" data-v-83a2b402=\"\" data-v-f3236c42=\"\">\n<p class=\"activity-overview__content\" data-test-id=\"activity-overview-content\" data-v-f3236c42=\"\">Participez \u00e0 une excursion d'une journ\u00e9e depuis Saint-Domingue jusqu'\u00e0 l'\u00eele de Saona, entour\u00e9e de mangroves, de r\u00e9cifs coralliens et de plages bord\u00e9es de palmiers. Nagez dans une piscine naturelle, savourez un d\u00e9jeuner dominicain et offrez-vous un open bar.<\/p>\n<\/section>\n<\/div>\n<div data-track=\"key-details\" data-v-83a2b402=\"\"><\/div>","protected":false},"featured_media":10594,"template":"","meta":[],"product_brand":[],"product_cat":[97],"product_tag":[101,102],"class_list":{"0":"post-10194","1":"product","2":"type-product","3":"status-publish","4":"has-post-thumbnail","6":"product_cat-dominican-republic","7":"product_tag-excursion","8":"product_tag-tour","10":"first","11":"instock","12":"sale","13":"shipping-taxable","14":"product-type-external"},"_links":{"self":[{"href":"https:\/\/sabanadelamartours.com\/fr\/wp-json\/wp\/v2\/product\/10194","targetHints":{"allow":["GET"]}}],"collection":[{"href":"https:\/\/sabanadelamartours.com\/fr\/wp-json\/wp\/v2\/product"}],"about":[{"href":"https:\/\/sabanadelamartours.com\/fr\/wp-json\/wp\/v2\/types\/product"}],"version-history":[{"count":1,"href":"https:\/\/sabanadelamartours.com\/fr\/wp-json\/wp\/v2\/product\/10194\/revisions"}],"predecessor-version":[{"id":18828,"href":"https:\/\/sabanadelamartours.com\/fr\/wp-json\/wp\/v2\/product\/10194\/revisions\/18828"}],"wp:featuredmedia":[{"embeddable":true,"href":"https:\/\/sabanadelamartours.com\/fr\/wp-json\/wp\/v2\/media\/10594"}],"wp:attachment":[{"href":"https:\/\/sabanadelamartours.com\/fr\/wp-json\/wp\/v2\/media?parent=10194"}],"wp:term":[{"taxonomy":"product_brand","embeddable":true,"href":"https:\/\/sabanadelamartours.com\/fr\/wp-json\/wp\/v2\/product_brand?post=10194"},{"taxonomy":"product_cat","embeddable":true,"href":"https:\/\/sabanadelamartours.com\/fr\/wp-json\/wp\/v2\/product_cat?post=10194"},{"taxonomy":"product_tag","embeddable":true,"href":"https:\/\/sabanadelamartours.com\/fr\/wp-json\/wp\/v2\/product_tag?post=10194"}],"curies":[{"name":"wp","href":"https:\/\/api.w.org\/{rel}","templated":true}]}}