{"id":10216,"date":"2025-12-18T09:27:15","date_gmt":"2025-12-18T09:27:15","guid":{"rendered":"https:\/\/sabanadelamartours.com\/?post_type=product&#038;p=10216"},"modified":"2026-01-05T04:34:02","modified_gmt":"2026-01-05T04:34:02","slug":"nage-et-interactions-avec-les-dauphins-de-punta-cana","status":"publish","type":"product","link":"https:\/\/sabanadelamartours.com\/fr\/tournee\/nage-et-interactions-avec-les-dauphins-de-punta-cana\/","title":{"rendered":"Punta Cana : Nage et interactions avec les dauphins"},"content":{"rendered":"<p><strong>Punta Cana : Nage et interactions avec les dauphins<\/strong><\/p>\n<p>Passez votre temps dans les Cara\u00efbes \u00e0 nager et \u00e0 interagir avec les dauphins dans leur habitat naturel. Vivez une exp\u00e9rience unique et inoubliable tout en apprenant \u00e0 pr\u00e9server la biodiversit\u00e9 terrestre et marine.<\/p>\n<p>Toutes les options de cette exp\u00e9rience interactive avec les dauphins comprennent des informations int\u00e9ressantes sur les dauphins, leur r\u00e9gime alimentaire, les programmes de soins, ainsi que des conseils sur la mani\u00e8re de contribuer \u00e0 la sauvegarde de leur habitat naturel.<\/p>\n<p>Choisissez parmi les options suivantes :<\/p>\n<p>Nage exploratoire<\/p>\n<p>Tenez la main d'un dauphin et laissez-le vous emmener nager. Apprenez \u00e0 donner des signaux et regardez le dauphin sauter au-dessus de vous. Ce programme comprend 50 minutes de temps aquatique avec les dauphins.<\/p>\n<p>Nage d'excellence<\/p>\n<p>Vivez une exp\u00e9rience pleine d'adr\u00e9naline qui \u00e9tait jusqu'\u00e0 pr\u00e9sent r\u00e9serv\u00e9e aux dresseurs. Faites connaissance avec les dauphins qui nageront avec vous. Les dresseurs vous entra\u00eeneront et vous pr\u00e9pareront \u00e0 la fameuse pouss\u00e9e des dauphins, qui vous fera traverser l'oc\u00e9an \u00e0 toute vitesse. Ce programme comprend 60 minutes de temps dans l'eau avec les dauphins.<\/p>\n<p>Rencontre fantastique avec les dauphins<\/p>\n<p>Soyez accueillis par un \u201cpec shake\u201d de dauphin et d\u00e9couvrez la magie d'un baiser de dauphin. Apprenez des faits sur l'anatomie des dauphins ainsi que des conseils utiles sur la conservation. Ce programme comprend 40 minutes de temps aquatique avec les dauphins.<\/p>","protected":false},"excerpt":{"rendered":"<div data-track=\"overview\" data-v-83a2b402=\"\">\n<section id=\"activity-overview\" class=\"activity-overview\" data-component=\"overview\" data-v-83a2b402=\"\" data-v-f3236c42=\"\">\n<p class=\"activity-overview__content\" data-test-id=\"activity-overview-content\" data-v-f3236c42=\"\">Profitez de l'exp\u00e9rience unique de nager avec des dauphins pendant votre s\u00e9jour \u00e0 Punta Cana. Apprenez des informations int\u00e9ressantes sur les dauphins et la conservation de la biodiversit\u00e9 terrestre et marine. Observez les dauphins qui sautent au-dessus de vous et ayez la chance d'en embrasser un.<\/p>\n<\/section>\n<\/div>\n<div data-track=\"key-details\" data-v-83a2b402=\"\"><\/div>","protected":false},"featured_media":10624,"template":"","meta":[],"product_brand":[],"product_cat":[97],"product_tag":[101,102],"class_list":{"0":"post-10216","1":"product","2":"type-product","3":"status-publish","4":"has-post-thumbnail","6":"product_cat-dominican-republic","7":"product_tag-excursion","8":"product_tag-tour","10":"first","11":"instock","12":"sale","13":"shipping-taxable","14":"product-type-external"},"_links":{"self":[{"href":"https:\/\/sabanadelamartours.com\/fr\/wp-json\/wp\/v2\/product\/10216","targetHints":{"allow":["GET"]}}],"collection":[{"href":"https:\/\/sabanadelamartours.com\/fr\/wp-json\/wp\/v2\/product"}],"about":[{"href":"https:\/\/sabanadelamartours.com\/fr\/wp-json\/wp\/v2\/types\/product"}],"version-history":[{"count":2,"href":"https:\/\/sabanadelamartours.com\/fr\/wp-json\/wp\/v2\/product\/10216\/revisions"}],"predecessor-version":[{"id":18424,"href":"https:\/\/sabanadelamartours.com\/fr\/wp-json\/wp\/v2\/product\/10216\/revisions\/18424"}],"wp:featuredmedia":[{"embeddable":true,"href":"https:\/\/sabanadelamartours.com\/fr\/wp-json\/wp\/v2\/media\/10624"}],"wp:attachment":[{"href":"https:\/\/sabanadelamartours.com\/fr\/wp-json\/wp\/v2\/media?parent=10216"}],"wp:term":[{"taxonomy":"product_brand","embeddable":true,"href":"https:\/\/sabanadelamartours.com\/fr\/wp-json\/wp\/v2\/product_brand?post=10216"},{"taxonomy":"product_cat","embeddable":true,"href":"https:\/\/sabanadelamartours.com\/fr\/wp-json\/wp\/v2\/product_cat?post=10216"},{"taxonomy":"product_tag","embeddable":true,"href":"https:\/\/sabanadelamartours.com\/fr\/wp-json\/wp\/v2\/product_tag?post=10216"}],"curies":[{"name":"wp","href":"https:\/\/api.w.org\/{rel}","templated":true}]}}