{"id":10279,"date":"2025-12-18T09:29:13","date_gmt":"2025-12-18T09:29:13","guid":{"rendered":"https:\/\/sabanadelamartours.com\/?post_type=product&#038;p=10279"},"modified":"2026-02-09T04:25:13","modified_gmt":"2026-02-09T04:25:13","slug":"buggy-a-punta-cana-riviere-grotte-plage-macao","status":"publish","type":"product","link":"https:\/\/sabanadelamartours.com\/fr\/tournee\/buggy-a-punta-cana-riviere-grotte-plage-macao\/","title":{"rendered":"Buggy \u00e0 Punta Cana, grotte de rivi\u00e8re, plage de Macao"},"content":{"rendered":"<p><strong>Buggy \u00e0 Punta Cana, grotte de rivi\u00e8re, plage de Macao<\/strong><\/p>\n<p>Embarquez pour une aventure exaltante d'une demi-journ\u00e9e \u00e0 Punta Cana qui vous promet une exp\u00e9rience inoubliable. Notre circuit vous conduira au c\u0153ur de Punta Cana, offrant un m\u00e9lange parfait d'excitation, de beaut\u00e9 naturelle et d'exploration culturelle. Pr\u00e9parez-vous \u00e0 un itin\u00e9raire plein d'action qui comprend :<\/p>\n<p>1. Visite de la plage de Macao : Plongez dans la beaut\u00e9 \u00e9poustouflante de la plage de Macao, l'un des littoraux les plus \u00e9tonnants de Punta Cana. Sentez le sable doux entre vos orteils et admirez la vue envo\u00fbtante sur les eaux azur\u00e9es.<\/p>\n<p>2. D\u00e9gustations locales : Laissez-vous tenter par un voyage sensoriel en go\u00fbtant aux saveurs de la R\u00e9publique dominicaine. Savourez les riches ar\u00f4mes du caf\u00e9 local, d\u00e9lectez-vous de la douceur du chocolat authentique et appr\u00e9ciez le go\u00fbt distinctif du rhum produit localement.<\/p>\n<p>3. Excursion en buggy : Faites l'exp\u00e9rience du plaisir de conduire sur un terrain accident\u00e9 et d'\u00e9clabousser dans la boue lors d'une excursion passionnante en buggy. Sentez l'adr\u00e9naline monter en vous en parcourant les divers paysages de Punta Cana.<\/p>\n<p>4. Exploration d'une grotte souterraine : Aventurez-vous dans les profondeurs d'une grotte souterraine et d\u00e9couvrez les merveilles cach\u00e9es du paysage naturel de la R\u00e9publique dominicaine. \u00c9merveillez-vous devant les formations enchanteresses et immergez-vous dans la beaut\u00e9 sereine de cet environnement unique.<\/p>\n<p>N'oubliez pas que les articles, photos ou vid\u00e9os que vous choisissez d'acheter au cours de l'excursion ne rel\u00e8vent pas de la responsabilit\u00e9 de notre compagnie, car ils sont propos\u00e9s par des vendeurs distincts. Nous voulons que vous viviez une exp\u00e9rience m\u00e9morable et agr\u00e9able, alors n'h\u00e9sitez pas \u00e0 faire des achats \u00e0 votre guise.<\/p>","protected":false},"excerpt":{"rendered":"<div data-track=\"overview\" data-v-83a2b402=\"\">\n<section id=\"activity-overview\" class=\"activity-overview\" data-component=\"overview\" data-v-83a2b402=\"\" data-v-f3236c42=\"\">\n<p class=\"activity-overview__content\" data-test-id=\"activity-overview-content\" data-v-f3236c42=\"\">L'excursion en buggy est l'une des plus populaires \u00e0 Punta Cana. Cette exp\u00e9rience est une aventure inoubliable.<\/p>\n<\/section>\n<\/div>\n<div data-track=\"key-details\" data-v-83a2b402=\"\"><\/div>","protected":false},"featured_media":10668,"template":"","meta":[],"product_brand":[],"product_cat":[97],"product_tag":[101,102],"class_list":{"0":"post-10279","1":"product","2":"type-product","3":"status-publish","4":"has-post-thumbnail","6":"product_cat-dominican-republic","7":"product_tag-excursion","8":"product_tag-tour","10":"first","11":"instock","12":"sale","13":"shipping-taxable","14":"product-type-external"},"_links":{"self":[{"href":"https:\/\/sabanadelamartours.com\/fr\/wp-json\/wp\/v2\/product\/10279","targetHints":{"allow":["GET"]}}],"collection":[{"href":"https:\/\/sabanadelamartours.com\/fr\/wp-json\/wp\/v2\/product"}],"about":[{"href":"https:\/\/sabanadelamartours.com\/fr\/wp-json\/wp\/v2\/types\/product"}],"version-history":[{"count":1,"href":"https:\/\/sabanadelamartours.com\/fr\/wp-json\/wp\/v2\/product\/10279\/revisions"}],"predecessor-version":[{"id":18832,"href":"https:\/\/sabanadelamartours.com\/fr\/wp-json\/wp\/v2\/product\/10279\/revisions\/18832"}],"wp:featuredmedia":[{"embeddable":true,"href":"https:\/\/sabanadelamartours.com\/fr\/wp-json\/wp\/v2\/media\/10668"}],"wp:attachment":[{"href":"https:\/\/sabanadelamartours.com\/fr\/wp-json\/wp\/v2\/media?parent=10279"}],"wp:term":[{"taxonomy":"product_brand","embeddable":true,"href":"https:\/\/sabanadelamartours.com\/fr\/wp-json\/wp\/v2\/product_brand?post=10279"},{"taxonomy":"product_cat","embeddable":true,"href":"https:\/\/sabanadelamartours.com\/fr\/wp-json\/wp\/v2\/product_cat?post=10279"},{"taxonomy":"product_tag","embeddable":true,"href":"https:\/\/sabanadelamartours.com\/fr\/wp-json\/wp\/v2\/product_tag?post=10279"}],"curies":[{"name":"wp","href":"https:\/\/api.w.org\/{rel}","templated":true}]}}