{"id":10323,"date":"2025-12-18T09:31:24","date_gmt":"2025-12-18T09:31:24","guid":{"rendered":"https:\/\/sabanadelamartours.com\/?post_type=product&#038;p=10323"},"modified":"2026-02-09T06:09:09","modified_gmt":"2026-02-09T06:09:09","slug":"-12","status":"publish","type":"product","link":"https:\/\/sabanadelamartours.com\/fr\/tournee\/-12\/","title":{"rendered":"Location de v\u00e9los \u00e0 Puerto Plata"},"content":{"rendered":"<p>Explorez Puerto Plata sur deux roues et vivez une exp\u00e9rience unique gr\u00e2ce \u00e0 notre service de location de v\u00e9los au Playa Dorada Mall ! Chez notre tour op\u00e9rateur, nous sommes fiers d'offrir une fa\u00e7on passionnante de d\u00e9couvrir les charmes de cette belle r\u00e9gion de la R\u00e9publique dominicaine.<\/p>\n<p>Nos v\u00e9los sont strat\u00e9giquement situ\u00e9s dans le centre commercial Playa Dorada, ce qui vous permet de commencer votre aventure en plein c\u0153ur de l'action. Depuis cet endroit pratique, vous pouvez facilement acc\u00e9der aux majestueuses plages de sable dor\u00e9, explorer les charmantes villes locales et profiter des activit\u00e9s culturelles vibrantes que Puerto Plata a \u00e0 offrir.<\/p>\n<p>En louant l'un de nos v\u00e9los, vous vous immergerez dans l'authenticit\u00e9 de la r\u00e9gion, ce qui vous permettra d'explorer \u00e0 votre rythme et de d\u00e9couvrir des joyaux cach\u00e9s que vous auriez pu ignorer autrement. De plus, vous aurez la libert\u00e9 de concevoir votre propre itin\u00e9raire, de vous arr\u00eater o\u00f9 bon vous semble et d'immortaliser des moments inoubliables en cours de route.<\/p>\n<p>Nos v\u00e9los sont de la plus haute qualit\u00e9, r\u00e9guli\u00e8rement entretenus et r\u00e9vis\u00e9s pour garantir une exp\u00e9rience s\u00fbre et confortable. Que vous choisissiez un VTT pour vous aventurer sur les sentiers naturels ou un v\u00e9lo de ville pour sillonner les rues de la ville, nous avons l'option parfaite pour chaque type de voyageur.<\/p>\n<p>Outre la libert\u00e9 et la qualit\u00e9 de nos v\u00e9los, la location avec nous offre des avantages exclusifs. Nous fournissons des cartes d\u00e9taill\u00e9es des itin\u00e9raires sugg\u00e9r\u00e9s, mettant en \u00e9vidence les lieux d'int\u00e9r\u00eat et les recommandations locales. Nous proposons \u00e9galement des services suppl\u00e9mentaires, tels que la location de casques et d'antivols, pour assurer votre confort et votre tranquillit\u00e9 d'esprit pendant votre voyage.<\/p>\n<p>D\u00e9couvrez Puerto Plata d'une mani\u00e8re unique, active et \u00e9cologique gr\u00e2ce \u00e0 notre service de location de v\u00e9los au Playa Dorada Mall. Embarquez pour une exp\u00e9rience inoubliable en explorant les tr\u00e9sors de cette incroyable r\u00e9gion avec nous !<\/p>","protected":false},"excerpt":{"rendered":"<div data-track=\"overview\" data-v-83a2b402=\"\">\n<section id=\"activity-overview\" class=\"activity-overview\" data-component=\"overview\" data-v-83a2b402=\"\" data-v-f3236c42=\"\">\n<p class=\"activity-overview__content\" data-test-id=\"activity-overview-content\" data-v-f3236c42=\"\">D\u00e9couvrez Puerto Plata d'une mani\u00e8re unique et passionnante en louant nos v\u00e9los au centre commercial Playa Dorada.<\/p>\n<\/section>\n<\/div>\n<div data-track=\"key-details\" data-v-83a2b402=\"\"><\/div>","protected":false},"featured_media":10714,"template":"","meta":[],"product_brand":[],"product_cat":[97],"product_tag":[101,102],"class_list":{"0":"post-10323","1":"product","2":"type-product","3":"status-publish","4":"has-post-thumbnail","6":"product_cat-dominican-republic","7":"product_tag-excursion","8":"product_tag-tour","10":"first","11":"instock","12":"shipping-taxable","13":"product-type-external"},"_links":{"self":[{"href":"https:\/\/sabanadelamartours.com\/fr\/wp-json\/wp\/v2\/product\/10323","targetHints":{"allow":["GET"]}}],"collection":[{"href":"https:\/\/sabanadelamartours.com\/fr\/wp-json\/wp\/v2\/product"}],"about":[{"href":"https:\/\/sabanadelamartours.com\/fr\/wp-json\/wp\/v2\/types\/product"}],"version-history":[{"count":1,"href":"https:\/\/sabanadelamartours.com\/fr\/wp-json\/wp\/v2\/product\/10323\/revisions"}],"predecessor-version":[{"id":18875,"href":"https:\/\/sabanadelamartours.com\/fr\/wp-json\/wp\/v2\/product\/10323\/revisions\/18875"}],"wp:featuredmedia":[{"embeddable":true,"href":"https:\/\/sabanadelamartours.com\/fr\/wp-json\/wp\/v2\/media\/10714"}],"wp:attachment":[{"href":"https:\/\/sabanadelamartours.com\/fr\/wp-json\/wp\/v2\/media?parent=10323"}],"wp:term":[{"taxonomy":"product_brand","embeddable":true,"href":"https:\/\/sabanadelamartours.com\/fr\/wp-json\/wp\/v2\/product_brand?post=10323"},{"taxonomy":"product_cat","embeddable":true,"href":"https:\/\/sabanadelamartours.com\/fr\/wp-json\/wp\/v2\/product_cat?post=10323"},{"taxonomy":"product_tag","embeddable":true,"href":"https:\/\/sabanadelamartours.com\/fr\/wp-json\/wp\/v2\/product_tag?post=10323"}],"curies":[{"name":"wp","href":"https:\/\/api.w.org\/{rel}","templated":true}]}}