{"id":10358,"date":"2025-12-18T09:32:46","date_gmt":"2025-12-18T09:32:46","guid":{"rendered":"https:\/\/sabanadelamartours.com\/?post_type=product&#038;p=10358"},"modified":"2026-02-09T04:33:28","modified_gmt":"2026-02-09T04:33:28","slug":"-14","status":"publish","type":"product","link":"https:\/\/sabanadelamartours.com\/fr\/tournee\/-14\/","title":{"rendered":"Buggys Playa Macao"},"content":{"rendered":"<p>Vous conduirez notre buggy tout-terrain avec votre personne pr\u00e9f\u00e9r\u00e9e, sous la conduite d'un guide local. Nous vous guiderons jusqu'\u00e0 notre magnifique plage de Macao, o\u00f9 vous pourrez vous baigner. Vous traverserez diff\u00e9rents paysages de la campagne dominicaine.<\/p>\n<p>L'excursion en buggy \u00e0 Macao est l'une des excursions les plus excitantes. Dans cette aventure inoubliable, nous conduirons un buggy \u00e0 travers des chemins pleins de v\u00e9g\u00e9tation. Une excursion de pur plaisir, d'adr\u00e9naline, de boue et d'eau, o\u00f9 nous vous donnerons l'occasion d'exp\u00e9rimenter un peu de la v\u00e9ritable culture de la R\u00e9publique dominicaine. Nous parcourrons des routes rurales avec une vue impressionnante sur la plage de Macao, o\u00f9 nous nous baignerons dans ses eaux magnifiques. Ensuite, nous visiterons une maison dominicaine typique o\u00f9 nous pourrons voir le processus de production du cacao et du caf\u00e9.<\/p>\n<p>Nous reprendrons la route jusqu'\u00e0 un cenote, o\u00f9 nous explorerons une grotte et nagerons dans ses eaux cristallines et froides, comme si nous \u00e9tions dans une piscine naturelle.<\/p>","protected":false},"excerpt":{"rendered":"<div data-track=\"overview\" data-v-83a2b402=\"\">\n<section id=\"activity-overview\" class=\"activity-overview\" data-component=\"overview\" data-v-83a2b402=\"\" data-v-f3236c42=\"\">\n<p class=\"activity-overview__content\" data-test-id=\"activity-overview-content\" data-v-f3236c42=\"\">Vous conduirez notre buggy tout-terrain avec votre personne pr\u00e9f\u00e9r\u00e9e, sous la conduite d'un guide local. Nous vous guiderons jusqu'\u00e0 la magnifique plage de Macao, o\u00f9 vous pourrez vous baigner.<\/p>\n<\/section>\n<\/div>\n<div data-track=\"key-details\" data-v-83a2b402=\"\"><\/div>","protected":false},"featured_media":10735,"template":"","meta":[],"product_brand":[],"product_cat":[97],"product_tag":[101,102],"class_list":{"0":"post-10358","1":"product","2":"type-product","3":"status-publish","4":"has-post-thumbnail","6":"product_cat-dominican-republic","7":"product_tag-excursion","8":"product_tag-tour","10":"first","11":"instock","12":"shipping-taxable","13":"product-type-external"},"_links":{"self":[{"href":"https:\/\/sabanadelamartours.com\/fr\/wp-json\/wp\/v2\/product\/10358","targetHints":{"allow":["GET"]}}],"collection":[{"href":"https:\/\/sabanadelamartours.com\/fr\/wp-json\/wp\/v2\/product"}],"about":[{"href":"https:\/\/sabanadelamartours.com\/fr\/wp-json\/wp\/v2\/types\/product"}],"version-history":[{"count":1,"href":"https:\/\/sabanadelamartours.com\/fr\/wp-json\/wp\/v2\/product\/10358\/revisions"}],"predecessor-version":[{"id":18835,"href":"https:\/\/sabanadelamartours.com\/fr\/wp-json\/wp\/v2\/product\/10358\/revisions\/18835"}],"wp:featuredmedia":[{"embeddable":true,"href":"https:\/\/sabanadelamartours.com\/fr\/wp-json\/wp\/v2\/media\/10735"}],"wp:attachment":[{"href":"https:\/\/sabanadelamartours.com\/fr\/wp-json\/wp\/v2\/media?parent=10358"}],"wp:term":[{"taxonomy":"product_brand","embeddable":true,"href":"https:\/\/sabanadelamartours.com\/fr\/wp-json\/wp\/v2\/product_brand?post=10358"},{"taxonomy":"product_cat","embeddable":true,"href":"https:\/\/sabanadelamartours.com\/fr\/wp-json\/wp\/v2\/product_cat?post=10358"},{"taxonomy":"product_tag","embeddable":true,"href":"https:\/\/sabanadelamartours.com\/fr\/wp-json\/wp\/v2\/product_tag?post=10358"}],"curies":[{"name":"wp","href":"https:\/\/api.w.org\/{rel}","templated":true}]}}