{"id":10468,"date":"2025-12-18T09:36:06","date_gmt":"2025-12-18T09:36:06","guid":{"rendered":"https:\/\/sabanadelamartours.com\/?post_type=product&#038;p=10468"},"modified":"2026-02-09T04:38:25","modified_gmt":"2026-02-09T04:38:25","slug":"excursions-en-buggy-a-punta-cana-avec-prise-en-charge-a-lhotel-et-aventure","status":"publish","type":"product","link":"https:\/\/sabanadelamartours.com\/fr\/tournee\/excursions-en-buggy-a-punta-cana-avec-prise-en-charge-a-lhotel-et-aventure\/","title":{"rendered":"Punta Cana : Excursions en buggy avec prise en charge \u00e0 l'h\u00f4tel et aventure"},"content":{"rendered":"<p><strong>Punta Cana : Excursions en buggy avec prise en charge \u00e0 l'h\u00f4tel et aventure<\/strong><\/p>\n<p>Apr\u00e8s vous avoir r\u00e9cup\u00e9r\u00e9 \u00e0 votre h\u00f4tel, nous nous dirigerons vers l'int\u00e9rieur de Punta Cana. Entour\u00e9s de plantations de caf\u00e9 et de cacao, nous vous expliquerons l'itin\u00e9raire que nous suivrons et tout ce que vous devez savoir pour conduire un buggy.<\/p>\n<p>We will start the engines and begin an exciting route through mud-covered trails, coffee plantations, and hills. We will pass through a riverbed and feel the excitement of advancing cross-country.<\/p>\n<p>The first stop will be Macao Beach. Far from the big hotels and the most touristy areas, this paradise will welcome us with its clear sand and crystal clear waters. Who would like a bath?<\/p>\n<p>We will have time to walk and immerse ourselves in the Sea Caribbean.<\/p>\n<p>Nous continuerons la route en buggy vers les \"Indigenous Springs\" (sources indig\u00e8nes). Nous y d\u00e9couvrirons l'un des c\u00e9notes les plus idylliques de Punta Cana. Nous descendrons des v\u00e9hicules et disposerons d'une demi-heure pour explorer cette piscine souterraine. Nageons dans ses eaux turquoises !<\/p>\n<p>Enfin, nous laisserons les buggys et vous raccompagnerons \u00e0 votre h\u00e9bergement pour conclure l'excursion apr\u00e8s quatre heures d'exp\u00e9rience.<\/p>","protected":false},"excerpt":{"rendered":"<div data-track=\"overview\" data-v-83a2b402=\"\">\n<section id=\"activity-overview\" class=\"activity-overview\" data-component=\"overview\" data-v-83a2b402=\"\" data-v-f3236c42=\"\">\n<p class=\"activity-overview__content\" data-test-id=\"activity-overview-content\" data-v-f3236c42=\"\">Buggy emotions: Live the extreme buggy experience, with your family and friends in Punta Cana, feel the adrenaline of a buggy. Customer from Cap Cana or Punta Cana Village pay 10 us<\/p>\n<\/section>\n<\/div>\n<div data-track=\"key-details\" data-v-83a2b402=\"\"><\/div>","protected":false},"featured_media":10772,"template":"","meta":[],"product_brand":[],"product_cat":[97],"product_tag":[101,102],"class_list":{"0":"post-10468","1":"product","2":"type-product","3":"status-publish","4":"has-post-thumbnail","6":"product_cat-dominican-republic","7":"product_tag-excursion","8":"product_tag-tour","10":"first","11":"instock","12":"sale","13":"shipping-taxable","14":"product-type-external"},"_links":{"self":[{"href":"https:\/\/sabanadelamartours.com\/fr\/wp-json\/wp\/v2\/product\/10468","targetHints":{"allow":["GET"]}}],"collection":[{"href":"https:\/\/sabanadelamartours.com\/fr\/wp-json\/wp\/v2\/product"}],"about":[{"href":"https:\/\/sabanadelamartours.com\/fr\/wp-json\/wp\/v2\/types\/product"}],"version-history":[{"count":1,"href":"https:\/\/sabanadelamartours.com\/fr\/wp-json\/wp\/v2\/product\/10468\/revisions"}],"predecessor-version":[{"id":18838,"href":"https:\/\/sabanadelamartours.com\/fr\/wp-json\/wp\/v2\/product\/10468\/revisions\/18838"}],"wp:featuredmedia":[{"embeddable":true,"href":"https:\/\/sabanadelamartours.com\/fr\/wp-json\/wp\/v2\/media\/10772"}],"wp:attachment":[{"href":"https:\/\/sabanadelamartours.com\/fr\/wp-json\/wp\/v2\/media?parent=10468"}],"wp:term":[{"taxonomy":"product_brand","embeddable":true,"href":"https:\/\/sabanadelamartours.com\/fr\/wp-json\/wp\/v2\/product_brand?post=10468"},{"taxonomy":"product_cat","embeddable":true,"href":"https:\/\/sabanadelamartours.com\/fr\/wp-json\/wp\/v2\/product_cat?post=10468"},{"taxonomy":"product_tag","embeddable":true,"href":"https:\/\/sabanadelamartours.com\/fr\/wp-json\/wp\/v2\/product_tag?post=10468"}],"curies":[{"name":"wp","href":"https:\/\/api.w.org\/{rel}","templated":true}]}}