{"id":10613,"date":"2025-12-18T09:40:52","date_gmt":"2025-12-18T09:40:52","guid":{"rendered":"https:\/\/sabanadelamartours.com\/?post_type=product&#038;p=10613"},"modified":"2026-01-05T05:06:34","modified_gmt":"2026-01-05T05:06:34","slug":"-20","status":"publish","type":"product","link":"https:\/\/sabanadelamartours.com\/fr\/tournee\/-20\/","title":{"rendered":"Punta Cana : Samana Cayo Levantado \/ Visite \u00e0 la baleine"},"content":{"rendered":"<p>entre 7h00 et 8h00, nous viendrons vous chercher \u00e0 votre h\u00f4tel de punta pana pour nous rendre \u00e0 saman\u00e1. une fois sur place, nous monterons dans un bus qui nous emm\u00e8nera faire un tour panoramique de la ville de Santa B\u00e1rbara de Saman\u00e1. Depuis le bus, vous pourrez voir les charmantes maisons color\u00e9es de cette ville, ainsi que les paysages tropicaux qui l'entourent. Ensuite, nous nous rendrons dans une hacienda, d'o\u00f9 nous marcherons jusqu'\u00e0 la cascade El Lim\u00f3n. Si vous pr\u00e9f\u00e9rez, vous pouvez \u00e9galement faire cette excursion \u00e0 cheval. Une fois arriv\u00e9s, vous pourrez vous baigner dans la piscine d'eau turquoise qui se forme sous la cascade. Au retour de la cascade, nous nous rendrons au centre de Saman\u00e1 pour reprendre des forces avec un d\u00e9licieux d\u00e9jeuner buffet qui comprendra du poisson frais, des haricots, du riz et d'autres aliments traditionnels. Ensuite, nous embarquerons sur un catamaran pour rejoindre Cayo Levantado. Ce cadre idyllique sera l'endroit id\u00e9al pour d\u00e9guster une pi\u00f1a colada, chin-chin ! Enfin, nous retournerons sur la c\u00f4te pour prendre le minibus et partir pour Punta Cana. L'arriv\u00e9e \u00e0 l'h\u00f4tel est pr\u00e9vue entre 19h00 et 19h30.<\/p>","protected":false},"excerpt":{"rendered":"<div data-track=\"overview\" data-v-83a2b402=\"\">\n<section id=\"activity-overview\" class=\"activity-overview\" data-component=\"overview\" data-v-83a2b402=\"\" data-v-f3236c42=\"\">\n<p class=\"activity-overview__content\" data-test-id=\"activity-overview-content\" data-v-f3236c42=\"\">Explorez une municipalit\u00e9 paradisiaque pleine de palmiers et d'eaux cristallines avec cette excursion \u00e0 Saman\u00e1 au d\u00e9part de Punta Cana. \u00c0 ne pas manquer !<\/p>\n<\/section>\n<\/div>\n<div data-track=\"key-details\" data-v-83a2b402=\"\"><\/div>","protected":false},"featured_media":10894,"template":"","meta":[],"product_brand":[],"product_cat":[97],"product_tag":[101,102],"class_list":{"0":"post-10613","1":"product","2":"type-product","3":"status-publish","4":"has-post-thumbnail","6":"product_cat-dominican-republic","7":"product_tag-excursion","8":"product_tag-tour","10":"first","11":"instock","12":"shipping-taxable","13":"product-type-external"},"_links":{"self":[{"href":"https:\/\/sabanadelamartours.com\/fr\/wp-json\/wp\/v2\/product\/10613","targetHints":{"allow":["GET"]}}],"collection":[{"href":"https:\/\/sabanadelamartours.com\/fr\/wp-json\/wp\/v2\/product"}],"about":[{"href":"https:\/\/sabanadelamartours.com\/fr\/wp-json\/wp\/v2\/types\/product"}],"version-history":[{"count":1,"href":"https:\/\/sabanadelamartours.com\/fr\/wp-json\/wp\/v2\/product\/10613\/revisions"}],"predecessor-version":[{"id":18439,"href":"https:\/\/sabanadelamartours.com\/fr\/wp-json\/wp\/v2\/product\/10613\/revisions\/18439"}],"wp:featuredmedia":[{"embeddable":true,"href":"https:\/\/sabanadelamartours.com\/fr\/wp-json\/wp\/v2\/media\/10894"}],"wp:attachment":[{"href":"https:\/\/sabanadelamartours.com\/fr\/wp-json\/wp\/v2\/media?parent=10613"}],"wp:term":[{"taxonomy":"product_brand","embeddable":true,"href":"https:\/\/sabanadelamartours.com\/fr\/wp-json\/wp\/v2\/product_brand?post=10613"},{"taxonomy":"product_cat","embeddable":true,"href":"https:\/\/sabanadelamartours.com\/fr\/wp-json\/wp\/v2\/product_cat?post=10613"},{"taxonomy":"product_tag","embeddable":true,"href":"https:\/\/sabanadelamartours.com\/fr\/wp-json\/wp\/v2\/product_tag?post=10613"}],"curies":[{"name":"wp","href":"https:\/\/api.w.org\/{rel}","templated":true}]}}