{"id":10634,"date":"2025-12-18T09:41:28","date_gmt":"2025-12-18T09:41:28","guid":{"rendered":"https:\/\/sabanadelamartours.com\/?post_type=product&#038;p=10634"},"modified":"2025-12-18T09:52:52","modified_gmt":"2025-12-18T09:52:52","slug":"-22","status":"publish","type":"product","link":"https:\/\/sabanadelamartours.com\/fr\/tournee\/-22\/","title":{"rendered":"F\u00eate \u00e0 Punta Cana : Croisi\u00e8re alcoolis\u00e9e avec Open Bar"},"content":{"rendered":"<p>Embarquez pour une croisi\u00e8re en catamaran \u00e0 couper le souffle, naviguant sur les eaux magiques de la c\u00f4te B\u00e1varo-Punta Cana. Le voyage commence par un accueil chaleureux de la part de notre sympathique \u00e9quipage et un toast aux aventures qui vous attendent. Lorsque nous prenons la mer, nous profitons d'une atmosph\u00e8re festive avec de la musique, des jeux et des divertissements en continu. Notre premi\u00e8re escale est un r\u00e9cif corallien vibrant, o\u00f9 vous aurez l'occasion de faire de la plong\u00e9e avec masque et tuba dans les eaux cristallines des Cara\u00efbes. D\u00e9couvrez les merveilles sous-marines et \u00e9merveillez-vous de la vie marine color\u00e9e qui habite cet \u00e9cosyst\u00e8me unique. Apr\u00e8s la plong\u00e9e avec masque et tuba, nous poursuivrons notre voyage jusqu'\u00e0 une plage isol\u00e9e. Vous pourrez vous d\u00e9tendre sur le sable blanc et doux, nager tranquillement dans l'oc\u00e9an ou explorer les environs pittoresques. L'environnement serein de la plage, encadr\u00e9 par les cocotiers qui se balancent, constitue le cadre id\u00e9al pour se d\u00e9tendre. \u00c0 la fin de l'excursion, nous retournerons au port, o\u00f9 un transfert confortable vous attendra pour vous ramener \u00e0 votre h\u00f4tel. Rejoignez-nous pour une inoubliable croisi\u00e8re en catamaran \u00e0 B\u00e1varo-Punta Cana. Que vous c\u00e9l\u00e9briez une occasion sp\u00e9ciale ou que vous souhaitiez simplement profiter d'une journ\u00e9e en mer, cette aventure promet de vous laisser des souvenirs imp\u00e9rissables. R\u00e9servez votre place d\u00e8s aujourd'hui et pr\u00e9parez-vous \u00e0 vivre l'exp\u00e9rience ultime des Cara\u00efbes !<\/p>","protected":false},"excerpt":{"rendered":"<div data-track=\"overview\" data-v-83a2b402=\"\">\n<section id=\"activity-overview\" class=\"activity-overview\" data-component=\"overview\" data-v-83a2b402=\"\" data-v-f3236c42=\"\">\n<p class=\"activity-overview__content\" data-test-id=\"activity-overview-content\" data-v-f3236c42=\"\">Embarquez pour un voyage inoubliable le long de la magnifique c\u00f4te de B\u00e1varo \u00e0 bord de notre croisi\u00e8re alcoolis\u00e9e exclusive. Parfait pour les f\u00eatards et les amateurs d'aventure<\/p>\n<\/section>\n<\/div>\n<div data-track=\"key-details\" data-v-83a2b402=\"\"><\/div>","protected":false},"featured_media":10913,"template":"","meta":[],"product_brand":[],"product_cat":[97],"product_tag":[101,102],"class_list":{"0":"post-10634","1":"product","2":"type-product","3":"status-publish","4":"has-post-thumbnail","6":"product_cat-dominican-republic","7":"product_tag-excursion","8":"product_tag-tour","10":"first","11":"instock","12":"shipping-taxable","13":"product-type-external"},"_links":{"self":[{"href":"https:\/\/sabanadelamartours.com\/fr\/wp-json\/wp\/v2\/product\/10634","targetHints":{"allow":["GET"]}}],"collection":[{"href":"https:\/\/sabanadelamartours.com\/fr\/wp-json\/wp\/v2\/product"}],"about":[{"href":"https:\/\/sabanadelamartours.com\/fr\/wp-json\/wp\/v2\/types\/product"}],"version-history":[{"count":0,"href":"https:\/\/sabanadelamartours.com\/fr\/wp-json\/wp\/v2\/product\/10634\/revisions"}],"wp:featuredmedia":[{"embeddable":true,"href":"https:\/\/sabanadelamartours.com\/fr\/wp-json\/wp\/v2\/media\/10913"}],"wp:attachment":[{"href":"https:\/\/sabanadelamartours.com\/fr\/wp-json\/wp\/v2\/media?parent=10634"}],"wp:term":[{"taxonomy":"product_brand","embeddable":true,"href":"https:\/\/sabanadelamartours.com\/fr\/wp-json\/wp\/v2\/product_brand?post=10634"},{"taxonomy":"product_cat","embeddable":true,"href":"https:\/\/sabanadelamartours.com\/fr\/wp-json\/wp\/v2\/product_cat?post=10634"},{"taxonomy":"product_tag","embeddable":true,"href":"https:\/\/sabanadelamartours.com\/fr\/wp-json\/wp\/v2\/product_tag?post=10634"}],"curies":[{"name":"wp","href":"https:\/\/api.w.org\/{rel}","templated":true}]}}