{"id":10667,"date":"2025-12-18T09:42:47","date_gmt":"2025-12-18T09:42:47","guid":{"rendered":"https:\/\/sabanadelamartours.com\/?post_type=product&#038;p=10667"},"modified":"2026-01-05T15:57:37","modified_gmt":"2026-01-05T15:57:37","slug":"-25","status":"publish","type":"product","link":"https:\/\/sabanadelamartours.com\/fr\/tournee\/-25\/","title":{"rendered":"Scuba Doo - Scooters de plong\u00e9e \u00e0 Punta Cana"},"content":{"rendered":"<p><strong>Scuba Doo - Scooters de plong\u00e9e \u00e0 Punta Cana<\/strong><\/p>\n<p>Commencez votre aventure par une br\u00e8ve pr\u00e9sentation des scooters de plong\u00e9e Scuba Doo. Ces v\u00e9hicules sous-marins innovants vous permettent d'explorer les profondeurs de l'oc\u00e9an sans avoir besoin d'un \u00e9quipement de plong\u00e9e traditionnel. Avec un si\u00e8ge confortable, un d\u00f4me de visualisation clair et des commandes faciles \u00e0 utiliser, les scooters Scuba Doo offrent une exp\u00e9rience sous-marine unique et sans effort.<\/p>\n<p>Promenade en bateau jusqu'au site de plong\u00e9e<\/p>\n<p>Embarquez \u00e0 bord d'un bateau confortable pour un trajet pittoresque jusqu'au site de plong\u00e9e. Appr\u00e9ciez les magnifiques vues de la c\u00f4te et la brise marine rafra\u00eechissante tandis que vous vous dirigez vers les eaux cristallines o\u00f9 votre aventure sous-marine commencera.<\/p>\n<p>Exp\u00e9rience de plong\u00e9e sous-marine<\/p>\n<p>\u00c0 l'arriv\u00e9e sur le site de plong\u00e9e, vous recevrez un briefing sur la s\u00e9curit\u00e9 et des instructions sur l'utilisation des scooters Scuba Doo. Une fois pr\u00eat, descendez dans l'eau et commencez votre exploration sous-marine. Les scooters vous permettent de glisser sans effort dans l'eau, offrant une vue rapproch\u00e9e des magnifiques r\u00e9cifs coralliens et de la diversit\u00e9 de la vie marine.<\/p>\n<p>Explorer les r\u00e9cifs coralliens<\/p>\n<p>Naviguez \u00e0 travers les r\u00e9cifs coralliens vibrants, qui abritent une vari\u00e9t\u00e9 de poissons tropicaux, de tortues de mer et d'autres cr\u00e9atures marines fascinantes. Le d\u00f4me transparent du scooter Scuba Doo offre une vue imprenable sur le monde sous-marin, vous permettant de vous immerger totalement dans la beaut\u00e9 de l'environnement marin.<\/p>\n<p>Intervalle de surface et relaxation<\/p>\n<p>Apr\u00e8s votre s\u00e9ance de plong\u00e9e, faites une pause sur le bateau et d\u00e9gustez quelques rafra\u00eechissements. D\u00e9tendez-vous au soleil, nagez dans les eaux chaudes ou profitez simplement de la vue imprenable sur l'oc\u00e9an pendant l'intervalle de surface.<\/p>\n<p>S\u00e9ance de plong\u00e9e en apn\u00e9e<\/p>\n<p>Pour ceux qui souhaitent explorer davantage, l'excursion comprend une deuxi\u00e8me s\u00e9ance de plong\u00e9e. Plongez plus profond\u00e9ment dans le monde sous-marin et d\u00e9couvrez de nouvelles zones du r\u00e9cif, \u00e0 la rencontre d'encore plus de vie marine et de merveilles sous-marines.<\/p>\n<p>Voyage de retour<\/p>\n<p>\u00c0 la fin de la journ\u00e9e, montez \u00e0 bord du bateau pour retourner \u00e0 Punta Cana. R\u00e9fl\u00e9chissez aux vues et aux exp\u00e9riences incroyables que vous avez v\u00e9cues au cours de votre aventure sous-marine. Le retour en bateau est une conclusion relaxante pour votre journ\u00e9e.<\/p>\n<p>Une aventure sous-marine unique<\/p>\n<p>L'exp\u00e9rience du scooter de plong\u00e9e Scuba Doo offre un moyen amusant et accessible d'explorer le monde sous-marin de Punta Cana. Que vous soyez un plongeur chevronn\u00e9 ou un novice, cette excursion vous promet une aventure inoubliable sous les vagues.<\/p>","protected":false},"excerpt":{"rendered":"<div data-track=\"overview\" data-v-83a2b402=\"\">\n<section id=\"activity-overview\" class=\"activity-overview\" data-component=\"overview\" data-v-83a2b402=\"\" data-v-f3236c42=\"\">\n<p class=\"activity-overview__content\" data-test-id=\"activity-overview-content\" data-v-f3236c42=\"\">D\u00e9couvrez les merveilles sous-marines de Punta Cana gr\u00e2ce \u00e0 l'exp\u00e9rience unique et passionnante du scooter de plong\u00e9e Scuba Doo.<\/p>\n<\/section>\n<\/div>\n<div data-track=\"key-details\" data-v-83a2b402=\"\"><\/div>","protected":false},"featured_media":10963,"template":"","meta":[],"product_brand":[],"product_cat":[97],"product_tag":[101,102],"class_list":{"0":"post-10667","1":"product","2":"type-product","3":"status-publish","4":"has-post-thumbnail","6":"product_cat-dominican-republic","7":"product_tag-excursion","8":"product_tag-tour","10":"first","11":"instock","12":"sale","13":"shipping-taxable","14":"product-type-external"},"_links":{"self":[{"href":"https:\/\/sabanadelamartours.com\/fr\/wp-json\/wp\/v2\/product\/10667","targetHints":{"allow":["GET"]}}],"collection":[{"href":"https:\/\/sabanadelamartours.com\/fr\/wp-json\/wp\/v2\/product"}],"about":[{"href":"https:\/\/sabanadelamartours.com\/fr\/wp-json\/wp\/v2\/types\/product"}],"version-history":[{"count":2,"href":"https:\/\/sabanadelamartours.com\/fr\/wp-json\/wp\/v2\/product\/10667\/revisions"}],"predecessor-version":[{"id":18446,"href":"https:\/\/sabanadelamartours.com\/fr\/wp-json\/wp\/v2\/product\/10667\/revisions\/18446"}],"wp:featuredmedia":[{"embeddable":true,"href":"https:\/\/sabanadelamartours.com\/fr\/wp-json\/wp\/v2\/media\/10963"}],"wp:attachment":[{"href":"https:\/\/sabanadelamartours.com\/fr\/wp-json\/wp\/v2\/media?parent=10667"}],"wp:term":[{"taxonomy":"product_brand","embeddable":true,"href":"https:\/\/sabanadelamartours.com\/fr\/wp-json\/wp\/v2\/product_brand?post=10667"},{"taxonomy":"product_cat","embeddable":true,"href":"https:\/\/sabanadelamartours.com\/fr\/wp-json\/wp\/v2\/product_cat?post=10667"},{"taxonomy":"product_tag","embeddable":true,"href":"https:\/\/sabanadelamartours.com\/fr\/wp-json\/wp\/v2\/product_tag?post=10667"}],"curies":[{"name":"wp","href":"https:\/\/api.w.org\/{rel}","templated":true}]}}