{"id":10677,"date":"2025-12-18T09:43:10","date_gmt":"2025-12-18T09:43:10","guid":{"rendered":"https:\/\/sabanadelamartours.com\/?post_type=product&#038;p=10677"},"modified":"2026-02-09T05:01:13","modified_gmt":"2026-02-09T05:01:13","slug":"-26","status":"publish","type":"product","link":"https:\/\/sabanadelamartours.com\/fr\/tournee\/-26\/","title":{"rendered":"Amber Cove - Taino Bay Super Buggy 4 places"},"content":{"rendered":"<p><strong>Amber Cove - Taino Bay Super Buggy 4 places<\/strong><\/p>\n<p>Apr\u00e8s vous avoir r\u00e9cup\u00e9r\u00e9 \u00e0 Amber Cove ou \u00e0 Taino Bay, nous roulerons pendant 2 minutes \u00e0 partir d'Amber Cove et 12 minutes \u00e0 partir de Taino Bay jusqu'\u00e0 la station de Super Buggy.<\/p>\n<p>L\u00e0, vous recevrez un briefing sur la s\u00e9curit\u00e9 et l'\u00e9quipement avant d'embarquer pour un tour \u00e0 travers la campagne, les villages dominicains et les belles plages pendant 75 minutes. Nous nous arr\u00eaterons dans une fabrique de cigares pour d\u00e9guster des shots de MamaJuana et du caf\u00e9 au chocolat chaud pendant 15 minutes, puis nous nous arr\u00eaterons \u00e0 la plage pendant 15 minutes pour une petite baignade. L'excursion se terminera par une d\u00e9pose au port de croisi\u00e8re d'Amber Cove ou de Taino Bay.<\/p>\n<p>Amber Cove et Taino Bay sont deux ports de croisi\u00e8re populaires situ\u00e9s en R\u00e9publique dominicaine. Ils sont connus pour leur environnement pittoresque et servent de porte d'entr\u00e9e aux touristes pour explorer la culture locale, les belles plages et les autres attractions de la r\u00e9gion. Les deux ports proposent aux visiteurs diverses excursions et activit\u00e9s, allant des visites panoramiques aux aventures nautiques.<\/p>\n<p>Puerto Plata est une grande ville qui compte quelques-unes des attractions les plus importantes du pays, dont celle-ci.<\/p>","protected":false},"excerpt":{"rendered":"<div data-track=\"overview\" data-v-83a2b402=\"\">\n<section id=\"activity-overview\" class=\"activity-overview\" data-component=\"overview\" data-v-83a2b402=\"\" data-v-f3236c42=\"\">\n<p class=\"activity-overview__content\" data-test-id=\"activity-overview-content\" data-v-f3236c42=\"\">Explorez la v\u00e9ritable R\u00e9publique dominicaine. D\u00e9couvrez nos villages de campagne. Profitez de nos belles plages.<\/p>\n<\/section>\n<\/div>\n<div data-track=\"key-details\" data-v-83a2b402=\"\"><\/div>","protected":false},"featured_media":10983,"template":"","meta":[],"product_brand":[],"product_cat":[97],"product_tag":[101,102],"class_list":{"0":"post-10677","1":"product","2":"type-product","3":"status-publish","4":"has-post-thumbnail","6":"product_cat-dominican-republic","7":"product_tag-excursion","8":"product_tag-tour","10":"first","11":"instock","12":"sale","13":"shipping-taxable","14":"product-type-external"},"_links":{"self":[{"href":"https:\/\/sabanadelamartours.com\/fr\/wp-json\/wp\/v2\/product\/10677","targetHints":{"allow":["GET"]}}],"collection":[{"href":"https:\/\/sabanadelamartours.com\/fr\/wp-json\/wp\/v2\/product"}],"about":[{"href":"https:\/\/sabanadelamartours.com\/fr\/wp-json\/wp\/v2\/types\/product"}],"version-history":[{"count":2,"href":"https:\/\/sabanadelamartours.com\/fr\/wp-json\/wp\/v2\/product\/10677\/revisions"}],"predecessor-version":[{"id":18845,"href":"https:\/\/sabanadelamartours.com\/fr\/wp-json\/wp\/v2\/product\/10677\/revisions\/18845"}],"wp:featuredmedia":[{"embeddable":true,"href":"https:\/\/sabanadelamartours.com\/fr\/wp-json\/wp\/v2\/media\/10983"}],"wp:attachment":[{"href":"https:\/\/sabanadelamartours.com\/fr\/wp-json\/wp\/v2\/media?parent=10677"}],"wp:term":[{"taxonomy":"product_brand","embeddable":true,"href":"https:\/\/sabanadelamartours.com\/fr\/wp-json\/wp\/v2\/product_brand?post=10677"},{"taxonomy":"product_cat","embeddable":true,"href":"https:\/\/sabanadelamartours.com\/fr\/wp-json\/wp\/v2\/product_cat?post=10677"},{"taxonomy":"product_tag","embeddable":true,"href":"https:\/\/sabanadelamartours.com\/fr\/wp-json\/wp\/v2\/product_tag?post=10677"}],"curies":[{"name":"wp","href":"https:\/\/api.w.org\/{rel}","templated":true}]}}