{"id":10760,"date":"2025-12-18T09:46:14","date_gmt":"2025-12-18T09:46:14","guid":{"rendered":"https:\/\/sabanadelamartours.com\/?post_type=product&#038;p=10760"},"modified":"2026-02-09T05:04:46","modified_gmt":"2026-02-09T05:04:46","slug":"nage-et-rencontres-avec-les-dauphins-de-punta-cana","status":"publish","type":"product","link":"https:\/\/sabanadelamartours.com\/fr\/tournee\/nage-et-rencontres-avec-les-dauphins-de-punta-cana\/","title":{"rendered":"Punta Cana : Nage et rencontre avec les dauphins"},"content":{"rendered":"<h5 class=\"product_title entry-title\"><span style=\"font-size: 12pt;\">Punta Cana : Nage et rencontre avec les dauphins<\/span><\/h5>\n<p>Profitez de l'exp\u00e9rience unique de nager avec les dauphins \u00e0 Punta Cana. Dans cette exp\u00e9rience immersive, vous jouerez avec les dauphins qui vous prendront dans leurs bras et vous feront des c\u00e2lins, et vous pourrez admirer leurs acrobaties a\u00e9riennes.<\/p>\n<p>Vous aurez \u00e9galement acc\u00e8s au spectacle des lions de mer et des oiseaux. Vous pourrez jouer sur l'\u00e9tonnante \u00eele des pirates. Vous disposerez \u00e9galement de douches, de salles de bains et de vestiaires.<\/p>\n<p>La baignade est facultative, car vous pouvez vous tenir sur une plate-forme et regarder les dauphins venir \u00e0 vous. Vous pouvez serrer la main des dauphins, leur faire une accolade et assister \u00e0 leurs incroyables acrobaties a\u00e9riennes. Vous pouvez \u00e9galement choisir de caresser les dauphins et de nager avec eux.<\/p>\n<p>N'h\u00e9sitez pas \u00e0 am\u00e9liorer votre exp\u00e9rience avec les dauphins sur place.<\/p>","protected":false},"excerpt":{"rendered":"<div data-track=\"overview\" data-v-83a2b402=\"\">\n<section id=\"activity-overview\" class=\"activity-overview\" data-component=\"overview\" data-v-83a2b402=\"\" data-v-f3236c42=\"\">\n<p class=\"activity-overview__content\" data-test-id=\"activity-overview-content\" data-v-f3236c42=\"\">Faites un plongeon avec les dauphins gr\u00e2ce \u00e0 l'un des trois programmes propos\u00e9s. Nagez et jouez avec les animaux, observez leurs acrobaties a\u00e9riennes et recevez une \u00e9treinte et une poign\u00e9e de main de la part d'un dauphin. Vous pouvez \u00e9galement jouer \u00e0 divers jeux avec les dauphins.<\/p>\n<\/section>\n<\/div>\n<div data-track=\"key-details\" data-v-83a2b402=\"\"><\/div>","protected":false},"featured_media":11111,"template":"","meta":[],"product_brand":[],"product_cat":[97],"product_tag":[101,102],"class_list":{"0":"post-10760","1":"product","2":"type-product","3":"status-publish","4":"has-post-thumbnail","6":"product_cat-dominican-republic","7":"product_tag-excursion","8":"product_tag-tour","10":"first","11":"instock","12":"sale","13":"shipping-taxable","14":"product-type-external"},"_links":{"self":[{"href":"https:\/\/sabanadelamartours.com\/fr\/wp-json\/wp\/v2\/product\/10760","targetHints":{"allow":["GET"]}}],"collection":[{"href":"https:\/\/sabanadelamartours.com\/fr\/wp-json\/wp\/v2\/product"}],"about":[{"href":"https:\/\/sabanadelamartours.com\/fr\/wp-json\/wp\/v2\/types\/product"}],"version-history":[{"count":1,"href":"https:\/\/sabanadelamartours.com\/fr\/wp-json\/wp\/v2\/product\/10760\/revisions"}],"predecessor-version":[{"id":18849,"href":"https:\/\/sabanadelamartours.com\/fr\/wp-json\/wp\/v2\/product\/10760\/revisions\/18849"}],"wp:featuredmedia":[{"embeddable":true,"href":"https:\/\/sabanadelamartours.com\/fr\/wp-json\/wp\/v2\/media\/11111"}],"wp:attachment":[{"href":"https:\/\/sabanadelamartours.com\/fr\/wp-json\/wp\/v2\/media?parent=10760"}],"wp:term":[{"taxonomy":"product_brand","embeddable":true,"href":"https:\/\/sabanadelamartours.com\/fr\/wp-json\/wp\/v2\/product_brand?post=10760"},{"taxonomy":"product_cat","embeddable":true,"href":"https:\/\/sabanadelamartours.com\/fr\/wp-json\/wp\/v2\/product_cat?post=10760"},{"taxonomy":"product_tag","embeddable":true,"href":"https:\/\/sabanadelamartours.com\/fr\/wp-json\/wp\/v2\/product_tag?post=10760"}],"curies":[{"name":"wp","href":"https:\/\/api.w.org\/{rel}","templated":true}]}}