{"id":10771,"date":"2025-12-18T09:46:36","date_gmt":"2025-12-18T09:46:36","guid":{"rendered":"https:\/\/sabanadelamartours.com\/?post_type=product&#038;p=10771"},"modified":"2026-01-05T04:36:42","modified_gmt":"2026-01-05T04:36:42","slug":"-34","status":"publish","type":"product","link":"https:\/\/sabanadelamartours.com\/fr\/tournee\/-34\/","title":{"rendered":"Punta Cana : F\u00eate sur un catamaran avec boissons illimit\u00e9es"},"content":{"rendered":"<p><strong>Punta Cana : F\u00eate sur un catamaran avec boissons illimit\u00e9es<\/strong><\/p>\n<p>Embarquez pour une aventure inoubliable d'une demi-journ\u00e9e avec notre passionnante croisi\u00e8re en bateau le long de la c\u00f4te \u00e9poustouflante de Punta Cana. Votre guide comp\u00e9tent vous \u00e9quipera d'un mat\u00e9riel de plong\u00e9e avec tuba de premi\u00e8re qualit\u00e9, ce qui vous permettra de vous immerger dans le monde sous-marin fascinant des Cara\u00efbes. Ensuite, nous vous emm\u00e8nerons dans une piscine naturelle sereine o\u00f9 vous pourrez vous d\u00e9tendre et profiter de l'environnement \u00e9poustouflant.<\/p>\n<p>Pendant la croisi\u00e8re, vous aurez l'occasion de participer \u00e0 diverses activit\u00e9s nautiques et de profiter pleinement de l'atmosph\u00e8re anim\u00e9e et festive qui r\u00e8gne \u00e0 bord. Notre bar ouvert vous permettra de vous rafra\u00eechir gr\u00e2ce \u00e0 une large s\u00e9lection de boissons tout en dansant, en socialisant et en cr\u00e9ant des souvenirs inoubliables. La musique entra\u00eenante diffus\u00e9e sur le chemin du retour vers le quai renforcera encore l'ambiance vibrante et \u00e9nergique.<\/p>\n<p>Les points forts de votre voyage sont les suivants<\/p>\n<p>- Plong\u00e9e en apn\u00e9e dans les eaux pures de Punta Cana avec l'\u00e9quipement fourni.<\/p>\n<p>- C\u00e9l\u00e9bration \u00e0 bord avec musique continue, danse et open bar.<\/p>\n<p>- Se d\u00e9tendre dans une piscine oc\u00e9anique naturelle pour une exp\u00e9rience aquatique unique.<\/p>\n<p>- L'atmosph\u00e8re \u00e9nergique de l'h\u00f4tel est id\u00e9ale pour tout \u00e9v\u00e9nement, des f\u00eates aux mariages.<\/p>","protected":false},"excerpt":{"rendered":"<div data-track=\"overview\" data-v-83a2b402=\"\">\n<section id=\"activity-overview\" class=\"activity-overview\" data-component=\"overview\" data-v-83a2b402=\"\" data-v-f3236c42=\"\">\n<p class=\"activity-overview__content\" data-test-id=\"activity-overview-content\" data-v-f3236c42=\"\">Embarquez pour une croisi\u00e8re festive d'une demi-journ\u00e9e sur un bateau le long de la c\u00f4te de Punta Cana, avec plong\u00e9e en apn\u00e9e, open bar, musique et baignade dans une piscine naturelle de l'oc\u00e9an.<\/p>\n<\/section>\n<\/div>\n<div data-track=\"key-details\" data-v-83a2b402=\"\"><\/div>","protected":false},"featured_media":10678,"template":"","meta":[],"product_brand":[],"product_cat":[97],"product_tag":[101,102],"class_list":{"0":"post-10771","1":"product","2":"type-product","3":"status-publish","4":"has-post-thumbnail","6":"product_cat-dominican-republic","7":"product_tag-excursion","8":"product_tag-tour","10":"first","11":"instock","12":"sale","13":"shipping-taxable","14":"product-type-external"},"_links":{"self":[{"href":"https:\/\/sabanadelamartours.com\/fr\/wp-json\/wp\/v2\/product\/10771","targetHints":{"allow":["GET"]}}],"collection":[{"href":"https:\/\/sabanadelamartours.com\/fr\/wp-json\/wp\/v2\/product"}],"about":[{"href":"https:\/\/sabanadelamartours.com\/fr\/wp-json\/wp\/v2\/types\/product"}],"version-history":[{"count":1,"href":"https:\/\/sabanadelamartours.com\/fr\/wp-json\/wp\/v2\/product\/10771\/revisions"}],"predecessor-version":[{"id":18427,"href":"https:\/\/sabanadelamartours.com\/fr\/wp-json\/wp\/v2\/product\/10771\/revisions\/18427"}],"wp:featuredmedia":[{"embeddable":true,"href":"https:\/\/sabanadelamartours.com\/fr\/wp-json\/wp\/v2\/media\/10678"}],"wp:attachment":[{"href":"https:\/\/sabanadelamartours.com\/fr\/wp-json\/wp\/v2\/media?parent=10771"}],"wp:term":[{"taxonomy":"product_brand","embeddable":true,"href":"https:\/\/sabanadelamartours.com\/fr\/wp-json\/wp\/v2\/product_brand?post=10771"},{"taxonomy":"product_cat","embeddable":true,"href":"https:\/\/sabanadelamartours.com\/fr\/wp-json\/wp\/v2\/product_cat?post=10771"},{"taxonomy":"product_tag","embeddable":true,"href":"https:\/\/sabanadelamartours.com\/fr\/wp-json\/wp\/v2\/product_tag?post=10771"}],"curies":[{"name":"wp","href":"https:\/\/api.w.org\/{rel}","templated":true}]}}