{"id":10790,"date":"2025-12-18T09:47:37","date_gmt":"2025-12-18T09:47:37","guid":{"rendered":"https:\/\/sabanadelamartours.com\/?post_type=product&#038;p=10790"},"modified":"2025-12-18T10:00:45","modified_gmt":"2025-12-18T10:00:45","slug":"-35","status":"publish","type":"product","link":"https:\/\/sabanadelamartours.com\/fr\/tournee\/-35\/","title":{"rendered":"Explorer Hig\u00fcey : Excursion culturelle d'une demi-journ\u00e9e au d\u00e9part de Punta Cana"},"content":{"rendered":"<div class=\"toggle-content__content toggle-content__content--expanded toggle-content__content--packable\" data-v-59485d64=\"\">\n<div data-test-id=\"activity-full-description-text\" data-v-5835c99c=\"\">Explorer Hig\u00fcey : Excursion culturelle d'une demi-journ\u00e9e au d\u00e9part de Punta Cana<\/div>\n<div data-test-id=\"activity-full-description-text\" data-v-5835c99c=\"\"><\/div>\n<div data-test-id=\"activity-full-description-text\" data-v-5835c99c=\"\">Embarquez pour une visite priv\u00e9e qui vous plongera dans la riche histoire et la culture de la R\u00e9publique dominicaine. D\u00e9couvrez Hig\u00fcey, une ville riche de plus de 500 ans d'histoire, et admirez l'imposante basilique Notre-Dame d'Altagracia, symbole de la foi catholique dans le pays. Profitez d'une baignade rafra\u00eechissante dans les eaux cristallines de la magnifique plage de Macau et plongez dans les traditions dominicaines authentiques avec notre guide expert.<\/div>\n<div data-test-id=\"activity-full-description-text\" data-v-5835c99c=\"\"><\/div>\n<div data-test-id=\"activity-full-description-text\" data-v-5835c99c=\"\">Points forts de la visite :<\/div>\n<div data-test-id=\"activity-full-description-text\" data-v-5835c99c=\"\"><\/div>\n<div data-test-id=\"activity-full-description-text\" data-v-5835c99c=\"\">Un voyage enrichissant \u00e0 travers l'histoire et la culture dominicaines.<\/div>\n<div data-test-id=\"activity-full-description-text\" data-v-5835c99c=\"\"><\/div>\n<div data-test-id=\"activity-full-description-text\" data-v-5835c99c=\"\">Explorez l'ancienne ville de Hig\u00fcey et sa magnifique cath\u00e9drale. D\u00e9tendez-vous en vous baignant dans la mer des Cara\u00efbes sur la plage de Macao.<\/div>\n<div data-test-id=\"activity-full-description-text\" data-v-5835c99c=\"\"><\/div>\n<div data-test-id=\"activity-full-description-text\" data-v-5835c99c=\"\">Profitez d'une exp\u00e9rience personnalis\u00e9e avec un guide priv\u00e9 et un v\u00e9hicule exclusif.<\/div>\n<\/div>\n<div class=\"toggle-content__label-placeholder\" data-v-59485d64=\"\"><\/div>","protected":false},"excerpt":{"rendered":"<div data-track=\"overview\" data-v-83a2b402=\"\">\n<section id=\"activity-overview\" class=\"activity-overview\" data-component=\"overview\" data-v-83a2b402=\"\" data-v-f3236c42=\"\">\n<p class=\"activity-overview__content\" data-test-id=\"activity-overview-content\" data-v-f3236c42=\"\">D\u00e9couvrez Hig\u00fcey depuis Punta Cana gr\u00e2ce \u00e0 notre excursion culturelle d'une demi-journ\u00e9e. Visitez des lieux embl\u00e9matiques et plongez dans l'histoire et la culture dominicaines. Une exp\u00e9rience enrichissante en quelques heures !<\/p>\n<\/section>\n<\/div>\n<div data-track=\"key-details\" data-v-83a2b402=\"\"><\/div>","protected":false},"featured_media":11128,"template":"","meta":[],"product_brand":[],"product_cat":[77],"product_tag":[],"class_list":{"0":"post-10790","1":"product","2":"type-product","3":"status-publish","4":"has-post-thumbnail","6":"product_cat-uncategorized","8":"first","9":"instock","10":"sale","11":"shipping-taxable","12":"product-type-external"},"_links":{"self":[{"href":"https:\/\/sabanadelamartours.com\/fr\/wp-json\/wp\/v2\/product\/10790","targetHints":{"allow":["GET"]}}],"collection":[{"href":"https:\/\/sabanadelamartours.com\/fr\/wp-json\/wp\/v2\/product"}],"about":[{"href":"https:\/\/sabanadelamartours.com\/fr\/wp-json\/wp\/v2\/types\/product"}],"version-history":[{"count":0,"href":"https:\/\/sabanadelamartours.com\/fr\/wp-json\/wp\/v2\/product\/10790\/revisions"}],"wp:featuredmedia":[{"embeddable":true,"href":"https:\/\/sabanadelamartours.com\/fr\/wp-json\/wp\/v2\/media\/11128"}],"wp:attachment":[{"href":"https:\/\/sabanadelamartours.com\/fr\/wp-json\/wp\/v2\/media?parent=10790"}],"wp:term":[{"taxonomy":"product_brand","embeddable":true,"href":"https:\/\/sabanadelamartours.com\/fr\/wp-json\/wp\/v2\/product_brand?post=10790"},{"taxonomy":"product_cat","embeddable":true,"href":"https:\/\/sabanadelamartours.com\/fr\/wp-json\/wp\/v2\/product_cat?post=10790"},{"taxonomy":"product_tag","embeddable":true,"href":"https:\/\/sabanadelamartours.com\/fr\/wp-json\/wp\/v2\/product_tag?post=10790"}],"curies":[{"name":"wp","href":"https:\/\/api.w.org\/{rel}","templated":true}]}}