{"id":10812,"date":"2025-12-18T09:48:24","date_gmt":"2025-12-18T09:48:24","guid":{"rendered":"https:\/\/sabanadelamartours.com\/?post_type=product&#038;p=10812"},"modified":"2025-12-18T10:02:16","modified_gmt":"2025-12-18T10:02:16","slug":"-37","status":"publish","type":"product","link":"https:\/\/sabanadelamartours.com\/fr\/tournee\/-37\/","title":{"rendered":"Journ\u00e9e plage sur l'\u00eele de Saona"},"content":{"rendered":"<p>Journ\u00e9e plage sur l'\u00eele de Saona<\/p>\n<p>Punta Cana<\/p>\n<p>Votre aventure inoubliable commence par une prise en charge chaleureuse \u00e0 votre h\u00f4tel de Punta Cana, o\u00f9 vous monterez dans un bus confortable et climatis\u00e9. Vous traverserez les magnifiques paysages de la R\u00e9publique dominicaine et profiterez des vues panoramiques jusqu'\u00e0 la pittoresque plage de Bayahibe \u00e0 La Romana.<\/p>\n<p>\u00c0 votre arriv\u00e9e \u00e0 Bayahibe, vous serez accueillis par la vue des eaux bleues vibrantes et des rivages de sable blanc lorsque vous monterez \u00e0 bord d'un catamaran spacieux. Mettez les voiles pour une croisi\u00e8re m\u00e9morable sur la mer des Cara\u00efbes, o\u00f9 la douce brise et le rythme des vagues vous feront vous sentir vraiment d\u00e9tendu. Passez plusieurs heures de bonheur sur la superbe \u00eele de Saona, o\u00f9 vous pourrez explorer ses plages immacul\u00e9es, nager dans ses eaux cristallines et profiter du soleil. Un d\u00e9licieux d\u00e9jeuner vous sera offert, vous permettant de savourer les saveurs locales tout en profitant de l'atmosph\u00e8re tropicale.<\/p>\n<p>L'exp\u00e9rience de la piscine naturelle<\/p>\n<p>Dans l'apr\u00e8s-midi, pr\u00e9parez-vous \u00e0 une balade exaltante en montant \u00e0 bord d'un bateau rapide, pr\u00eat \u00e0 vous emmener jusqu'\u00e0 une magnifique piscine naturelle. Vous y trouverez des eaux chaudes et peu profondes regorgeant d'\u00e9toiles de mer, parfaites pour une baignade rafra\u00eechissante et quelques photos amusantes. Apr\u00e8s cette exp\u00e9rience unique, le bateau rapide vous ram\u00e8nera \u00e0 la plage de Bayahibe, o\u00f9 vous monterez \u00e0 bord d'un moyen de transport pour votre retour \u00e0 Punta Cana, rempli de merveilleux souvenirs d'une journ\u00e9e remarquable pass\u00e9e au paradis.<\/p>","protected":false},"excerpt":{"rendered":"<div data-track=\"overview\" data-v-83a2b402=\"\">\n<section id=\"activity-overview\" class=\"activity-overview\" data-component=\"overview\" data-v-83a2b402=\"\" data-v-f3236c42=\"\">\n<p class=\"activity-overview__content\" data-test-id=\"activity-overview-content\" data-v-f3236c42=\"\">Naviguez de Bayahibe \u00e0 l'\u00eele de Saona \u00e0 bord d'un catamaran pour une journ\u00e9e de d\u00e9tente sur la plage au cours de cette excursion d'une journ\u00e9e.<\/p>\n<\/section>\n<\/div>\n<div data-track=\"key-details\" data-v-83a2b402=\"\"><\/div>","protected":false},"featured_media":11147,"template":"","meta":[],"product_brand":[],"product_cat":[97,98],"product_tag":[101,102],"class_list":{"0":"post-10812","1":"product","2":"type-product","3":"status-publish","4":"has-post-thumbnail","6":"product_cat-dominican-republic","7":"product_cat-saona-island","8":"product_tag-excursion","9":"product_tag-tour","11":"first","12":"instock","13":"sale","14":"shipping-taxable","15":"product-type-external"},"_links":{"self":[{"href":"https:\/\/sabanadelamartours.com\/fr\/wp-json\/wp\/v2\/product\/10812","targetHints":{"allow":["GET"]}}],"collection":[{"href":"https:\/\/sabanadelamartours.com\/fr\/wp-json\/wp\/v2\/product"}],"about":[{"href":"https:\/\/sabanadelamartours.com\/fr\/wp-json\/wp\/v2\/types\/product"}],"version-history":[{"count":0,"href":"https:\/\/sabanadelamartours.com\/fr\/wp-json\/wp\/v2\/product\/10812\/revisions"}],"wp:featuredmedia":[{"embeddable":true,"href":"https:\/\/sabanadelamartours.com\/fr\/wp-json\/wp\/v2\/media\/11147"}],"wp:attachment":[{"href":"https:\/\/sabanadelamartours.com\/fr\/wp-json\/wp\/v2\/media?parent=10812"}],"wp:term":[{"taxonomy":"product_brand","embeddable":true,"href":"https:\/\/sabanadelamartours.com\/fr\/wp-json\/wp\/v2\/product_brand?post=10812"},{"taxonomy":"product_cat","embeddable":true,"href":"https:\/\/sabanadelamartours.com\/fr\/wp-json\/wp\/v2\/product_cat?post=10812"},{"taxonomy":"product_tag","embeddable":true,"href":"https:\/\/sabanadelamartours.com\/fr\/wp-json\/wp\/v2\/product_tag?post=10812"}],"curies":[{"name":"wp","href":"https:\/\/api.w.org\/{rel}","templated":true}]}}