{"id":10828,"date":"2025-12-18T09:48:51","date_gmt":"2025-12-18T09:48:51","guid":{"rendered":"https:\/\/sabanadelamartours.com\/?post_type=product&#038;p=10828"},"modified":"2026-01-10T15:58:38","modified_gmt":"2026-01-10T15:58:38","slug":"-39","status":"publish","type":"product","link":"https:\/\/sabanadelamartours.com\/fr\/tournee\/-39\/","title":{"rendered":"Excursions \u00e9tonnantes en Buggy Punta Cana avec prise en charge \u00e0 l'h\u00f4tel"},"content":{"rendered":"<p>Apr\u00e8s vous avoir r\u00e9cup\u00e9r\u00e9 \u00e0 votre h\u00f4tel, nous nous dirigerons vers l'int\u00e9rieur de Punta Cana. Entour\u00e9s de plantations de caf\u00e9 et de cacao, nous vous expliquerons l'itin\u00e9raire que nous suivrons et tout ce que vous devez savoir pour conduire un buggy.<\/p>\n<p>Nous d\u00e9marrerons les moteurs et entamerons un parcours passionnant \u00e0 travers des pistes couvertes de boue, des plantations de caf\u00e9 et des collines. Nous passerons par le lit d'une rivi\u00e8re et ressentirons l'excitation d'avancer \u00e0 travers le pays.<\/p>\n<p>La premi\u00e8re \u00e9tape sera la plage de Macao. Loin des grands h\u00f4tels et des zones les plus touristiques, ce paradis nous accueillera avec son sable clair et ses eaux cristallines. Qui aimerait se baigner ? Nous aurons le temps de nous promener et de nous immerger dans la mer des Cara\u00efbes.<\/p>\n<p>Nous continuerons la route en buggy vers les \"Indigenous Springs\" (sources indig\u00e8nes). Nous y d\u00e9couvrirons l'un des c\u00e9notes les plus idylliques de Punta Cana. Nous descendrons des v\u00e9hicules et disposerons d'une demi-heure pour explorer cette piscine souterraine. Nageons dans ses eaux turquoises !<\/p>\n<p>Enfin, nous laisserons les buggys et vous raccompagnerons \u00e0 votre h\u00e9bergement pour conclure l'excursion apr\u00e8s quatre heures d'exp\u00e9rience.<\/p>","protected":false},"excerpt":{"rendered":"<div data-track=\"overview\" data-v-83a2b402=\"\">\n<section id=\"activity-overview\" class=\"activity-overview\" data-component=\"overview\" data-v-83a2b402=\"\" data-v-f3236c42=\"\">\n<p class=\"activity-overview__content\" data-test-id=\"activity-overview-content\" data-v-f3236c42=\"\">Les \u00e9motions du buggy : Vivez l'exp\u00e9rience extr\u00eame du buggy, avec votre famille et vos amis \u00e0 Punta Cana, ressentez l'adr\u00e9naline d'un buggy \u00e0 travers la grotte de la plage de Macao.<\/p>\n<\/section>\n<\/div>\n<div data-track=\"key-details\" data-v-83a2b402=\"\"><\/div>","protected":false},"featured_media":10725,"template":"","meta":[],"product_brand":[],"product_cat":[97],"product_tag":[101,102],"class_list":{"0":"post-10828","1":"product","2":"type-product","3":"status-publish","4":"has-post-thumbnail","6":"product_cat-dominican-republic","7":"product_tag-excursion","8":"product_tag-tour","10":"first","11":"instock","12":"shipping-taxable","13":"product-type-external"},"_links":{"self":[{"href":"https:\/\/sabanadelamartours.com\/fr\/wp-json\/wp\/v2\/product\/10828","targetHints":{"allow":["GET"]}}],"collection":[{"href":"https:\/\/sabanadelamartours.com\/fr\/wp-json\/wp\/v2\/product"}],"about":[{"href":"https:\/\/sabanadelamartours.com\/fr\/wp-json\/wp\/v2\/types\/product"}],"version-history":[{"count":1,"href":"https:\/\/sabanadelamartours.com\/fr\/wp-json\/wp\/v2\/product\/10828\/revisions"}],"predecessor-version":[{"id":18431,"href":"https:\/\/sabanadelamartours.com\/fr\/wp-json\/wp\/v2\/product\/10828\/revisions\/18431"}],"wp:featuredmedia":[{"embeddable":true,"href":"https:\/\/sabanadelamartours.com\/fr\/wp-json\/wp\/v2\/media\/10725"}],"wp:attachment":[{"href":"https:\/\/sabanadelamartours.com\/fr\/wp-json\/wp\/v2\/media?parent=10828"}],"wp:term":[{"taxonomy":"product_brand","embeddable":true,"href":"https:\/\/sabanadelamartours.com\/fr\/wp-json\/wp\/v2\/product_brand?post=10828"},{"taxonomy":"product_cat","embeddable":true,"href":"https:\/\/sabanadelamartours.com\/fr\/wp-json\/wp\/v2\/product_cat?post=10828"},{"taxonomy":"product_tag","embeddable":true,"href":"https:\/\/sabanadelamartours.com\/fr\/wp-json\/wp\/v2\/product_tag?post=10828"}],"curies":[{"name":"wp","href":"https:\/\/api.w.org\/{rel}","templated":true}]}}