{"id":10912,"date":"2025-12-18T09:52:04","date_gmt":"2025-12-18T09:52:04","guid":{"rendered":"https:\/\/sabanadelamartours.com\/?post_type=product&#038;p=10912"},"modified":"2026-01-05T16:26:50","modified_gmt":"2026-01-05T16:26:50","slug":"-44","status":"publish","type":"product","link":"https:\/\/sabanadelamartours.com\/fr\/tournee\/-44\/","title":{"rendered":"Punta Cana : Excursion en bateau rapide et plong\u00e9e en apn\u00e9e avec prise en charge \u00e0 l'h\u00f4tel"},"content":{"rendered":"<p>Punta Cana : Excursion en bateau rapide et plong\u00e9e en apn\u00e9e avec prise en charge \u00e0 l'h\u00f4tel<\/p>\n<p>Experience the best of Punta Cana on a combined tour showing all the beauty and wonder of the Caribbean. Sail along the coast of B\u00e1varo-Punta Cana in a high-speed boat and immerse yourself in worlds below the surface with the Snorkel option.<\/p>\n<p>Experience the stunning natural landscapes of the Bavarian coral reef and have the opportunity to swim with the tropical marine life as you navigate the seabed. Experience the adrenaline rush of driving along the turquoise coast while enjoying the cool sea breeze on a beautiful sunny day.<\/p>\n<p>Snorkel off the Bavarian reef and along the ocean floor with instructions from your certified guide. Observe a variety of marine life and tropical fish in the Caribbean. Enjoy complimentary soft drinks and bottled water. Round-trip hotel transportation, instruction, and equipment are included.<\/p>","protected":false},"excerpt":{"rendered":"<div data-track=\"overview\" data-v-83a2b402=\"\">\n<section id=\"activity-overview\" class=\"activity-overview\" data-component=\"overview\" data-v-83a2b402=\"\" data-v-f3236c42=\"\">\n<p class=\"activity-overview__content\" data-test-id=\"activity-overview-content\" data-v-f3236c42=\"\">Experience the thrill of a speedboat ride along the coast of B\u00e1varo-Punta Cana. Dive into the crystal-clear waters of the Caribbean Sea and snorkel with fish.<\/p>\n<\/section>\n<\/div>\n<div data-track=\"key-details\" data-v-83a2b402=\"\"><\/div>","protected":false},"featured_media":11217,"template":"","meta":[],"product_brand":[],"product_cat":[97],"product_tag":[101,102],"class_list":{"0":"post-10912","1":"product","2":"type-product","3":"status-publish","4":"has-post-thumbnail","6":"product_cat-dominican-republic","7":"product_tag-excursion","8":"product_tag-tour","10":"first","11":"instock","12":"sale","13":"shipping-taxable","14":"product-type-external"},"_links":{"self":[{"href":"https:\/\/sabanadelamartours.com\/fr\/wp-json\/wp\/v2\/product\/10912","targetHints":{"allow":["GET"]}}],"collection":[{"href":"https:\/\/sabanadelamartours.com\/fr\/wp-json\/wp\/v2\/product"}],"about":[{"href":"https:\/\/sabanadelamartours.com\/fr\/wp-json\/wp\/v2\/types\/product"}],"version-history":[{"count":1,"href":"https:\/\/sabanadelamartours.com\/fr\/wp-json\/wp\/v2\/product\/10912\/revisions"}],"predecessor-version":[{"id":18458,"href":"https:\/\/sabanadelamartours.com\/fr\/wp-json\/wp\/v2\/product\/10912\/revisions\/18458"}],"wp:featuredmedia":[{"embeddable":true,"href":"https:\/\/sabanadelamartours.com\/fr\/wp-json\/wp\/v2\/media\/11217"}],"wp:attachment":[{"href":"https:\/\/sabanadelamartours.com\/fr\/wp-json\/wp\/v2\/media?parent=10912"}],"wp:term":[{"taxonomy":"product_brand","embeddable":true,"href":"https:\/\/sabanadelamartours.com\/fr\/wp-json\/wp\/v2\/product_brand?post=10912"},{"taxonomy":"product_cat","embeddable":true,"href":"https:\/\/sabanadelamartours.com\/fr\/wp-json\/wp\/v2\/product_cat?post=10912"},{"taxonomy":"product_tag","embeddable":true,"href":"https:\/\/sabanadelamartours.com\/fr\/wp-json\/wp\/v2\/product_tag?post=10912"}],"curies":[{"name":"wp","href":"https:\/\/api.w.org\/{rel}","templated":true}]}}