{"id":10982,"date":"2025-12-18T09:54:36","date_gmt":"2025-12-18T09:54:36","guid":{"rendered":"https:\/\/sabanadelamartours.com\/?post_type=product&#038;p=10982"},"modified":"2026-01-05T16:32:24","modified_gmt":"2026-01-05T16:32:24","slug":"3in1-los-haitises-n-park-waterfalls-montana-redonda","status":"publish","type":"product","link":"https:\/\/sabanadelamartours.com\/fr\/tournee\/3in1-los-haitises-n-park-waterfalls-montana-redonda\/","title":{"rendered":"3en1 : Parc national de Los Haitises + Cascades + Monta\u00f1a Redonda"},"content":{"rendered":"<p>3en1 : Parc national de Los Haitises + Cascades + Monta\u00f1a Redonda<\/p>\n<p>Les incroyables rochers d\u00e9passent de l'eau jusqu'\u00e0 30 m\u00e8tres de haut. Des centaines d'esp\u00e8ces d'oiseaux en voie de disparition survolent le vaste paysage du parc, ses grottes et ses mangroves majestueuses.<\/p>\n<p>Vous vous rendez \u00e0 Monta\u00f1a Redonda dans un Safari Truck jusqu'\u00e0 ce que vous atteigniez son sommet et profitiez de ses vues panoramiques majestueuses sur la c\u00f4te nord-est de l'\u00eele. Vous d\u00e9couvrirez la culture dominicaine et les plantations de cacao et de caf\u00e9. Vous vous baignerez dans la cascade Virgin Cano Hondo et ferez connaissance avec l'ambre bleu.<\/p>\n<p>Vous profiterez d'un exquis d\u00e9jeuner buffet \u00e0 volont\u00e9 et d'un open bar sans alcool dans le parc national. Ce sera une journ\u00e9e pleine d'exp\u00e9riences m\u00e9morables, c'est garanti !<\/p>\n<div id=\"descriptionTab\" class=\"content\" aria-labelledby=\"drawer_descriptionTab\">\n<div class=\"core-styles\">\n<p>D'une superficie de 1 600 km\u00b2, le parc national de Los Haitises est l'un des joyaux de la couronne du syst\u00e8me des parcs nationaux de la R\u00e9publique dominicaine. Los Haitises - qui se traduit par \u201cterre de collines\u201d en langue ta\u00efno - attire de nombreux visiteurs qui viennent en bateau pour voir sa magnifique s\u00e9rie de formations rocheuses de 30 m\u00e8tres de haut qui \u00e9mergent de l'eau.<\/p>\n<p>Le parc poss\u00e8de \u00e9galement de vastes mangroves le long de sa baie, qui est parsem\u00e9e de cayes abritant de nombreuses colonies d'oiseaux, ainsi qu'une s\u00e9rie de grottes connues pour abriter l'un des plus grands nombres de p\u00e9troglyphes et de pictogrammes du pays.<\/p>\n<p>Vous pourrez facilement apercevoir la buse de Ridgway, le pic d'Hispaniola, le pic d'Hispaniola et l'\u00e9meraude d'Hispaniola, tous deux en voie de disparition, ainsi que des p\u00e9licans, des fr\u00e9gates, des h\u00e9rons et bien d'autres oiseaux majestueux en vol dans le vaste paysage du parc. Los Haitises abrite \u00e9galement l'une des derni\u00e8res for\u00eats tropicales de la R\u00e9publique d\u00e9mocratique du Congo, qui a servi de lieu de tournage pour le long m\u00e9trage Jurassic Park. Explorez le parc en bateau depuis Saman\u00e1, partez en randonn\u00e9e dans la for\u00eat tropicale pour observer la flore de pr\u00e8s, ou faites du kayak le long de son syst\u00e8me de mangroves luxuriant.<\/p>\n<\/div>\n<\/div>\n<p>&nbsp;<\/p>","protected":false},"excerpt":{"rendered":"<div data-track=\"overview\" data-v-83a2b402=\"\">\n<section id=\"activity-overview\" class=\"activity-overview\" data-component=\"overview\" data-v-83a2b402=\"\" data-v-f3236c42=\"\">\n<p class=\"activity-overview__content\" data-test-id=\"activity-overview-content\" data-v-f3236c42=\"\">Vivez l'exp\u00e9rience unique d'une excursion d'une journ\u00e9e compl\u00e8te tout compris dans le parc national de Los Haitises, en parcourant ses for\u00eats tropicales qui ont servi de lieu de tournage \u00e0 Jurassic Park.<\/p>\n<\/section>\n<\/div>\n<div data-track=\"key-details\" data-v-83a2b402=\"\"><\/div>","protected":false},"featured_media":11251,"template":"","meta":[],"product_brand":[],"product_cat":[97,103],"product_tag":[101,102],"class_list":{"0":"post-10982","1":"product","2":"type-product","3":"status-publish","4":"has-post-thumbnail","6":"product_cat-dominican-republic","7":"product_cat-los-haitises","8":"product_tag-excursion","9":"product_tag-tour","11":"first","12":"instock","13":"sale","14":"shipping-taxable","15":"product-type-external"},"_links":{"self":[{"href":"https:\/\/sabanadelamartours.com\/fr\/wp-json\/wp\/v2\/product\/10982","targetHints":{"allow":["GET"]}}],"collection":[{"href":"https:\/\/sabanadelamartours.com\/fr\/wp-json\/wp\/v2\/product"}],"about":[{"href":"https:\/\/sabanadelamartours.com\/fr\/wp-json\/wp\/v2\/types\/product"}],"version-history":[{"count":1,"href":"https:\/\/sabanadelamartours.com\/fr\/wp-json\/wp\/v2\/product\/10982\/revisions"}],"predecessor-version":[{"id":18460,"href":"https:\/\/sabanadelamartours.com\/fr\/wp-json\/wp\/v2\/product\/10982\/revisions\/18460"}],"wp:featuredmedia":[{"embeddable":true,"href":"https:\/\/sabanadelamartours.com\/fr\/wp-json\/wp\/v2\/media\/11251"}],"wp:attachment":[{"href":"https:\/\/sabanadelamartours.com\/fr\/wp-json\/wp\/v2\/media?parent=10982"}],"wp:term":[{"taxonomy":"product_brand","embeddable":true,"href":"https:\/\/sabanadelamartours.com\/fr\/wp-json\/wp\/v2\/product_brand?post=10982"},{"taxonomy":"product_cat","embeddable":true,"href":"https:\/\/sabanadelamartours.com\/fr\/wp-json\/wp\/v2\/product_cat?post=10982"},{"taxonomy":"product_tag","embeddable":true,"href":"https:\/\/sabanadelamartours.com\/fr\/wp-json\/wp\/v2\/product_tag?post=10982"}],"curies":[{"name":"wp","href":"https:\/\/api.w.org\/{rel}","templated":true}]}}