{"id":11021,"date":"2025-12-18T09:56:28","date_gmt":"2025-12-18T09:56:28","guid":{"rendered":"https:\/\/sabanadelamartours.com\/?post_type=product&#038;p=11021"},"modified":"2026-02-09T05:10:45","modified_gmt":"2026-02-09T05:10:45","slug":"cayo-levantado-waterfal-whale-watch","status":"publish","type":"product","link":"https:\/\/sabanadelamartours.com\/fr\/tournee\/cayo-levantado-waterfal-whale-watch\/","title":{"rendered":"Saman\u00e1 Cayo Levantado Isla Bacard\u00ed y Waterfal + Observation des baleines"},"content":{"rendered":"<p>Saman\u00e1 Cayo Levantado Isla Bacard\u00ed y Waterfal + Observation des baleines<\/p>\n<p>D\u00e9couvrez la magie de Saman\u00e1, une p\u00e9ninsule luxuriante situ\u00e9e sur la c\u00f4te nord-est de la R\u00e9publique dominicaine, r\u00e9put\u00e9e pour sa beaut\u00e9 naturelle et d\u00e9sign\u00e9e comme l'une des plus belles baies du monde par l'UNESCO. Cette destination, \u00e9galement reconnue comme un paradis mondial de l'\u00e9cotourisme, accueille l'\u00e9poustouflante migration des baleines \u00e0 bosse, observable de janvier \u00e0 d\u00e9but avril, lorsque plus de 3 500 de ces majestueuses cr\u00e9atures visitent ses eaux chaudes.<\/p>\n<p>L'aventure commence par une promenade pittoresque en bateau de Sabana de la Mar \u00e0 la baie de Saman\u00e1. \u00c0 l'arriv\u00e9e, vous embarquerez pour une passionnante promenade \u00e0 cheval jusqu'\u00e0 la majestueuse chute d'eau de Lim\u00f3n. D'une hauteur de 50 m\u00e8tres, cette cascade comprend une piscine naturelle entour\u00e9e d'une for\u00eat tropicale luxuriante, id\u00e9ale pour une baignade rafra\u00eechissante.<\/p>\n<p>Ensuite, vous monterez \u00e0 bord d'un camion safari pour une visite de la ville historique de Saman\u00e1, d\u00e9couverte par Christophe Colomb en 1493. Au cours de la visite, vous d\u00e9couvrirez sa riche histoire et la premi\u00e8re rencontre entre les Europ\u00e9ens et les indig\u00e8nes.<\/p>\n<p>Apr\u00e8s la visite de la ville, vous d\u00e9gusterez un buffet dominicain dans un restaurant de campagne, compos\u00e9 d'une vari\u00e9t\u00e9 de plats locaux et de fruits tropicaux frais. Vous vous rendrez ensuite \u00e0 Cayo Levantado, \u00e9galement connue sous le nom d\u201c\u201d\u00eele Bacardi\", o\u00f9 vous aurez du temps libre pour vous d\u00e9tendre sur ses plages de sable blanc et ses eaux turquoise.<\/p>\n<p>Enfin, vous retournerez sur le continent et serez transf\u00e9r\u00e9 \u00e0 votre h\u00e9bergement, emportant avec vous des souvenirs inoubliables d'une journ\u00e9e remplie de nature, d'histoire et de d\u00e9tente dans l'un des plus beaux coins des Cara\u00efbes.<\/p>","protected":false},"excerpt":{"rendered":"<div data-track=\"overview\" data-v-83a2b402=\"\">\n<section id=\"activity-overview\" class=\"activity-overview\" data-component=\"overview\" data-v-83a2b402=\"\" data-v-f3236c42=\"\">\n<p class=\"activity-overview__content\" data-test-id=\"activity-overview-content\" data-v-f3236c42=\"\">Ne manquez pas la chance d'observer les majestueuses baleines \u00e0 bosse de janvier \u00e0 d\u00e9but avril, ce qui ajoutera une touche d'\u00e9merveillement \u00e0 votre escapade dans les Cara\u00efbes.<\/p>\n<\/section>\n<\/div>\n<div data-track=\"key-details\" data-v-83a2b402=\"\"><\/div>","protected":false},"featured_media":11277,"template":"","meta":[],"product_brand":[],"product_cat":[97],"product_tag":[101,102],"class_list":{"0":"post-11021","1":"product","2":"type-product","3":"status-publish","4":"has-post-thumbnail","6":"product_cat-dominican-republic","7":"product_tag-excursion","8":"product_tag-tour","10":"first","11":"instock","12":"sale","13":"shipping-taxable","14":"product-type-external"},"_links":{"self":[{"href":"https:\/\/sabanadelamartours.com\/fr\/wp-json\/wp\/v2\/product\/11021","targetHints":{"allow":["GET"]}}],"collection":[{"href":"https:\/\/sabanadelamartours.com\/fr\/wp-json\/wp\/v2\/product"}],"about":[{"href":"https:\/\/sabanadelamartours.com\/fr\/wp-json\/wp\/v2\/types\/product"}],"version-history":[{"count":1,"href":"https:\/\/sabanadelamartours.com\/fr\/wp-json\/wp\/v2\/product\/11021\/revisions"}],"predecessor-version":[{"id":18853,"href":"https:\/\/sabanadelamartours.com\/fr\/wp-json\/wp\/v2\/product\/11021\/revisions\/18853"}],"wp:featuredmedia":[{"embeddable":true,"href":"https:\/\/sabanadelamartours.com\/fr\/wp-json\/wp\/v2\/media\/11277"}],"wp:attachment":[{"href":"https:\/\/sabanadelamartours.com\/fr\/wp-json\/wp\/v2\/media?parent=11021"}],"wp:term":[{"taxonomy":"product_brand","embeddable":true,"href":"https:\/\/sabanadelamartours.com\/fr\/wp-json\/wp\/v2\/product_brand?post=11021"},{"taxonomy":"product_cat","embeddable":true,"href":"https:\/\/sabanadelamartours.com\/fr\/wp-json\/wp\/v2\/product_cat?post=11021"},{"taxonomy":"product_tag","embeddable":true,"href":"https:\/\/sabanadelamartours.com\/fr\/wp-json\/wp\/v2\/product_tag?post=11021"}],"curies":[{"name":"wp","href":"https:\/\/api.w.org\/{rel}","templated":true}]}}