{"id":11039,"date":"2025-12-18T09:57:03","date_gmt":"2025-12-18T09:57:03","guid":{"rendered":"https:\/\/sabanadelamartours.com\/?post_type=product&#038;p=11039"},"modified":"2026-01-05T16:39:12","modified_gmt":"2026-01-05T16:39:12","slug":"tour-en-atv-4-roues-amber-cove-taino-bay","status":"publish","type":"product","link":"https:\/\/sabanadelamartours.com\/fr\/tournee\/tour-en-atv-4-roues-amber-cove-taino-bay\/","title":{"rendered":"Excursion en VTT \u00e0 4 roues \u00e0 Amber Cove et Taino Bay \u00e0 Puerto Plata"},"content":{"rendered":"<p>Excursion en VTT \u00e0 4 roues \u00e0 Amber Cove et Taino Bay \u00e0 Puerto Plata<\/p>\n<p>Passer par : Amber Cove Cruise Park Cruise Terminal, Puerto Plata 57000 R\u00e9publique dominicaine<\/p>\n<p>L'excursion \u00e0 Amber Cove comprend la prise en charge au port et le retour, l'arr\u00eat cigares, la plage, des guides exp\u00e9riment\u00e9s, le casque et la d\u00e9gustation sur le chemin du retour au port. Profitez de la vue panoramique spectaculaire, des plages et des saveurs locales.<\/p>\n<p>S'arr\u00eater \u00e0 : Maimon, Maimon, Province de Puerto Plata, R\u00e9publique dominicaine<\/p>\n<p>A seulement 15 minutes du magnifique port de la campagne dominicaine en longeant l'oc\u00e9an Atlantique o\u00f9 vous pourrez prendre des photos. Arr\u00eatez-vous pour une authentique petite roulerie de cigares o\u00f9 vous pourrez en apprendre davantage sur les cigares, d\u00e9guster du caf\u00e9 bio local et m\u00eame go\u00fbter \u00e0 la mamajuana.<\/p>","protected":false},"excerpt":{"rendered":"<div data-track=\"overview\" data-v-83a2b402=\"\">\n<section id=\"activity-overview\" class=\"activity-overview\" data-component=\"overview\" data-v-83a2b402=\"\" data-v-f3236c42=\"\">\n<p class=\"activity-overview__content\" data-test-id=\"activity-overview-content\" data-v-f3236c42=\"\">Explorez les plages et la campagne de Puerto Plate en VTT. Les guides vous emm\u00e8neront dans de petites fermes o\u00f9 vous pourrez apprendre \u00e0 rouler des cigares et go\u00fbter au caf\u00e9 biologique local, au chocolat chaud et au rhum.<\/p>\n<\/section>\n<\/div>\n<div data-track=\"key-details\" data-v-83a2b402=\"\"><\/div>","protected":false},"featured_media":11297,"template":"","meta":[],"product_brand":[],"product_cat":[97],"product_tag":[101,102],"class_list":{"0":"post-11039","1":"product","2":"type-product","3":"status-publish","4":"has-post-thumbnail","6":"product_cat-dominican-republic","7":"product_tag-excursion","8":"product_tag-tour","10":"first","11":"instock","12":"sale","13":"shipping-taxable","14":"product-type-external"},"_links":{"self":[{"href":"https:\/\/sabanadelamartours.com\/fr\/wp-json\/wp\/v2\/product\/11039","targetHints":{"allow":["GET"]}}],"collection":[{"href":"https:\/\/sabanadelamartours.com\/fr\/wp-json\/wp\/v2\/product"}],"about":[{"href":"https:\/\/sabanadelamartours.com\/fr\/wp-json\/wp\/v2\/types\/product"}],"version-history":[{"count":1,"href":"https:\/\/sabanadelamartours.com\/fr\/wp-json\/wp\/v2\/product\/11039\/revisions"}],"predecessor-version":[{"id":18462,"href":"https:\/\/sabanadelamartours.com\/fr\/wp-json\/wp\/v2\/product\/11039\/revisions\/18462"}],"wp:featuredmedia":[{"embeddable":true,"href":"https:\/\/sabanadelamartours.com\/fr\/wp-json\/wp\/v2\/media\/11297"}],"wp:attachment":[{"href":"https:\/\/sabanadelamartours.com\/fr\/wp-json\/wp\/v2\/media?parent=11039"}],"wp:term":[{"taxonomy":"product_brand","embeddable":true,"href":"https:\/\/sabanadelamartours.com\/fr\/wp-json\/wp\/v2\/product_brand?post=11039"},{"taxonomy":"product_cat","embeddable":true,"href":"https:\/\/sabanadelamartours.com\/fr\/wp-json\/wp\/v2\/product_cat?post=11039"},{"taxonomy":"product_tag","embeddable":true,"href":"https:\/\/sabanadelamartours.com\/fr\/wp-json\/wp\/v2\/product_tag?post=11039"}],"curies":[{"name":"wp","href":"https:\/\/api.w.org\/{rel}","templated":true}]}}