{"id":11110,"date":"2025-12-18T09:59:33","date_gmt":"2025-12-18T09:59:33","guid":{"rendered":"https:\/\/sabanadelamartours.com\/?post_type=product&#038;p=11110"},"modified":"2026-02-14T07:12:06","modified_gmt":"2026-02-14T07:12:06","slug":"-49","status":"publish","type":"product","link":"https:\/\/sabanadelamartours.com\/fr\/tournee\/-49\/","title":{"rendered":"Saint-Domingue : Samana, cascade d'El Limon et Cayo Levantado"},"content":{"rendered":"<p>Saman\u00e1 se pr\u00e9sente comme un \u00e9den pour ceux qui appr\u00e9cient la nature et recherchent des sensations fortes dans l'aventure. Vous y trouverez de majestueuses montagnes verdoyantes, de belles plages, ainsi que de charmantes villes pittoresques qui vous permettront de vous immerger dans l'authenticit\u00e9 locale, en explorant le riche mode de vie traditionnel et la culture dominicaine.<\/p>\n<p>Cette exp\u00e9rience \u00e0 Saman\u00e1 est une journ\u00e9e enti\u00e8re consacr\u00e9e \u00e0 la d\u00e9couverte d'une autre des destinations \u00e9tonnantes que la R\u00e9publique dominicaine a en r\u00e9serve pour ses visiteurs.<\/p>\n<p>Nous visiterons le Salto del Lim\u00f3n o\u00f9 nous ferons une promenade sereine, \u00e0 dos de mule ou de cheval, \u00e0 travers une for\u00eat tropicale humide et luxuriante. Au cours de ce voyage, nous aurons l'occasion de nous immerger dans le paysage rural luxuriant, entour\u00e9 d'une v\u00e9g\u00e9tation dense de cultures tropicales.<\/p>\n<p>La cascade de Lim\u00f3n est compos\u00e9e de trois chutes \u00e0 travers lesquelles l'eau glisse le long d'un mur solide de couleur verd\u00e2tre, r\u00e9sultat de la pr\u00e9sence de nombreuses foug\u00e8res et du taux d'humidit\u00e9 \u00e9lev\u00e9 caract\u00e9ristique de la r\u00e9gion. La cascade culmine dans une piscine naturelle aliment\u00e9e par des eaux fra\u00eeches et cristallines, offrant aux visiteurs la possibilit\u00e9 de profiter d'un bain totalement relaxant.<\/p>\n<div class=\"toggle-content__content toggle-content__content--expanded toggle-content__content--packable\" data-v-59485d64=\"\">\n<div data-test-id=\"activity-full-description-text\" data-v-5835c99c=\"\">Apr\u00e8s avoir pass\u00e9 environ 40 minutes \u00e0 la cascade, nous retournons au Ranch et nous dirigeons vers le restaurant pour savourer un authentique d\u00e9jeuner dominicain typique. Une fois le repas termin\u00e9, nous nous dirigeons vers Cayo Levantado ou l'\u00eele de Bacardi, o\u00f9 nous pouvons profiter de son sable blanc et de ses eaux cristallines, ou simplement nous d\u00e9tendre \u00e0 l'ombre de ses cocotiers. En outre, vous aurez l'occasion d'acheter des souvenirs de l'artisanat local en guise de t\u00e9moignage de votre visite. Apr\u00e8s 1 heure et 30 minutes, nous nous sommes dirig\u00e9s vers Las Ca\u00f1itas pour poursuivre notre exploration.<\/div>\n<\/div>\n<div class=\"toggle-content__label-placeholder\" data-v-59485d64=\"\"><\/div>","protected":false},"excerpt":{"rendered":"<div data-track=\"overview\" data-v-83a2b402=\"\">\n<section id=\"activity-overview\" class=\"activity-overview\" data-component=\"overview\" data-v-83a2b402=\"\" data-v-f3236c42=\"\">\n<p class=\"activity-overview__content\" data-test-id=\"activity-overview-content\" data-v-f3236c42=\"\">D\u00e9couvrez Saman\u00e1, embarquez pour une randonn\u00e9e \u00e0 cheval jusqu'\u00e0 l'impressionnante cascade d'El Lim\u00f3n, d\u00e9tendez-vous sous le soleil et dans les eaux de Cayo Levantado.<\/p>\n<\/section>\n<\/div>\n<div data-track=\"key-details\" data-v-83a2b402=\"\"><\/div>","protected":false},"featured_media":11328,"template":"","meta":[],"product_brand":[],"product_cat":[97],"product_tag":[101,102],"class_list":{"0":"post-11110","1":"product","2":"type-product","3":"status-publish","4":"has-post-thumbnail","6":"product_cat-dominican-republic","7":"product_tag-excursion","8":"product_tag-tour","10":"first","11":"instock","12":"shipping-taxable","13":"product-type-external"},"_links":{"self":[{"href":"https:\/\/sabanadelamartours.com\/fr\/wp-json\/wp\/v2\/product\/11110","targetHints":{"allow":["GET"]}}],"collection":[{"href":"https:\/\/sabanadelamartours.com\/fr\/wp-json\/wp\/v2\/product"}],"about":[{"href":"https:\/\/sabanadelamartours.com\/fr\/wp-json\/wp\/v2\/types\/product"}],"version-history":[{"count":2,"href":"https:\/\/sabanadelamartours.com\/fr\/wp-json\/wp\/v2\/product\/11110\/revisions"}],"predecessor-version":[{"id":18854,"href":"https:\/\/sabanadelamartours.com\/fr\/wp-json\/wp\/v2\/product\/11110\/revisions\/18854"}],"wp:featuredmedia":[{"embeddable":true,"href":"https:\/\/sabanadelamartours.com\/fr\/wp-json\/wp\/v2\/media\/11328"}],"wp:attachment":[{"href":"https:\/\/sabanadelamartours.com\/fr\/wp-json\/wp\/v2\/media?parent=11110"}],"wp:term":[{"taxonomy":"product_brand","embeddable":true,"href":"https:\/\/sabanadelamartours.com\/fr\/wp-json\/wp\/v2\/product_brand?post=11110"},{"taxonomy":"product_cat","embeddable":true,"href":"https:\/\/sabanadelamartours.com\/fr\/wp-json\/wp\/v2\/product_cat?post=11110"},{"taxonomy":"product_tag","embeddable":true,"href":"https:\/\/sabanadelamartours.com\/fr\/wp-json\/wp\/v2\/product_tag?post=11110"}],"curies":[{"name":"wp","href":"https:\/\/api.w.org\/{rel}","templated":true}]}}